{"id":113,"date":"2015-02-05T13:09:24","date_gmt":"2015-02-05T12:09:24","guid":{"rendered":"http:\/\/new.rosyskidscorner.de\/?page_id=113"},"modified":"2015-02-05T19:37:37","modified_gmt":"2015-02-05T18:37:37","slug":"presse-benefizspiel-2002","status":"publish","type":"page","link":"https:\/\/www.rosyskidscorner.de\/?page_id=113","title":{"rendered":"Presse: Benefizspiel 01.12.2002"},"content":{"rendered":"<p><a href=\"https:\/\/www.rosyskidscorner.de\/wp-content\/uploads\/2015\/02\/presse_benefizspiel2002_scheck1.jpg\"><img loading=\"lazy\" decoding=\"async\" class=\"alignnone size-medium wp-image-114\" src=\"https:\/\/www.rosyskidscorner.de\/wp-content\/uploads\/2015\/02\/presse_benefizspiel2002_scheck1-300x262.jpg\" alt=\"presse_benefizspiel2002_scheck1\" width=\"300\" height=\"262\" srcset=\"https:\/\/www.rosyskidscorner.de\/wp-content\/uploads\/2015\/02\/presse_benefizspiel2002_scheck1-300x262.jpg 300w, https:\/\/www.rosyskidscorner.de\/wp-content\/uploads\/2015\/02\/presse_benefizspiel2002_scheck1.jpg 350w\" sizes=\"auto, (max-width: 300px) 100vw, 300px\" \/><\/a> <a href=\"https:\/\/www.rosyskidscorner.de\/wp-content\/uploads\/2015\/02\/presse_benefizspiel2002_scheck2.jpg\"><img loading=\"lazy\" decoding=\"async\" class=\"alignnone size-medium wp-image-115\" src=\"https:\/\/www.rosyskidscorner.de\/wp-content\/uploads\/2015\/02\/presse_benefizspiel2002_scheck2-300x218.jpg\" alt=\"presse_benefizspiel2002_scheck2\" width=\"300\" height=\"218\" srcset=\"https:\/\/www.rosyskidscorner.de\/wp-content\/uploads\/2015\/02\/presse_benefizspiel2002_scheck2-300x218.jpg 300w, https:\/\/www.rosyskidscorner.de\/wp-content\/uploads\/2015\/02\/presse_benefizspiel2002_scheck2.jpg 422w\" sizes=\"auto, (max-width: 300px) 100vw, 300px\" \/><\/a><\/p>\n<p>Es sind 40.000 Euro, welche die Adler-Gesellschaft Daniel Hopp, assistiert von Heinz Weisenbach, an Herrn Martin Stachniss von der Deutschen Leuk\u00e4mie-Forschungs-Hilfe -Aktion f\u00fcr krebskranke Kinder- Ortsverband Mannheim e.V. \u00fcbergibt. Das Geld kommt in vollem Umfang den Kindern zugute, Rosys Kids, f\u00fcr die der Torwart Mike Rosati sich immer wieder einsetzt. Der strahlt dann auch mit den Kleinen um die Wette.<\/p>\n<h6>Fotos vom Prominentenspiel<\/h6>\n<p><a href=\"https:\/\/www.rosyskidscorner.de\/wp-content\/uploads\/2015\/02\/presse_benefizspiel2002_promi1.jpg\"><img loading=\"lazy\" decoding=\"async\" class=\"alignnone size-medium wp-image-116\" src=\"https:\/\/www.rosyskidscorner.de\/wp-content\/uploads\/2015\/02\/presse_benefizspiel2002_promi1-300x199.jpg\" alt=\"presse_benefizspiel2002_promi1\" width=\"300\" height=\"199\" srcset=\"https:\/\/www.rosyskidscorner.de\/wp-content\/uploads\/2015\/02\/presse_benefizspiel2002_promi1-300x199.jpg 300w, https:\/\/www.rosyskidscorner.de\/wp-content\/uploads\/2015\/02\/presse_benefizspiel2002_promi1.jpg 400w\" sizes=\"auto, (max-width: 300px) 100vw, 300px\" \/><\/a> <a href=\"https:\/\/www.rosyskidscorner.de\/wp-content\/uploads\/2015\/02\/presse_benefizspiel2002_promi2.jpg\"><img loading=\"lazy\" decoding=\"async\" class=\"alignnone size-medium wp-image-117\" src=\"https:\/\/www.rosyskidscorner.de\/wp-content\/uploads\/2015\/02\/presse_benefizspiel2002_promi2-300x242.jpg\" alt=\"presse_benefizspiel2002_promi2\" width=\"300\" height=\"242\" srcset=\"https:\/\/www.rosyskidscorner.de\/wp-content\/uploads\/2015\/02\/presse_benefizspiel2002_promi2-300x242.jpg 300w, https:\/\/www.rosyskidscorner.de\/wp-content\/uploads\/2015\/02\/presse_benefizspiel2002_promi2.jpg 400w\" sizes=\"auto, (max-width: 300px) 100vw, 300px\" \/><\/a> <a href=\"https:\/\/www.rosyskidscorner.de\/wp-content\/uploads\/2015\/02\/presse_benefizspiel2002_promi3.jpg\"><img loading=\"lazy\" decoding=\"async\" class=\"alignnone size-medium wp-image-118\" src=\"https:\/\/www.rosyskidscorner.de\/wp-content\/uploads\/2015\/02\/presse_benefizspiel2002_promi3-300x209.jpg\" alt=\"presse_benefizspiel2002_promi3\" width=\"300\" height=\"209\" srcset=\"https:\/\/www.rosyskidscorner.de\/wp-content\/uploads\/2015\/02\/presse_benefizspiel2002_promi3-300x209.jpg 300w, https:\/\/www.rosyskidscorner.de\/wp-content\/uploads\/2015\/02\/presse_benefizspiel2002_promi3.jpg 400w\" sizes=\"auto, (max-width: 300px) 100vw, 300px\" \/><\/a> <a href=\"https:\/\/www.rosyskidscorner.de\/wp-content\/uploads\/2015\/02\/presse_benefizspiel2002_promi4.jpg\"><img loading=\"lazy\" decoding=\"async\" class=\"alignnone size-medium wp-image-119\" src=\"https:\/\/www.rosyskidscorner.de\/wp-content\/uploads\/2015\/02\/presse_benefizspiel2002_promi4-300x215.jpg\" alt=\"presse_benefizspiel2002_promi4\" width=\"300\" height=\"215\" srcset=\"https:\/\/www.rosyskidscorner.de\/wp-content\/uploads\/2015\/02\/presse_benefizspiel2002_promi4-300x215.jpg 300w, https:\/\/www.rosyskidscorner.de\/wp-content\/uploads\/2015\/02\/presse_benefizspiel2002_promi4.jpg 400w\" sizes=\"auto, (max-width: 300px) 100vw, 300px\" \/><\/a> <a href=\"https:\/\/www.rosyskidscorner.de\/wp-content\/uploads\/2015\/02\/presse_benefizspiel2002_promi5.jpg\"><img loading=\"lazy\" decoding=\"async\" class=\"alignnone size-medium wp-image-120\" src=\"https:\/\/www.rosyskidscorner.de\/wp-content\/uploads\/2015\/02\/presse_benefizspiel2002_promi5-300x206.jpg\" alt=\"presse_benefizspiel2002_promi5\" width=\"300\" height=\"206\" srcset=\"https:\/\/www.rosyskidscorner.de\/wp-content\/uploads\/2015\/02\/presse_benefizspiel2002_promi5-300x206.jpg 300w, https:\/\/www.rosyskidscorner.de\/wp-content\/uploads\/2015\/02\/presse_benefizspiel2002_promi5.jpg 400w\" sizes=\"auto, (max-width: 300px) 100vw, 300px\" \/><\/a> <a href=\"https:\/\/www.rosyskidscorner.de\/wp-content\/uploads\/2015\/02\/presse_benefizspiel2002_promi6.jpg\"><img loading=\"lazy\" decoding=\"async\" class=\"alignnone size-medium wp-image-121\" src=\"https:\/\/www.rosyskidscorner.de\/wp-content\/uploads\/2015\/02\/presse_benefizspiel2002_promi6-300x211.jpg\" alt=\"presse_benefizspiel2002_promi6\" width=\"300\" height=\"211\" srcset=\"https:\/\/www.rosyskidscorner.de\/wp-content\/uploads\/2015\/02\/presse_benefizspiel2002_promi6-300x211.jpg 300w, https:\/\/www.rosyskidscorner.de\/wp-content\/uploads\/2015\/02\/presse_benefizspiel2002_promi6.jpg 400w\" sizes=\"auto, (max-width: 300px) 100vw, 300px\" \/><\/a> <a href=\"https:\/\/www.rosyskidscorner.de\/wp-content\/uploads\/2015\/02\/presse_benefizspiel2002_promi7.jpg\"><img loading=\"lazy\" decoding=\"async\" class=\"alignnone size-medium wp-image-122\" src=\"https:\/\/www.rosyskidscorner.de\/wp-content\/uploads\/2015\/02\/presse_benefizspiel2002_promi7-300x187.jpg\" alt=\"presse_benefizspiel2002_promi7\" width=\"300\" height=\"187\" srcset=\"https:\/\/www.rosyskidscorner.de\/wp-content\/uploads\/2015\/02\/presse_benefizspiel2002_promi7-300x187.jpg 300w, https:\/\/www.rosyskidscorner.de\/wp-content\/uploads\/2015\/02\/presse_benefizspiel2002_promi7.jpg 400w\" sizes=\"auto, (max-width: 300px) 100vw, 300px\" \/><\/a> <a href=\"https:\/\/www.rosyskidscorner.de\/wp-content\/uploads\/2015\/02\/presse_benefizspiel2002_promi8.jpg\"><img loading=\"lazy\" decoding=\"async\" class=\"alignnone size-medium wp-image-123\" src=\"https:\/\/www.rosyskidscorner.de\/wp-content\/uploads\/2015\/02\/presse_benefizspiel2002_promi8-300x194.jpg\" alt=\"presse_benefizspiel2002_promi8\" width=\"300\" height=\"194\" srcset=\"https:\/\/www.rosyskidscorner.de\/wp-content\/uploads\/2015\/02\/presse_benefizspiel2002_promi8-300x194.jpg 300w, https:\/\/www.rosyskidscorner.de\/wp-content\/uploads\/2015\/02\/presse_benefizspiel2002_promi8.jpg 400w\" sizes=\"auto, (max-width: 300px) 100vw, 300px\" \/><\/a> <a href=\"https:\/\/www.rosyskidscorner.de\/wp-content\/uploads\/2015\/02\/presse_benefizspiel2002_promi9.jpg\"><img loading=\"lazy\" decoding=\"async\" class=\"alignnone size-medium wp-image-124\" src=\"https:\/\/www.rosyskidscorner.de\/wp-content\/uploads\/2015\/02\/presse_benefizspiel2002_promi9-300x203.jpg\" alt=\"presse_benefizspiel2002_promi9\" width=\"300\" height=\"203\" srcset=\"https:\/\/www.rosyskidscorner.de\/wp-content\/uploads\/2015\/02\/presse_benefizspiel2002_promi9-300x203.jpg 300w, https:\/\/www.rosyskidscorner.de\/wp-content\/uploads\/2015\/02\/presse_benefizspiel2002_promi9.jpg 400w\" sizes=\"auto, (max-width: 300px) 100vw, 300px\" \/><\/a> <a href=\"https:\/\/www.rosyskidscorner.de\/wp-content\/uploads\/2015\/02\/presse_benefizspiel2002_promi10.jpg\"><img loading=\"lazy\" decoding=\"async\" class=\"alignnone size-medium wp-image-125\" src=\"https:\/\/www.rosyskidscorner.de\/wp-content\/uploads\/2015\/02\/presse_benefizspiel2002_promi10-300x221.jpg\" alt=\"presse_benefizspiel2002_promi10\" width=\"300\" height=\"221\" srcset=\"https:\/\/www.rosyskidscorner.de\/wp-content\/uploads\/2015\/02\/presse_benefizspiel2002_promi10-300x221.jpg 300w, https:\/\/www.rosyskidscorner.de\/wp-content\/uploads\/2015\/02\/presse_benefizspiel2002_promi10.jpg 400w\" sizes=\"auto, (max-width: 300px) 100vw, 300px\" \/><\/a><\/p>\n","protected":false},"excerpt":{"rendered":"<p>Es sind 40.000 Euro, welche die Adler-Gesellschaft Daniel Hopp, assistiert von Heinz Weisenbach, an Herrn Martin Stachniss von der Deutschen Leuk\u00e4mie-Forschungs-Hilfe -Aktion f\u00fcr krebskranke Kinder- Ortsverband Mannheim e.V. \u00fcbergibt. Das Geld kommt in vollem Umfang den Kindern zugute, Rosys Kids, f\u00fcr die der Torwart Mike Rosati sich immer wieder einsetzt. Der strahlt dann auch mit &hellip; <a href=\"https:\/\/www.rosyskidscorner.de\/?page_id=113\" class=\"more-link\">Continue reading <span class=\"screen-reader-text\">Presse: Benefizspiel 01.12.2002<\/span> <span class=\"meta-nav\">&rarr;<\/span><\/a><\/p>\n","protected":false},"author":1,"featured_media":0,"parent":0,"menu_order":0,"comment_status":"closed","ping_status":"closed","template":"","meta":{"footnotes":""},"class_list":["post-113","page","type-page","status-publish","hentry"],"_links":{"self":[{"href":"https:\/\/www.rosyskidscorner.de\/index.php?rest_route=\/wp\/v2\/pages\/113","targetHints":{"allow":["GET"]}}],"collection":[{"href":"https:\/\/www.rosyskidscorner.de\/index.php?rest_route=\/wp\/v2\/pages"}],"about":[{"href":"https:\/\/www.rosyskidscorner.de\/index.php?rest_route=\/wp\/v2\/types\/page"}],"author":[{"embeddable":true,"href":"https:\/\/www.rosyskidscorner.de\/index.php?rest_route=\/wp\/v2\/users\/1"}],"replies":[{"embeddable":true,"href":"https:\/\/www.rosyskidscorner.de\/index.php?rest_route=%2Fwp%2Fv2%2Fcomments&post=113"}],"version-history":[{"count":3,"href":"https:\/\/www.rosyskidscorner.de\/index.php?rest_route=\/wp\/v2\/pages\/113\/revisions"}],"predecessor-version":[{"id":1919,"href":"https:\/\/www.rosyskidscorner.de\/index.php?rest_route=\/wp\/v2\/pages\/113\/revisions\/1919"}],"wp:attachment":[{"href":"https:\/\/www.rosyskidscorner.de\/index.php?rest_route=%2Fwp%2Fv2%2Fmedia&parent=113"}],"curies":[{"name":"wp","href":"https:\/\/api.w.org\/{rel}","templated":true}]}}