{"id":12277,"date":"2025-02-10T19:25:51","date_gmt":"2025-02-10T18:25:51","guid":{"rendered":"https:\/\/www.rosyskidscorner.de\/?page_id=12277"},"modified":"2025-02-10T19:38:27","modified_gmt":"2025-02-10T18:38:27","slug":"aktuell-10-02-2025-rosys-kids-corner-erhalt-e-33-000-durch-adler-helfen-menschen-e-v","status":"publish","type":"page","link":"https:\/\/www.rosyskidscorner.de\/?page_id=12277","title":{"rendered":"AKTUELL: 10.02.2025 \u2013 Rosys Kids Corner erh\u00e4lt \u20ac 33.000,- durch \u201eAdler helfen Menschen e.V.\u201c"},"content":{"rendered":"<div class=\"wp-block-media-text__content\">\n<h6>Wir sind Herrn Binder und seinem Team des Vereins \u201eAdler helfen Menschen e.V.\u201c, sowie den Adlern Mannheim, sehr dankbar, dass sie uns mit einer Gro\u00dfspende in H\u00f6he von <strong>\u20ac 33.000,00<\/strong> unterst\u00fctzt haben.<\/h6>\n<h6>Wir m\u00f6chten uns bei der Fanini, bei dem AFCA, bei dem F\u00f6rderkreis Nonames Mannheim e.V., sowie bei dem Adler-Fanbeautragten Patrick L\u00f6ffel ganz herzlich bedanken. Sie alle haben beim Verkauf der leuchtenden Herzen am 22.12.2024 tatkr\u00e4ftig mitgeholfen.<\/h6>\n<p><a href=\"https:\/\/www.rosyskidscorner.de\/wp-content\/uploads\/2025\/02\/aktuell_20250210_dankeschoen-spende-rkc-spiel-der-leuchtenden-herzen.jpg\"><img loading=\"lazy\" decoding=\"async\" class=\"alignnone wp-image-12278 size-large\" src=\"https:\/\/www.rosyskidscorner.de\/wp-content\/uploads\/2025\/02\/aktuell_20250210_dankeschoen-spende-rkc-spiel-der-leuchtenden-herzen-1024x728.jpg\" alt=\"\" width=\"604\" height=\"429\" srcset=\"https:\/\/www.rosyskidscorner.de\/wp-content\/uploads\/2025\/02\/aktuell_20250210_dankeschoen-spende-rkc-spiel-der-leuchtenden-herzen-1024x728.jpg 1024w, https:\/\/www.rosyskidscorner.de\/wp-content\/uploads\/2025\/02\/aktuell_20250210_dankeschoen-spende-rkc-spiel-der-leuchtenden-herzen-300x213.jpg 300w, https:\/\/www.rosyskidscorner.de\/wp-content\/uploads\/2025\/02\/aktuell_20250210_dankeschoen-spende-rkc-spiel-der-leuchtenden-herzen-768x546.jpg 768w, https:\/\/www.rosyskidscorner.de\/wp-content\/uploads\/2025\/02\/aktuell_20250210_dankeschoen-spende-rkc-spiel-der-leuchtenden-herzen.jpg 1492w\" sizes=\"auto, (max-width: 604px) 100vw, 604px\" \/><\/a><\/p>\n<\/div>\n","protected":false},"excerpt":{"rendered":"<p>Wir sind Herrn Binder und seinem Team des Vereins \u201eAdler helfen Menschen e.V.\u201c, sowie den Adlern Mannheim, sehr dankbar, dass sie uns mit einer Gro\u00dfspende in H\u00f6he von \u20ac 33.000,00 unterst\u00fctzt haben. Wir m\u00f6chten uns bei der Fanini, bei dem AFCA, bei dem F\u00f6rderkreis Nonames Mannheim e.V., sowie bei dem Adler-Fanbeautragten Patrick L\u00f6ffel ganz herzlich &hellip; <a href=\"https:\/\/www.rosyskidscorner.de\/?page_id=12277\" class=\"more-link\">Continue reading <span class=\"screen-reader-text\">AKTUELL: 10.02.2025 \u2013 Rosys Kids Corner erh\u00e4lt \u20ac 33.000,- durch \u201eAdler helfen Menschen e.V.\u201c<\/span> <span class=\"meta-nav\">&rarr;<\/span><\/a><\/p>\n","protected":false},"author":1,"featured_media":0,"parent":0,"menu_order":0,"comment_status":"closed","ping_status":"closed","template":"","meta":{"footnotes":""},"class_list":["post-12277","page","type-page","status-publish","hentry"],"_links":{"self":[{"href":"https:\/\/www.rosyskidscorner.de\/index.php?rest_route=\/wp\/v2\/pages\/12277","targetHints":{"allow":["GET"]}}],"collection":[{"href":"https:\/\/www.rosyskidscorner.de\/index.php?rest_route=\/wp\/v2\/pages"}],"about":[{"href":"https:\/\/www.rosyskidscorner.de\/index.php?rest_route=\/wp\/v2\/types\/page"}],"author":[{"embeddable":true,"href":"https:\/\/www.rosyskidscorner.de\/index.php?rest_route=\/wp\/v2\/users\/1"}],"replies":[{"embeddable":true,"href":"https:\/\/www.rosyskidscorner.de\/index.php?rest_route=%2Fwp%2Fv2%2Fcomments&post=12277"}],"version-history":[{"count":3,"href":"https:\/\/www.rosyskidscorner.de\/index.php?rest_route=\/wp\/v2\/pages\/12277\/revisions"}],"predecessor-version":[{"id":12284,"href":"https:\/\/www.rosyskidscorner.de\/index.php?rest_route=\/wp\/v2\/pages\/12277\/revisions\/12284"}],"wp:attachment":[{"href":"https:\/\/www.rosyskidscorner.de\/index.php?rest_route=%2Fwp%2Fv2%2Fmedia&parent=12277"}],"curies":[{"name":"wp","href":"https:\/\/api.w.org\/{rel}","templated":true}]}}