{"id":13517,"date":"2025-09-21T13:31:46","date_gmt":"2025-09-21T11:31:46","guid":{"rendered":"https:\/\/www.rosyskidscorner.de\/?page_id=13517"},"modified":"2025-09-21T14:01:37","modified_gmt":"2025-09-21T12:01:37","slug":"25-jahre-rosys-kids-corner","status":"publish","type":"page","link":"https:\/\/www.rosyskidscorner.de\/?page_id=13517","title":{"rendered":"25 Jahre Rosys Kids Corner"},"content":{"rendered":"<h5><a href=\"https:\/\/www.rosyskidscorner.de\/?page_id=13642\" target=\"_blank\" rel=\"noopener\">Hier gehts zur Fotogalerie &#8220;25 Jahre Rosys Kids Corner &#8211; eine Zeitreise&#8221;!<\/a><\/h5>\n<h2>Happy Birthday, RKC!<\/h2>\n<h5>Seit nunmehr 25 Jahren gibt es dieses einzigartige Nachsorgeprojekt in Mannheim. Im Jahr 2000 wurde RKC gemeinsam mit Mike Rosati, dem damaligen Torh\u00fcter der Adler Mannheim, dem Adler-Management sowie der Deutsche Leuk\u00e4mie Forschungs-Hilfe -Aktion f\u00fcr krebskranke Kinder- Ortsverband Mannheim e.V. ins Leben gerufen. Manche erinnern sich vielleicht noch an diese Anf\u00e4nge.<\/h5>\n<p><a href=\"https:\/\/www.rosyskidscorner.de\/wp-content\/uploads\/2025\/09\/rkc-25-jahre_001_2000_erstes_foto_station_aus_zeitung.jpg\"><img loading=\"lazy\" decoding=\"async\" class=\"alignnone wp-image-13518\" src=\"https:\/\/www.rosyskidscorner.de\/wp-content\/uploads\/2025\/09\/rkc-25-jahre_001_2000_erstes_foto_station_aus_zeitung-300x225.jpg\" alt=\"\" width=\"500\" height=\"375\" srcset=\"https:\/\/www.rosyskidscorner.de\/wp-content\/uploads\/2025\/09\/rkc-25-jahre_001_2000_erstes_foto_station_aus_zeitung-300x225.jpg 300w, https:\/\/www.rosyskidscorner.de\/wp-content\/uploads\/2025\/09\/rkc-25-jahre_001_2000_erstes_foto_station_aus_zeitung-768x577.jpg 768w, https:\/\/www.rosyskidscorner.de\/wp-content\/uploads\/2025\/09\/rkc-25-jahre_001_2000_erstes_foto_station_aus_zeitung.jpg 1023w\" sizes=\"auto, (max-width: 500px) 100vw, 500px\" \/><\/a><\/p>\n<h6>Alle Kinder, die in Mannheim gegen ihre Krebserkrankung k\u00e4mpfen und hier behandelt werden, haben die M\u00f6glichkeit, in Therapiepausen, w\u00e4hrend der Erhaltungsphase oder in der Zeit danach, die Heimspiele der Adler Mannheim zu besuchen. Auch Geschwisterkinder sind stets herzlich willkommen.<\/h6>\n<h6>Seit 25 Jahren wird das Projekt von Frau Karen Kutschbach, onkologische Fachkinderkrankenschwester, mit gro\u00dfem Engagement geleitet und organisiert.<\/h6>\n<h6>Viele Familien, deren Kind an Krebs erkrankt ist, begleiten RKC bereits von Beginn an. \u00dcber die Jahre ist eine gro\u00dfe Gemeinschaft gewachsen, in der zahlreiche Freundschaften entstanden sind. RKC ist ein Ort der Begegnung, des Austauschs, des gegenseitigen Verst\u00e4ndnisses und der Unterst\u00fctzung \u2013 besonders in den intensiven und schwierigen Zeiten.<\/h6>\n<h6>Das gemeinsame Erleben in der Gruppe st\u00e4rkt den Zusammenhalt. Immer wieder sto\u00dfen neue Familien dazu, die sich von Anfang an geborgen und willkommen f\u00fchlen.<\/h6>\n<h6>Die Besuche in der SAP Arena sowie weitere gemeinsame Aktionen hinterlassen bleibende Eindr\u00fccke. Die Kinder sind begeistert, fiebern mit, jubeln, tanzen und genie\u00dfen unbeschwerte Momente. Manchmal gelingt es ihnen, ihre Krankheit f\u00fcr kurze Zeit zu vergessen. Diese besonderen Erlebnisse geben Kraft und Motivation \u2013 f\u00fcr die n\u00e4chsten Untersuchungen, Therapien und die kommenden Wochen.<\/h6>\n<h6>Alle m\u00f6chten wieder dabei sein \u2013 am liebsten bei den Spielen der Adler Mannheim. So entstehen Erinnerungen, die unvergesslich bleiben.<\/h6>\n<h6>25 Jahre RKC \u2013 eine bewegende Zeitreise durch mehr als zwei Jahrzehnte.<\/h6>\n<h5><a href=\"https:\/\/www.rosyskidscorner.de\/?page_id=13642\" target=\"_blank\" rel=\"noopener\">Hier gehts zur Fotogalerie &#8220;25 Jahre Rosys Kids Corner &#8211; eine Zeitreise&#8221;!<\/a><\/h5>\n","protected":false},"excerpt":{"rendered":"<p>Hier gehts zur Fotogalerie &#8220;25 Jahre Rosys Kids Corner &#8211; eine Zeitreise&#8221;! Happy Birthday, RKC! Seit nunmehr 25 Jahren gibt es dieses einzigartige Nachsorgeprojekt in Mannheim. Im Jahr 2000 wurde RKC gemeinsam mit Mike Rosati, dem damaligen Torh\u00fcter der Adler Mannheim, dem Adler-Management sowie der Deutsche Leuk\u00e4mie Forschungs-Hilfe -Aktion f\u00fcr krebskranke Kinder- Ortsverband Mannheim e.V. &hellip; <a href=\"https:\/\/www.rosyskidscorner.de\/?page_id=13517\" class=\"more-link\">Continue reading <span class=\"screen-reader-text\">25 Jahre Rosys Kids Corner<\/span> <span class=\"meta-nav\">&rarr;<\/span><\/a><\/p>\n","protected":false},"author":1,"featured_media":0,"parent":0,"menu_order":0,"comment_status":"closed","ping_status":"closed","template":"","meta":{"footnotes":""},"class_list":["post-13517","page","type-page","status-publish","hentry"],"_links":{"self":[{"href":"https:\/\/www.rosyskidscorner.de\/index.php?rest_route=\/wp\/v2\/pages\/13517","targetHints":{"allow":["GET"]}}],"collection":[{"href":"https:\/\/www.rosyskidscorner.de\/index.php?rest_route=\/wp\/v2\/pages"}],"about":[{"href":"https:\/\/www.rosyskidscorner.de\/index.php?rest_route=\/wp\/v2\/types\/page"}],"author":[{"embeddable":true,"href":"https:\/\/www.rosyskidscorner.de\/index.php?rest_route=\/wp\/v2\/users\/1"}],"replies":[{"embeddable":true,"href":"https:\/\/www.rosyskidscorner.de\/index.php?rest_route=%2Fwp%2Fv2%2Fcomments&post=13517"}],"version-history":[{"count":5,"href":"https:\/\/www.rosyskidscorner.de\/index.php?rest_route=\/wp\/v2\/pages\/13517\/revisions"}],"predecessor-version":[{"id":13648,"href":"https:\/\/www.rosyskidscorner.de\/index.php?rest_route=\/wp\/v2\/pages\/13517\/revisions\/13648"}],"wp:attachment":[{"href":"https:\/\/www.rosyskidscorner.de\/index.php?rest_route=%2Fwp%2Fv2%2Fmedia&parent=13517"}],"curies":[{"name":"wp","href":"https:\/\/api.w.org\/{rel}","templated":true}]}}