{"id":13671,"date":"2026-01-17T16:58:17","date_gmt":"2026-01-17T15:58:17","guid":{"rendered":"https:\/\/www.rosyskidscorner.de\/?page_id=13671"},"modified":"2026-01-17T17:07:39","modified_gmt":"2026-01-17T16:07:39","slug":"aktuell-16-01-2026-spendenubergabe-durch-adler-helfen-menschen-e-v-uber-eur-35-000","status":"publish","type":"page","link":"https:\/\/www.rosyskidscorner.de\/?page_id=13671","title":{"rendered":"AKTUELL: 16.01.2026 \u2013 Spenden\u00fcbergabe durch \u201cAdler helfen Menschen e.V.\u201d \u00fcber EUR 35.000!"},"content":{"rendered":"<h3>Wir bedanken uns ganz herzlich bei Matthias Binder und Youri Ziffzer sowie ihrem Verein &#8220;Adler helfen Menschen e.V.&#8221; f\u00fcr eine gro\u00dfartige Spende i.H.v. EUR 35.000,00!<\/h3>\n<p><a href=\"https:\/\/www.rosyskidscorner.de\/wp-content\/uploads\/2026\/01\/aktuell_20260116_scheckuebergabe-spiel-der-leuchtenden-herzen-2025.jpg\" target=\"_blank\" rel=\"noopener\"><img loading=\"lazy\" decoding=\"async\" class=\"alignnone wp-image-13672 size-large\" src=\"https:\/\/www.rosyskidscorner.de\/wp-content\/uploads\/2026\/01\/aktuell_20260116_scheckuebergabe-spiel-der-leuchtenden-herzen-2025-1024x683.jpg\" alt=\"\" width=\"604\" height=\"403\" srcset=\"https:\/\/www.rosyskidscorner.de\/wp-content\/uploads\/2026\/01\/aktuell_20260116_scheckuebergabe-spiel-der-leuchtenden-herzen-2025-1024x683.jpg 1024w, https:\/\/www.rosyskidscorner.de\/wp-content\/uploads\/2026\/01\/aktuell_20260116_scheckuebergabe-spiel-der-leuchtenden-herzen-2025-300x200.jpg 300w, https:\/\/www.rosyskidscorner.de\/wp-content\/uploads\/2026\/01\/aktuell_20260116_scheckuebergabe-spiel-der-leuchtenden-herzen-2025-768x512.jpg 768w, https:\/\/www.rosyskidscorner.de\/wp-content\/uploads\/2026\/01\/aktuell_20260116_scheckuebergabe-spiel-der-leuchtenden-herzen-2025-1536x1024.jpg 1536w, https:\/\/www.rosyskidscorner.de\/wp-content\/uploads\/2026\/01\/aktuell_20260116_scheckuebergabe-spiel-der-leuchtenden-herzen-2025.jpg 2048w\" sizes=\"auto, (max-width: 604px) 100vw, 604px\" \/><\/a><\/p>\n<p><em>Foto: Adler Mannheim<\/em><\/p>\n<h5>Karen Kutschbach: <em>&#8220;Diese Saison ist ein besonderes Jahr f\u00fcr Rosys Kids Corner. Wir feiern unser 25-j\u00e4hriges Jubil\u00e4um! Ich danke euch allen f\u00fcr die jahrelange Unterst\u00fctzung.<\/em><\/h5>\n<h5><em>In den vergangenen Jahren konnten wir f\u00fcr unsere krebskranken Kinder und ihre Familien viel erreichen &#8211; und wir werden diesen Weg auch in den kommenden Jahren weitergehen! Ein herzliches Dankesch\u00f6n an alle Fans und Unterst\u00fctzer f\u00fcr eure Spende!&#8221;<\/em><\/h5>\n<h6>Hier finden Sie den offiziellen Pressebericht der Adler Mannheim: <a href=\"https:\/\/adler-mannheim.de\/aktuelles\/2026\/01\/eine-scheckuebergabe-fuer-viele-kinderherzen\" target=\"_blank\" rel=\"noopener\">https:\/\/adler-mannheim.de\/aktuelles\/2026\/01\/eine-scheckuebergabe-fuer-viele-kinderherzen<\/a><\/h6>\n","protected":false},"excerpt":{"rendered":"<p>Wir bedanken uns ganz herzlich bei Matthias Binder und Youri Ziffzer sowie ihrem Verein &#8220;Adler helfen Menschen e.V.&#8221; f\u00fcr eine gro\u00dfartige Spende i.H.v. EUR 35.000,00! Foto: Adler Mannheim Karen Kutschbach: &#8220;Diese Saison ist ein besonderes Jahr f\u00fcr Rosys Kids Corner. Wir feiern unser 25-j\u00e4hriges Jubil\u00e4um! Ich danke euch allen f\u00fcr die jahrelange Unterst\u00fctzung. In den &hellip; <a href=\"https:\/\/www.rosyskidscorner.de\/?page_id=13671\" class=\"more-link\">Continue reading <span class=\"screen-reader-text\">AKTUELL: 16.01.2026 \u2013 Spenden\u00fcbergabe durch \u201cAdler helfen Menschen e.V.\u201d \u00fcber EUR 35.000!<\/span> <span class=\"meta-nav\">&rarr;<\/span><\/a><\/p>\n","protected":false},"author":1,"featured_media":0,"parent":0,"menu_order":0,"comment_status":"closed","ping_status":"closed","template":"","meta":{"footnotes":""},"class_list":["post-13671","page","type-page","status-publish","hentry"],"_links":{"self":[{"href":"https:\/\/www.rosyskidscorner.de\/index.php?rest_route=\/wp\/v2\/pages\/13671","targetHints":{"allow":["GET"]}}],"collection":[{"href":"https:\/\/www.rosyskidscorner.de\/index.php?rest_route=\/wp\/v2\/pages"}],"about":[{"href":"https:\/\/www.rosyskidscorner.de\/index.php?rest_route=\/wp\/v2\/types\/page"}],"author":[{"embeddable":true,"href":"https:\/\/www.rosyskidscorner.de\/index.php?rest_route=\/wp\/v2\/users\/1"}],"replies":[{"embeddable":true,"href":"https:\/\/www.rosyskidscorner.de\/index.php?rest_route=%2Fwp%2Fv2%2Fcomments&post=13671"}],"version-history":[{"count":4,"href":"https:\/\/www.rosyskidscorner.de\/index.php?rest_route=\/wp\/v2\/pages\/13671\/revisions"}],"predecessor-version":[{"id":13678,"href":"https:\/\/www.rosyskidscorner.de\/index.php?rest_route=\/wp\/v2\/pages\/13671\/revisions\/13678"}],"wp:attachment":[{"href":"https:\/\/www.rosyskidscorner.de\/index.php?rest_route=%2Fwp%2Fv2%2Fmedia&parent=13671"}],"curies":[{"name":"wp","href":"https:\/\/api.w.org\/{rel}","templated":true}]}}