{"id":137,"date":"2015-02-05T13:17:39","date_gmt":"2015-02-05T12:17:39","guid":{"rendered":"http:\/\/new.rosyskidscorner.de\/?page_id=137"},"modified":"2015-02-05T19:39:00","modified_gmt":"2015-02-05T18:39:00","slug":"presse-spiel-der-leuchtenden-herzen-am-23-12-2006-in-der-sap-arena-mannheim","status":"publish","type":"page","link":"https:\/\/www.rosyskidscorner.de\/?page_id=137","title":{"rendered":"Presse: &#8220;Spiel der leuchtenden Herzen&#8221; am 23.12.2006 in der SAP ARENA Mannheim"},"content":{"rendered":"<h6>Adler \u00fcberreichen einen Scheck in H\u00f6he von 99.999 Euro<\/h6>\n<p>30. Dezember 2006<\/p>\n<p>Vor dem letzten DEL-Heimspiel der Adler im Kalenderjahr 2006 gegen die F\u00fcchse aus Duisburg \u00fcberreichten die Fanvorsitzenden der Adler-Fanclubs einen Scheck in H\u00f6he von 99.999 Euro an Martin Stachniss, den Vorsitzenden der Deutschen Leuk\u00e4mie Forschungshilfe Ortsgruppe Mannheim e.V.<\/p>\n<p><a href=\"https:\/\/www.rosyskidscorner.de\/wp-content\/uploads\/2015\/02\/presse_leuchtende-herzen2006.jpg\"><img loading=\"lazy\" decoding=\"async\" class=\"alignnone size-medium wp-image-138\" src=\"https:\/\/www.rosyskidscorner.de\/wp-content\/uploads\/2015\/02\/presse_leuchtende-herzen2006-300x217.jpg\" alt=\"presse_leuchtende-herzen2006\" width=\"300\" height=\"217\" srcset=\"https:\/\/www.rosyskidscorner.de\/wp-content\/uploads\/2015\/02\/presse_leuchtende-herzen2006-300x217.jpg 300w, https:\/\/www.rosyskidscorner.de\/wp-content\/uploads\/2015\/02\/presse_leuchtende-herzen2006.jpg 500w\" sizes=\"auto, (max-width: 300px) 100vw, 300px\" \/><\/a><\/p>\n<p>Die Summe kam beim Spiel der leuchtenden Herzen am 23. Dezember beim Heimspiel gegen die Augsburger Panther in der SAP ARENA durch den Verkauf der blinkenden Herzen und gro\u00dfz\u00fcgige Spenden einzelner Adler-Partner und Sponsoren zusammen.<\/p>\n<p>Die Adler bedanken sich bei allen Fans und Partnern, die dazu beigetragen haben, dass diese gro\u00dfartige Spendensumme erzielt werden konnte.<\/p>\n<p>Quelle: <a href=\"http:\/\/www.adler-mannheim.de\/news.php?d%5Bnr%5D=1247&amp;naid=\" target=\"_blank\">Offizielle Homepage der Adler Mannheim<\/a><\/p>\n","protected":false},"excerpt":{"rendered":"<p>Adler \u00fcberreichen einen Scheck in H\u00f6he von 99.999 Euro 30. Dezember 2006 Vor dem letzten DEL-Heimspiel der Adler im Kalenderjahr 2006 gegen die F\u00fcchse aus Duisburg \u00fcberreichten die Fanvorsitzenden der Adler-Fanclubs einen Scheck in H\u00f6he von 99.999 Euro an Martin Stachniss, den Vorsitzenden der Deutschen Leuk\u00e4mie Forschungshilfe Ortsgruppe Mannheim e.V. Die Summe kam beim Spiel &hellip; <a href=\"https:\/\/www.rosyskidscorner.de\/?page_id=137\" class=\"more-link\">Continue reading <span class=\"screen-reader-text\">Presse: &#8220;Spiel der leuchtenden Herzen&#8221; am 23.12.2006 in der SAP ARENA Mannheim<\/span> <span class=\"meta-nav\">&rarr;<\/span><\/a><\/p>\n","protected":false},"author":1,"featured_media":0,"parent":0,"menu_order":0,"comment_status":"closed","ping_status":"closed","template":"","meta":{"footnotes":""},"class_list":["post-137","page","type-page","status-publish","hentry"],"_links":{"self":[{"href":"https:\/\/www.rosyskidscorner.de\/index.php?rest_route=\/wp\/v2\/pages\/137","targetHints":{"allow":["GET"]}}],"collection":[{"href":"https:\/\/www.rosyskidscorner.de\/index.php?rest_route=\/wp\/v2\/pages"}],"about":[{"href":"https:\/\/www.rosyskidscorner.de\/index.php?rest_route=\/wp\/v2\/types\/page"}],"author":[{"embeddable":true,"href":"https:\/\/www.rosyskidscorner.de\/index.php?rest_route=\/wp\/v2\/users\/1"}],"replies":[{"embeddable":true,"href":"https:\/\/www.rosyskidscorner.de\/index.php?rest_route=%2Fwp%2Fv2%2Fcomments&post=137"}],"version-history":[{"count":2,"href":"https:\/\/www.rosyskidscorner.de\/index.php?rest_route=\/wp\/v2\/pages\/137\/revisions"}],"predecessor-version":[{"id":1921,"href":"https:\/\/www.rosyskidscorner.de\/index.php?rest_route=\/wp\/v2\/pages\/137\/revisions\/1921"}],"wp:attachment":[{"href":"https:\/\/www.rosyskidscorner.de\/index.php?rest_route=%2Fwp%2Fv2%2Fmedia&parent=137"}],"curies":[{"name":"wp","href":"https:\/\/api.w.org\/{rel}","templated":true}]}}