{"id":143,"date":"2015-02-05T13:20:35","date_gmt":"2015-02-05T12:20:35","guid":{"rendered":"http:\/\/new.rosyskidscorner.de\/?page_id=143"},"modified":"2015-02-05T19:40:06","modified_gmt":"2015-02-05T18:40:06","slug":"presse-spiel-der-leuchtenden-herzen-am-23-12-2008-in-der-sap-arena-mannheim","status":"publish","type":"page","link":"https:\/\/www.rosyskidscorner.de\/?page_id=143","title":{"rendered":"Presse: &#8220;Spiel der leuchtenden Herzen&#8221; am 23.12.2008 in der SAP ARENA Mannheim"},"content":{"rendered":"<p>Spenden\u00fcbergabe i.H.v. 20.000 \u20ac durch den Adler-Gesch\u00e4ftsf\u00fchrer, Herrn Matthias Binder, zusammen mit Vertretern der Fanclubs an Herrn Martin Stachniss, 1. Vorsitzender der Deutschen Leuk\u00e4mie-Forschungs-Hilfe -Aktion f\u00fcr krebskranke Kinder- Ortsverband Mannheim e.V. am 2. Januar 2009 beim DEL-Spiel der Adler Mannheim gegen die K\u00f6lner Haie. Die Spendensumme war beim bereits zum dritten Mal stattgefundenen &#8220;Spiel der leuchtenden Herzen&#8221; am 23.12.2008 in der SAP ARENA Mannheim zusammengekommen.<\/p>\n<p><a href=\"https:\/\/www.rosyskidscorner.de\/wp-content\/uploads\/2015\/02\/presse_spendenuebergabe2009_01.jpg\"><img loading=\"lazy\" decoding=\"async\" class=\"alignnone size-medium wp-image-144\" src=\"https:\/\/www.rosyskidscorner.de\/wp-content\/uploads\/2015\/02\/presse_spendenuebergabe2009_01-300x200.jpg\" alt=\"presse_spendenuebergabe2009_01\" width=\"300\" height=\"200\" srcset=\"https:\/\/www.rosyskidscorner.de\/wp-content\/uploads\/2015\/02\/presse_spendenuebergabe2009_01-300x200.jpg 300w, https:\/\/www.rosyskidscorner.de\/wp-content\/uploads\/2015\/02\/presse_spendenuebergabe2009_01.jpg 500w\" sizes=\"auto, (max-width: 300px) 100vw, 300px\" \/><\/a> <a href=\"https:\/\/www.rosyskidscorner.de\/wp-content\/uploads\/2015\/02\/presse_spendenuebergabe2009_02.jpg\"><img loading=\"lazy\" decoding=\"async\" class=\"alignnone size-medium wp-image-145\" src=\"https:\/\/www.rosyskidscorner.de\/wp-content\/uploads\/2015\/02\/presse_spendenuebergabe2009_02-300x200.jpg\" alt=\"presse_spendenuebergabe2009_02\" width=\"300\" height=\"200\" srcset=\"https:\/\/www.rosyskidscorner.de\/wp-content\/uploads\/2015\/02\/presse_spendenuebergabe2009_02-300x200.jpg 300w, https:\/\/www.rosyskidscorner.de\/wp-content\/uploads\/2015\/02\/presse_spendenuebergabe2009_02.jpg 500w\" sizes=\"auto, (max-width: 300px) 100vw, 300px\" \/><\/a><\/p>\n<p>Weitere Informationen: <a href=\"http:\/\/www.adler-mannheim.de\/news.php?d%5Bnr%5D=1953\" target=\"_blank\">Pressemitteilung auf der Homepage der Adler Mannheim<\/a><br \/>\nQuelle der Fotos: <a href=\"http:\/\/www.rufflerverlag.de\/\" target=\"_blank\">www.rufflerverlag.de <\/a><\/p>\n","protected":false},"excerpt":{"rendered":"<p>Spenden\u00fcbergabe i.H.v. 20.000 \u20ac durch den Adler-Gesch\u00e4ftsf\u00fchrer, Herrn Matthias Binder, zusammen mit Vertretern der Fanclubs an Herrn Martin Stachniss, 1. Vorsitzender der Deutschen Leuk\u00e4mie-Forschungs-Hilfe -Aktion f\u00fcr krebskranke Kinder- Ortsverband Mannheim e.V. am 2. Januar 2009 beim DEL-Spiel der Adler Mannheim gegen die K\u00f6lner Haie. Die Spendensumme war beim bereits zum dritten Mal stattgefundenen &#8220;Spiel der &hellip; <a href=\"https:\/\/www.rosyskidscorner.de\/?page_id=143\" class=\"more-link\">Continue reading <span class=\"screen-reader-text\">Presse: &#8220;Spiel der leuchtenden Herzen&#8221; am 23.12.2008 in der SAP ARENA Mannheim<\/span> <span class=\"meta-nav\">&rarr;<\/span><\/a><\/p>\n","protected":false},"author":1,"featured_media":0,"parent":0,"menu_order":0,"comment_status":"closed","ping_status":"closed","template":"","meta":{"footnotes":""},"class_list":["post-143","page","type-page","status-publish","hentry"],"_links":{"self":[{"href":"https:\/\/www.rosyskidscorner.de\/index.php?rest_route=\/wp\/v2\/pages\/143","targetHints":{"allow":["GET"]}}],"collection":[{"href":"https:\/\/www.rosyskidscorner.de\/index.php?rest_route=\/wp\/v2\/pages"}],"about":[{"href":"https:\/\/www.rosyskidscorner.de\/index.php?rest_route=\/wp\/v2\/types\/page"}],"author":[{"embeddable":true,"href":"https:\/\/www.rosyskidscorner.de\/index.php?rest_route=\/wp\/v2\/users\/1"}],"replies":[{"embeddable":true,"href":"https:\/\/www.rosyskidscorner.de\/index.php?rest_route=%2Fwp%2Fv2%2Fcomments&post=143"}],"version-history":[{"count":2,"href":"https:\/\/www.rosyskidscorner.de\/index.php?rest_route=\/wp\/v2\/pages\/143\/revisions"}],"predecessor-version":[{"id":1923,"href":"https:\/\/www.rosyskidscorner.de\/index.php?rest_route=\/wp\/v2\/pages\/143\/revisions\/1923"}],"wp:attachment":[{"href":"https:\/\/www.rosyskidscorner.de\/index.php?rest_route=%2Fwp%2Fv2%2Fmedia&parent=143"}],"curies":[{"name":"wp","href":"https:\/\/api.w.org\/{rel}","templated":true}]}}