{"id":15,"date":"2015-02-05T09:31:15","date_gmt":"2015-02-05T08:31:15","guid":{"rendered":"http:\/\/new.rosyskidscorner.de\/?page_id=15"},"modified":"2021-05-18T14:43:20","modified_gmt":"2021-05-18T12:43:20","slug":"spenden","status":"publish","type":"page","link":"https:\/\/www.rosyskidscorner.de\/?page_id=15","title":{"rendered":"Spenden"},"content":{"rendered":"<h5>NEU: Sie k\u00f6nnen uns ab sofort auch durch Ihren Einkauf \u00fcber Amazon Smile unterst\u00fctzen! <a href=\"https:\/\/www.rosyskidscorner.de\/?page_id=7496\" rel=\"noopener\">Weitere Infos hier!<\/a><\/h5>\n<h5><strong>NEU: Ihre Spende ist jetzt auch \u00fcber Giropay m\u00f6glich!<\/strong><\/h5>\n<p><a href=\"https:\/\/www.rosyskidscorner.de\/wp-content\/uploads\/2021\/05\/spenden_qrcode.jpg\"><img loading=\"lazy\" decoding=\"async\" class=\"alignnone size-full wp-image-7486\" src=\"https:\/\/www.rosyskidscorner.de\/wp-content\/uploads\/2021\/05\/spenden_qrcode.jpg\" alt=\"\" width=\"300\" height=\"300\" srcset=\"https:\/\/www.rosyskidscorner.de\/wp-content\/uploads\/2021\/05\/spenden_qrcode.jpg 300w, https:\/\/www.rosyskidscorner.de\/wp-content\/uploads\/2021\/05\/spenden_qrcode-150x150.jpg 150w\" sizes=\"auto, (max-width: 300px) 100vw, 300px\" \/><\/a><\/p>\n<p>Hier finden Sie alle Informationen zum Thema Giropay: <a href=\"https:\/\/www.giropay.de\/kaeufer\/online-ueberweisen\" target=\"_blank\" rel=\"noopener noreferrer\">https:\/\/www.giropay.de\/kaeufer\/online-ueberweisen<\/a><\/p>\n<hr \/>\n\n<div class=\"wpcf7 no-js\" id=\"wpcf7-f14-o1\" lang=\"de-DE\" dir=\"ltr\" data-wpcf7-id=\"14\">\n<div class=\"screen-reader-response\"><p role=\"status\" aria-live=\"polite\" aria-atomic=\"true\"><\/p> <ul><\/ul><\/div>\n<form action=\"\/index.php?rest_route=%2Fwp%2Fv2%2Fpages%2F15#wpcf7-f14-o1\" method=\"post\" class=\"wpcf7-form init\" aria-label=\"Contact form\" novalidate=\"novalidate\" data-status=\"init\">\n<fieldset class=\"hidden-fields-container\"><input type=\"hidden\" name=\"_wpcf7\" value=\"14\" \/><input type=\"hidden\" name=\"_wpcf7_version\" value=\"6.1.5\" \/><input type=\"hidden\" name=\"_wpcf7_locale\" value=\"de_DE\" \/><input type=\"hidden\" name=\"_wpcf7_unit_tag\" value=\"wpcf7-f14-o1\" \/><input type=\"hidden\" name=\"_wpcf7_container_post\" value=\"0\" \/><input type=\"hidden\" name=\"_wpcf7_posted_data_hash\" value=\"\" \/>\n<\/fieldset>\n<p>Ja, ich m\u00f6chte das Projekt Rosys Kids Corner und somit die Deutsche Leuk\u00e4mie-Forschungs-Hilfe -Aktion f\u00fcr krebskranke Kinder- Ortsverband Mannheim e.V. unterst\u00fctzen und werde deshalb in den n\u00e4chsten Tagen einen Betrag in H\u00f6he von EUR <span class=\"wpcf7-form-control-wrap\" data-name=\"your-amount\"><input size=\"40\" maxlength=\"400\" class=\"wpcf7-form-control wpcf7-text wpcf7-validates-as-required\" aria-required=\"true\" aria-invalid=\"false\" value=\"\" type=\"text\" name=\"your-amount\" \/><\/span> (Pflichtfeld) auf folgendes Konto \u00fcberweisen:\n<\/p>\n<p><strong>Kreditinstitut: Sparkasse Rhein-Neckar Nord<br \/>\nKonto-Nr.: 3800 3801<br \/>\nBLZ: 670 505 05<br \/>\nIBAN: DE93 6705 0505 0038 0038 01<br \/>\nBIC (SWIFT): MANSDE66XXX<\/strong>\n<\/p>\n<font color=\"red\">\n\t<p><strong>WICHTIG!<\/strong><br \/>\nBitte denken Sie daran, den Betrag anschlie\u00dfend selbst zu \u00fcberweisen! Eine automatische Abbuchung k\u00f6nnen wir zu diesem Zeitpunkt leider nicht anbieten.\n\t<\/p>\n<\/font>\n<p>Ihr Name (Pflichtfeld)\n<\/p>\n<p><span class=\"wpcf7-form-control-wrap\" data-name=\"your-name\"><input size=\"40\" maxlength=\"400\" class=\"wpcf7-form-control wpcf7-text wpcf7-validates-as-required\" aria-required=\"true\" aria-invalid=\"false\" value=\"\" type=\"text\" name=\"your-name\" \/><\/span>\n<\/p>\n<p>Ihre E-Mail-Adresse (Pflichtfeld)\n<\/p>\n<p><span class=\"wpcf7-form-control-wrap\" data-name=\"your-email\"><input size=\"40\" maxlength=\"400\" class=\"wpcf7-form-control wpcf7-email wpcf7-validates-as-required wpcf7-text wpcf7-validates-as-email\" aria-required=\"true\" aria-invalid=\"false\" value=\"\" type=\"email\" name=\"your-email\" \/><\/span>\n<\/p>\n<p>Firma\n<\/p>\n<p><span class=\"wpcf7-form-control-wrap\" data-name=\"firma\"><input size=\"40\" maxlength=\"400\" class=\"wpcf7-form-control wpcf7-text\" aria-invalid=\"false\" value=\"\" type=\"text\" name=\"firma\" \/><\/span>\n<\/p>\n<p>Stra\u00dfe + Hausnummer\n<\/p>\n<p><span class=\"wpcf7-form-control-wrap\" data-name=\"anschrift\"><input size=\"40\" maxlength=\"400\" class=\"wpcf7-form-control wpcf7-text\" aria-invalid=\"false\" value=\"\" type=\"text\" name=\"anschrift\" \/><\/span>\n<\/p>\n<p>PLZ\n<\/p>\n<p><span class=\"wpcf7-form-control-wrap\" data-name=\"plz\"><input size=\"40\" maxlength=\"400\" class=\"wpcf7-form-control wpcf7-text\" aria-invalid=\"false\" value=\"\" type=\"text\" name=\"plz\" \/><\/span>\n<\/p>\n<p>Ort\n<\/p>\n<p><span class=\"wpcf7-form-control-wrap\" data-name=\"ort\"><input size=\"40\" maxlength=\"400\" class=\"wpcf7-form-control wpcf7-text\" aria-invalid=\"false\" value=\"\" type=\"text\" name=\"ort\" \/><\/span>\n<\/p>\n<p>Telefon\n<\/p>\n<p><span class=\"wpcf7-form-control-wrap\" data-name=\"telefon\"><input size=\"40\" maxlength=\"400\" class=\"wpcf7-form-control wpcf7-text\" aria-invalid=\"false\" value=\"\" type=\"text\" name=\"telefon\" \/><\/span>\n<\/p>\n<p><span class=\"wpcf7-form-control-wrap\" data-name=\"Zuwendungsbestaetigung\"><span class=\"wpcf7-form-control wpcf7-checkbox\"><span class=\"wpcf7-list-item first last\"><input type=\"checkbox\" name=\"Zuwendungsbestaetigung[]\" value=\"Bitte senden Sie mir eine Zuwendungsbest\u00e4tigung\" \/><span class=\"wpcf7-list-item-label\">Bitte senden Sie mir eine Zuwendungsbest\u00e4tigung<\/span><\/span><\/span><\/span>\n<\/p>\n<p><span class=\"wpcf7-form-control-wrap\" data-name=\"quiz-385\"><label><span class=\"wpcf7-quiz-label\">Was ist 3+4?<\/span> <input size=\"40\" class=\"wpcf7-form-control wpcf7-quiz\" autocomplete=\"off\" aria-required=\"true\" aria-invalid=\"false\" type=\"text\" name=\"quiz-385\" \/><\/label><input type=\"hidden\" name=\"_wpcf7_quiz_answer_quiz-385\" value=\"58e7bfea2cd4399156d81f632ff517b0\" \/><\/span>\n<\/p>\n<p><input class=\"wpcf7-form-control wpcf7-submit has-spinner\" type=\"submit\" value=\"Senden\" \/>\n<\/p>\n<p>Mit der Benutzung dieses Kontaktformulars erkl\u00e4ren Sie sich einverstanden, dass Ihre in das Kontaktformular eingegebenen Daten elektronisch gespeichert und zum Zweck der Kontaktaufnahme verarbeitet und genutzt werden. Sie k\u00f6nnen Ihre Einwilligung jederzeit widerrufen. Weitere Angaben entnehmen Sie bitte unseren <a href=\"https:\/\/www.rosyskidscorner.de\/?page_id=5153\">Hinweisen zum Datenschutz<\/a>.\n<\/p><div class=\"wpcf7-response-output\" aria-hidden=\"true\"><\/div>\n<\/form>\n<\/div>\n\n","protected":false},"excerpt":{"rendered":"<p>NEU: Sie k\u00f6nnen uns ab sofort auch durch Ihren Einkauf \u00fcber Amazon Smile unterst\u00fctzen! Weitere Infos hier! NEU: Ihre Spende ist jetzt auch \u00fcber Giropay m\u00f6glich! Hier finden Sie alle Informationen zum Thema Giropay: https:\/\/www.giropay.de\/kaeufer\/online-ueberweisen<\/p>\n","protected":false},"author":1,"featured_media":0,"parent":0,"menu_order":0,"comment_status":"closed","ping_status":"closed","template":"","meta":{"footnotes":""},"class_list":["post-15","page","type-page","status-publish","hentry"],"_links":{"self":[{"href":"https:\/\/www.rosyskidscorner.de\/index.php?rest_route=\/wp\/v2\/pages\/15","targetHints":{"allow":["GET"]}}],"collection":[{"href":"https:\/\/www.rosyskidscorner.de\/index.php?rest_route=\/wp\/v2\/pages"}],"about":[{"href":"https:\/\/www.rosyskidscorner.de\/index.php?rest_route=\/wp\/v2\/types\/page"}],"author":[{"embeddable":true,"href":"https:\/\/www.rosyskidscorner.de\/index.php?rest_route=\/wp\/v2\/users\/1"}],"replies":[{"embeddable":true,"href":"https:\/\/www.rosyskidscorner.de\/index.php?rest_route=%2Fwp%2Fv2%2Fcomments&post=15"}],"version-history":[{"count":4,"href":"https:\/\/www.rosyskidscorner.de\/index.php?rest_route=\/wp\/v2\/pages\/15\/revisions"}],"predecessor-version":[{"id":7498,"href":"https:\/\/www.rosyskidscorner.de\/index.php?rest_route=\/wp\/v2\/pages\/15\/revisions\/7498"}],"wp:attachment":[{"href":"https:\/\/www.rosyskidscorner.de\/index.php?rest_route=%2Fwp%2Fv2%2Fmedia&parent=15"}],"curies":[{"name":"wp","href":"https:\/\/api.w.org\/{rel}","templated":true}]}}