{"id":156,"date":"2015-02-05T13:29:27","date_gmt":"2015-02-05T12:29:27","guid":{"rendered":"http:\/\/new.rosyskidscorner.de\/?page_id=156"},"modified":"2015-02-05T19:42:47","modified_gmt":"2015-02-05T18:42:47","slug":"presse-spiel-der-leuchtenden-herzen-am-23-12-2011-in-der-sap-arena-mannheim","status":"publish","type":"page","link":"https:\/\/www.rosyskidscorner.de\/?page_id=156","title":{"rendered":"Presse: &#8220;Spiel der leuchtenden Herzen&#8221; am 23.12.2011 in der SAP ARENA Mannheim"},"content":{"rendered":"<h6>Adler \u00fcberreichen einen Scheck in H\u00f6he von 20.000 Euro<\/h6>\n<p>15. Januar 2012<\/p>\n<p>Vor dem Spiel der Adler gegen die Eisb\u00e4ren Berlin in der SAP ARENA konnte Adler-Gesch\u00e4ftsf\u00fchrer Matthias Binder stellvertretend f\u00fcr &#8220;Adler helfen Menschen e.V.&#8221; einen Scheck in H\u00f6he von 20.000 Euro an Martin Stachniss, dem ersten Vorsitzenden der Deutsche Leuk\u00e4mie Forschungshilfe \u2013 Aktion f\u00fcr krebskranke Kinder Mannheim e.V., \u00fcberreichen.<\/p>\n<p>Auch 2011 wurden beim &#8220;Spiel der leuchtenden Herzen&#8221; am 23.12. gegen die Hamburg Freezers von ehrenamtlichen Helfern wieder blinkende Herzen an alle Besucher verkauft. Insgesamt sind am 23.12. so rund 20.000 Euro zusammen gekommen, die nun vor dem Spiel gegen Berlin einem guten Zweck zugef\u00fchrt werden konnte.<\/p>\n<p>Die Adler bedanken sich bei allen Helfern und Unterst\u00fctzern, die zum Erfolg des Spiels der leuchtenden Herzen beigetragen haben und freuen sich schon heute auf die Neuauflage im Dezember 2012.<\/p>\n<p>Quelle: <a href=\"http:\/\/www.adler-mannheim.de\/topstories.php?d%5Bnr%5D=3174\" target=\"_blank\">Offizielle Homepage der Adler Mannheim <\/a><\/p>\n<h6>Fotos von der Spenden\u00fcbergabe<\/h6>\n<p><a href=\"https:\/\/www.rosyskidscorner.de\/wp-content\/uploads\/2015\/02\/presse_spendenuebergabe2012_150112_1148.jpg\"><img loading=\"lazy\" decoding=\"async\" class=\"alignnone size-medium wp-image-157\" src=\"https:\/\/www.rosyskidscorner.de\/wp-content\/uploads\/2015\/02\/presse_spendenuebergabe2012_150112_1148-300x200.jpg\" alt=\"presse_spendenuebergabe2012_150112_1148\" width=\"300\" height=\"200\" srcset=\"https:\/\/www.rosyskidscorner.de\/wp-content\/uploads\/2015\/02\/presse_spendenuebergabe2012_150112_1148-300x200.jpg 300w, https:\/\/www.rosyskidscorner.de\/wp-content\/uploads\/2015\/02\/presse_spendenuebergabe2012_150112_1148.jpg 800w\" sizes=\"auto, (max-width: 300px) 100vw, 300px\" \/><\/a> <a href=\"https:\/\/www.rosyskidscorner.de\/wp-content\/uploads\/2015\/02\/presse_spendenuebergabe2012_150112_1151.jpg\"><img loading=\"lazy\" decoding=\"async\" class=\"alignnone size-medium wp-image-158\" src=\"https:\/\/www.rosyskidscorner.de\/wp-content\/uploads\/2015\/02\/presse_spendenuebergabe2012_150112_1151-300x200.jpg\" alt=\"presse_spendenuebergabe2012_150112_1151\" width=\"300\" height=\"200\" srcset=\"https:\/\/www.rosyskidscorner.de\/wp-content\/uploads\/2015\/02\/presse_spendenuebergabe2012_150112_1151-300x200.jpg 300w, https:\/\/www.rosyskidscorner.de\/wp-content\/uploads\/2015\/02\/presse_spendenuebergabe2012_150112_1151.jpg 800w\" sizes=\"auto, (max-width: 300px) 100vw, 300px\" \/><\/a> <a href=\"https:\/\/www.rosyskidscorner.de\/wp-content\/uploads\/2015\/02\/presse_spendenuebergabe2012_150112_1152.jpg\"><img loading=\"lazy\" decoding=\"async\" class=\"alignnone size-medium wp-image-159\" src=\"https:\/\/www.rosyskidscorner.de\/wp-content\/uploads\/2015\/02\/presse_spendenuebergabe2012_150112_1152-300x200.jpg\" alt=\"presse_spendenuebergabe2012_150112_1152\" width=\"300\" height=\"200\" srcset=\"https:\/\/www.rosyskidscorner.de\/wp-content\/uploads\/2015\/02\/presse_spendenuebergabe2012_150112_1152-300x200.jpg 300w, https:\/\/www.rosyskidscorner.de\/wp-content\/uploads\/2015\/02\/presse_spendenuebergabe2012_150112_1152.jpg 800w\" sizes=\"auto, (max-width: 300px) 100vw, 300px\" \/><\/a> <a href=\"https:\/\/www.rosyskidscorner.de\/wp-content\/uploads\/2015\/02\/presse_spendenuebergabe2012_150112_1157.jpg\"><img loading=\"lazy\" decoding=\"async\" class=\"alignnone size-medium wp-image-160\" src=\"https:\/\/www.rosyskidscorner.de\/wp-content\/uploads\/2015\/02\/presse_spendenuebergabe2012_150112_1157-300x200.jpg\" alt=\"presse_spendenuebergabe2012_150112_1157\" width=\"300\" height=\"200\" srcset=\"https:\/\/www.rosyskidscorner.de\/wp-content\/uploads\/2015\/02\/presse_spendenuebergabe2012_150112_1157-300x200.jpg 300w, https:\/\/www.rosyskidscorner.de\/wp-content\/uploads\/2015\/02\/presse_spendenuebergabe2012_150112_1157.jpg 800w\" sizes=\"auto, (max-width: 300px) 100vw, 300px\" \/><\/a><\/p>\n<p>Bildquelle: Mit freundlicher Genehmigung von <a href=\"http:\/\/www.rhein-neckar-picture.de\/\" target=\"_blank\">&#8220;Rhein-Neckar-Picture&#8221;<\/a><\/p>\n<p>&nbsp;<\/p>\n","protected":false},"excerpt":{"rendered":"<p>Adler \u00fcberreichen einen Scheck in H\u00f6he von 20.000 Euro 15. Januar 2012 Vor dem Spiel der Adler gegen die Eisb\u00e4ren Berlin in der SAP ARENA konnte Adler-Gesch\u00e4ftsf\u00fchrer Matthias Binder stellvertretend f\u00fcr &#8220;Adler helfen Menschen e.V.&#8221; einen Scheck in H\u00f6he von 20.000 Euro an Martin Stachniss, dem ersten Vorsitzenden der Deutsche Leuk\u00e4mie Forschungshilfe \u2013 Aktion f\u00fcr &hellip; <a href=\"https:\/\/www.rosyskidscorner.de\/?page_id=156\" class=\"more-link\">Continue reading <span class=\"screen-reader-text\">Presse: &#8220;Spiel der leuchtenden Herzen&#8221; am 23.12.2011 in der SAP ARENA Mannheim<\/span> <span class=\"meta-nav\">&rarr;<\/span><\/a><\/p>\n","protected":false},"author":1,"featured_media":0,"parent":0,"menu_order":0,"comment_status":"closed","ping_status":"closed","template":"","meta":{"footnotes":""},"class_list":["post-156","page","type-page","status-publish","hentry"],"_links":{"self":[{"href":"https:\/\/www.rosyskidscorner.de\/index.php?rest_route=\/wp\/v2\/pages\/156","targetHints":{"allow":["GET"]}}],"collection":[{"href":"https:\/\/www.rosyskidscorner.de\/index.php?rest_route=\/wp\/v2\/pages"}],"about":[{"href":"https:\/\/www.rosyskidscorner.de\/index.php?rest_route=\/wp\/v2\/types\/page"}],"author":[{"embeddable":true,"href":"https:\/\/www.rosyskidscorner.de\/index.php?rest_route=\/wp\/v2\/users\/1"}],"replies":[{"embeddable":true,"href":"https:\/\/www.rosyskidscorner.de\/index.php?rest_route=%2Fwp%2Fv2%2Fcomments&post=156"}],"version-history":[{"count":2,"href":"https:\/\/www.rosyskidscorner.de\/index.php?rest_route=\/wp\/v2\/pages\/156\/revisions"}],"predecessor-version":[{"id":1927,"href":"https:\/\/www.rosyskidscorner.de\/index.php?rest_route=\/wp\/v2\/pages\/156\/revisions\/1927"}],"wp:attachment":[{"href":"https:\/\/www.rosyskidscorner.de\/index.php?rest_route=%2Fwp%2Fv2%2Fmedia&parent=156"}],"curies":[{"name":"wp","href":"https:\/\/api.w.org\/{rel}","templated":true}]}}