{"id":166,"date":"2015-02-05T13:33:27","date_gmt":"2015-02-05T12:33:27","guid":{"rendered":"http:\/\/new.rosyskidscorner.de\/?page_id=166"},"modified":"2015-02-05T19:44:00","modified_gmt":"2015-02-05T18:44:00","slug":"presse-spiel-der-leuchtenden-herzen-am-21-12-2012-in-der-sap-arena-mannheim","status":"publish","type":"page","link":"https:\/\/www.rosyskidscorner.de\/?page_id=166","title":{"rendered":"Presse: &#8220;Spiel der leuchtenden Herzen&#8221; am 21.12.2012 in der SAP ARENA Mannheim"},"content":{"rendered":"<h6>Adler \u00fcberreichen Scheck an Rosys Kids Corner<\/h6>\n<p>14. Januar 2013<\/p>\n<p>Am 21. Dezember 2012 fand das Spiel der leuchtenden Herzen in der SAP Arena statt. Auch 2012 verkauften Adlerfans wieder \u00fcber 10.000 Blinkherzen f\u00fcr einen guten Zweck. Vor dem Spiel der Adler gegen die Grizzly Adams Wolfsburg freute sich Adler-Gesch\u00e4ftsf\u00fchrer Matthias Binder, einen Scheck in H\u00f6he von 20.000 Euro an Rosys Kids Corner \u00fcberreichen zu k\u00f6nnen. Die Adler und der Verein \u201eAdler helfen Menschen e.V.\u201c bedanken sich bei allen Spendern und Helfern, die durch ihren Einsatz solche Hilfen erm\u00f6glichen.<\/p>\n<p>\u201eAdler helfen Menschen e.V.\u201c ist ein gemeinn\u00fctziger Verein, der es sich zur Aufgabe gemacht hat, unschuldig in Not geratenen Menschen schnell und unb\u00fcrokratisch zu helfen.<\/p>\n<p>Quelle: <a href=\"http:\/\/www.adler-mannheim.de\/news.php?d%5Bnr%5D=3605&amp;more=yes&amp;naid=\" target=\"_blank\">Offizielle Homepage der Adler Mannheim <\/a><\/p>\n<h6>Foto von der Spenden\u00fcbergabe<\/h6>\n<p><a href=\"https:\/\/www.rosyskidscorner.de\/wp-content\/uploads\/2015\/02\/presse_spendenuebergabe2013.jpg\"><img loading=\"lazy\" decoding=\"async\" class=\"alignnone size-medium wp-image-167\" src=\"https:\/\/www.rosyskidscorner.de\/wp-content\/uploads\/2015\/02\/presse_spendenuebergabe2013-300x200.jpg\" alt=\"Deutsche Eishockey Liga, Adler Mannheim - Grizzly Adams Wolfsburg\" width=\"300\" height=\"200\" srcset=\"https:\/\/www.rosyskidscorner.de\/wp-content\/uploads\/2015\/02\/presse_spendenuebergabe2013-300x200.jpg 300w, https:\/\/www.rosyskidscorner.de\/wp-content\/uploads\/2015\/02\/presse_spendenuebergabe2013.jpg 800w\" sizes=\"auto, (max-width: 300px) 100vw, 300px\" \/><\/a><\/p>\n<p>Bildquelle: Mit freundlicher Genehmigung von <a href=\"http:\/\/www.ice-hockey-picture-24.de\/\" target=\"_blank\">&#8220;Ice-Hockey-Picture-24&#8221;<\/a><\/p>\n","protected":false},"excerpt":{"rendered":"<p>Adler \u00fcberreichen Scheck an Rosys Kids Corner 14. Januar 2013 Am 21. Dezember 2012 fand das Spiel der leuchtenden Herzen in der SAP Arena statt. Auch 2012 verkauften Adlerfans wieder \u00fcber 10.000 Blinkherzen f\u00fcr einen guten Zweck. Vor dem Spiel der Adler gegen die Grizzly Adams Wolfsburg freute sich Adler-Gesch\u00e4ftsf\u00fchrer Matthias Binder, einen Scheck in &hellip; <a href=\"https:\/\/www.rosyskidscorner.de\/?page_id=166\" class=\"more-link\">Continue reading <span class=\"screen-reader-text\">Presse: &#8220;Spiel der leuchtenden Herzen&#8221; am 21.12.2012 in der SAP ARENA Mannheim<\/span> <span class=\"meta-nav\">&rarr;<\/span><\/a><\/p>\n","protected":false},"author":1,"featured_media":0,"parent":0,"menu_order":0,"comment_status":"closed","ping_status":"closed","template":"","meta":{"footnotes":""},"class_list":["post-166","page","type-page","status-publish","hentry"],"_links":{"self":[{"href":"https:\/\/www.rosyskidscorner.de\/index.php?rest_route=\/wp\/v2\/pages\/166","targetHints":{"allow":["GET"]}}],"collection":[{"href":"https:\/\/www.rosyskidscorner.de\/index.php?rest_route=\/wp\/v2\/pages"}],"about":[{"href":"https:\/\/www.rosyskidscorner.de\/index.php?rest_route=\/wp\/v2\/types\/page"}],"author":[{"embeddable":true,"href":"https:\/\/www.rosyskidscorner.de\/index.php?rest_route=\/wp\/v2\/users\/1"}],"replies":[{"embeddable":true,"href":"https:\/\/www.rosyskidscorner.de\/index.php?rest_route=%2Fwp%2Fv2%2Fcomments&post=166"}],"version-history":[{"count":2,"href":"https:\/\/www.rosyskidscorner.de\/index.php?rest_route=\/wp\/v2\/pages\/166\/revisions"}],"predecessor-version":[{"id":1929,"href":"https:\/\/www.rosyskidscorner.de\/index.php?rest_route=\/wp\/v2\/pages\/166\/revisions\/1929"}],"wp:attachment":[{"href":"https:\/\/www.rosyskidscorner.de\/index.php?rest_route=%2Fwp%2Fv2%2Fmedia&parent=166"}],"curies":[{"name":"wp","href":"https:\/\/api.w.org\/{rel}","templated":true}]}}