{"id":169,"date":"2015-02-05T13:34:28","date_gmt":"2015-02-05T12:34:28","guid":{"rendered":"http:\/\/new.rosyskidscorner.de\/?page_id=169"},"modified":"2015-02-05T19:44:35","modified_gmt":"2015-02-05T18:44:35","slug":"presse-spiel-der-leuchtenden-herzen-am-22-12-2013-in-der-sap-arena-mannheim","status":"publish","type":"page","link":"https:\/\/www.rosyskidscorner.de\/?page_id=169","title":{"rendered":"Presse: &#8220;Spiel der leuchtenden Herzen&#8221; am 22.12.2013 in der SAP ARENA Mannheim"},"content":{"rendered":"<h6>Adler \u00fcberreichen Scheck an Rosys Kids Corner<\/h6>\n<p>27. Januar 2014<\/p>\n<p>\u00dcber 10.000 Blinkherzen verkauften die Adler-Fans am 22.12.2013 beim Spiel der leuchtenden Herzen f\u00fcr einen guten Zweck. Vor der Partie gegen die Straubing Tigers \u00fcberreichte Adler-Gesch\u00e4ftsf\u00fchrer Matthias Binder einen Scheck in H\u00f6he von 21.000 Euro an Rosys Kids Corner, der von Martin Stachniss, 1. Vorsitzender des Vereins &#8220;Deutsche Leuk\u00e4mie-Forschungs-Hilfe Ortsverband Mannheim e.V.&#8221;, dankend in Empfang genommen wurde.<\/p>\n<p>Die Adler und der Verein &#8220;Adler helfen Menschen e.V.&#8221; bedanken sich bei allen Spendern und Helfern, die durch ihr Engagement solche Hilfen erm\u00f6glichen und somit hilfsbed\u00fcrftigen Menschen eine gro\u00dfe Freude machen.<\/p>\n<p>Quelle: <a href=\"http:\/\/www.adler-mannheim.de\/news.php?d%5Bnr%5D=4016&amp;more=yes&amp;naid=&amp;d%5Bbereich%5D=Startseite\" target=\"_blank\">Offizielle Homepage der Adler Mannheim <\/a><\/p>\n<p><a href=\"https:\/\/www.rosyskidscorner.de\/wp-content\/uploads\/2015\/02\/presse_spendenuebergabe2013_anz.jpg\"><img loading=\"lazy\" decoding=\"async\" class=\"alignnone size-medium wp-image-170\" src=\"https:\/\/www.rosyskidscorner.de\/wp-content\/uploads\/2015\/02\/presse_spendenuebergabe2013_anz-300x214.jpg\" alt=\"presse_spendenuebergabe2013_anz\" width=\"300\" height=\"214\" srcset=\"https:\/\/www.rosyskidscorner.de\/wp-content\/uploads\/2015\/02\/presse_spendenuebergabe2013_anz-300x214.jpg 300w, https:\/\/www.rosyskidscorner.de\/wp-content\/uploads\/2015\/02\/presse_spendenuebergabe2013_anz.jpg 928w\" sizes=\"auto, (max-width: 300px) 100vw, 300px\" \/><\/a><\/p>\n","protected":false},"excerpt":{"rendered":"<p>Adler \u00fcberreichen Scheck an Rosys Kids Corner 27. Januar 2014 \u00dcber 10.000 Blinkherzen verkauften die Adler-Fans am 22.12.2013 beim Spiel der leuchtenden Herzen f\u00fcr einen guten Zweck. Vor der Partie gegen die Straubing Tigers \u00fcberreichte Adler-Gesch\u00e4ftsf\u00fchrer Matthias Binder einen Scheck in H\u00f6he von 21.000 Euro an Rosys Kids Corner, der von Martin Stachniss, 1. Vorsitzender &hellip; <a href=\"https:\/\/www.rosyskidscorner.de\/?page_id=169\" class=\"more-link\">Continue reading <span class=\"screen-reader-text\">Presse: &#8220;Spiel der leuchtenden Herzen&#8221; am 22.12.2013 in der SAP ARENA Mannheim<\/span> <span class=\"meta-nav\">&rarr;<\/span><\/a><\/p>\n","protected":false},"author":1,"featured_media":0,"parent":0,"menu_order":0,"comment_status":"closed","ping_status":"closed","template":"","meta":{"footnotes":""},"class_list":["post-169","page","type-page","status-publish","hentry"],"_links":{"self":[{"href":"https:\/\/www.rosyskidscorner.de\/index.php?rest_route=\/wp\/v2\/pages\/169","targetHints":{"allow":["GET"]}}],"collection":[{"href":"https:\/\/www.rosyskidscorner.de\/index.php?rest_route=\/wp\/v2\/pages"}],"about":[{"href":"https:\/\/www.rosyskidscorner.de\/index.php?rest_route=\/wp\/v2\/types\/page"}],"author":[{"embeddable":true,"href":"https:\/\/www.rosyskidscorner.de\/index.php?rest_route=\/wp\/v2\/users\/1"}],"replies":[{"embeddable":true,"href":"https:\/\/www.rosyskidscorner.de\/index.php?rest_route=%2Fwp%2Fv2%2Fcomments&post=169"}],"version-history":[{"count":2,"href":"https:\/\/www.rosyskidscorner.de\/index.php?rest_route=\/wp\/v2\/pages\/169\/revisions"}],"predecessor-version":[{"id":1930,"href":"https:\/\/www.rosyskidscorner.de\/index.php?rest_route=\/wp\/v2\/pages\/169\/revisions\/1930"}],"wp:attachment":[{"href":"https:\/\/www.rosyskidscorner.de\/index.php?rest_route=%2Fwp%2Fv2%2Fmedia&parent=169"}],"curies":[{"name":"wp","href":"https:\/\/api.w.org\/{rel}","templated":true}]}}