{"id":172,"date":"2015-02-05T13:35:22","date_gmt":"2015-02-05T12:35:22","guid":{"rendered":"http:\/\/new.rosyskidscorner.de\/?page_id=172"},"modified":"2015-02-05T19:45:05","modified_gmt":"2015-02-05T18:45:05","slug":"presse-spiel-der-leuchtenden-herzen-am-23-12-2014-in-der-sap-arena-mannheim","status":"publish","type":"page","link":"https:\/\/www.rosyskidscorner.de\/?page_id=172","title":{"rendered":"Presse: &#8220;Spiel der leuchtenden Herzen&#8221; am 23.12.2014 in der SAP ARENA Mannheim"},"content":{"rendered":"<h6>22.000 Euro f\u00fcr Rosys Kids Corner<\/h6>\n<p>11. Januar 2015<\/p>\n<p>Das &#8220;Spiel der leuchtenden Herzen&#8221; am 23.12. vergangenen Jahres war wieder einmal ein voller Erfolg. \u00dcber 14.000 blinkende Herzen kauften die Adler-Fans bei dem Spiel, die Einnahmen daraus werden wie in jedem Jahr f\u00fcr einen guten Zweck zur Verf\u00fcgung gestellt. Vor der Partie der Adler gegen die Eisb\u00e4ren aus Berlin \u00fcberreichte Adler-Gesch\u00e4ftsf\u00fchrer Matthias Binder einen Scheck in H\u00f6he von 22.000 Euro an Rosys Kids Corner, der von Martin Stachniss, 1. Vorsitzender des Vereins &#8220;Deutsche Leuk\u00e4mie-Forschungs-Hilfe Ortsverband Mannheim e.V.&#8221;, dankend in Empfang genommen wurde.<\/p>\n<p>Die Adler und der Verein &#8220;Adler helfen Menschen e.V.&#8221; bedanken sich bei allen Spendern und Helfern, die durch ihr Engagement solche Hilfen erm\u00f6glichen und somit hilfsbed\u00fcrftigen Menschen eine gro\u00dfe Freude machen.<\/p>\n<p>Quelle: <a href=\"http:\/\/www.adler-mannheim.de\/news.php?d%5Bnr%5D=4455&amp;more=yes&amp;naid=&amp;d%5Bbereich%5D=News\" target=\"_blank\">Offizielle Homepage der Adler Mannheim <\/a><\/p>\n<p><a href=\"https:\/\/www.rosyskidscorner.de\/wp-content\/uploads\/2015\/02\/presse_spendenuebergabe2014.jpg\"><img loading=\"lazy\" decoding=\"async\" class=\"alignnone size-medium wp-image-173\" src=\"https:\/\/www.rosyskidscorner.de\/wp-content\/uploads\/2015\/02\/presse_spendenuebergabe2014-300x200.jpg\" alt=\"Anz_Herzen_2014_60x40_01.indd\" width=\"300\" height=\"200\" srcset=\"https:\/\/www.rosyskidscorner.de\/wp-content\/uploads\/2015\/02\/presse_spendenuebergabe2014-300x200.jpg 300w, https:\/\/www.rosyskidscorner.de\/wp-content\/uploads\/2015\/02\/presse_spendenuebergabe2014.jpg 800w\" sizes=\"auto, (max-width: 300px) 100vw, 300px\" \/><\/a><\/p>\n","protected":false},"excerpt":{"rendered":"<p>22.000 Euro f\u00fcr Rosys Kids Corner 11. Januar 2015 Das &#8220;Spiel der leuchtenden Herzen&#8221; am 23.12. vergangenen Jahres war wieder einmal ein voller Erfolg. \u00dcber 14.000 blinkende Herzen kauften die Adler-Fans bei dem Spiel, die Einnahmen daraus werden wie in jedem Jahr f\u00fcr einen guten Zweck zur Verf\u00fcgung gestellt. Vor der Partie der Adler gegen &hellip; <a href=\"https:\/\/www.rosyskidscorner.de\/?page_id=172\" class=\"more-link\">Continue reading <span class=\"screen-reader-text\">Presse: &#8220;Spiel der leuchtenden Herzen&#8221; am 23.12.2014 in der SAP ARENA Mannheim<\/span> <span class=\"meta-nav\">&rarr;<\/span><\/a><\/p>\n","protected":false},"author":1,"featured_media":0,"parent":0,"menu_order":0,"comment_status":"closed","ping_status":"closed","template":"","meta":{"footnotes":""},"class_list":["post-172","page","type-page","status-publish","hentry"],"_links":{"self":[{"href":"https:\/\/www.rosyskidscorner.de\/index.php?rest_route=\/wp\/v2\/pages\/172","targetHints":{"allow":["GET"]}}],"collection":[{"href":"https:\/\/www.rosyskidscorner.de\/index.php?rest_route=\/wp\/v2\/pages"}],"about":[{"href":"https:\/\/www.rosyskidscorner.de\/index.php?rest_route=\/wp\/v2\/types\/page"}],"author":[{"embeddable":true,"href":"https:\/\/www.rosyskidscorner.de\/index.php?rest_route=\/wp\/v2\/users\/1"}],"replies":[{"embeddable":true,"href":"https:\/\/www.rosyskidscorner.de\/index.php?rest_route=%2Fwp%2Fv2%2Fcomments&post=172"}],"version-history":[{"count":2,"href":"https:\/\/www.rosyskidscorner.de\/index.php?rest_route=\/wp\/v2\/pages\/172\/revisions"}],"predecessor-version":[{"id":1931,"href":"https:\/\/www.rosyskidscorner.de\/index.php?rest_route=\/wp\/v2\/pages\/172\/revisions\/1931"}],"wp:attachment":[{"href":"https:\/\/www.rosyskidscorner.de\/index.php?rest_route=%2Fwp%2Fv2%2Fmedia&parent=172"}],"curies":[{"name":"wp","href":"https:\/\/api.w.org\/{rel}","templated":true}]}}