{"id":180,"date":"2015-02-05T13:46:03","date_gmt":"2015-02-05T12:46:03","guid":{"rendered":"http:\/\/new.rosyskidscorner.de\/?page_id=180"},"modified":"2015-02-05T13:46:09","modified_gmt":"2015-02-05T12:46:09","slug":"bisherige-events-mein-erlebnis-beim-eishockey-spiel","status":"publish","type":"page","link":"https:\/\/www.rosyskidscorner.de\/?page_id=180","title":{"rendered":"Bisherige Events: Mein Erlebnis beim Eishockey-Spiel"},"content":{"rendered":"<p>Hallo, mein Name ist <strong>Andreas<\/strong>, ich bin 11 Jahre alt und habe seit einem halben Jahr Leuk\u00e4mie. Die wird aber behandelt hier in Mannheim.<\/p>\n<p>Ich m\u00f6chte euch mal von den &#8220;Mannheimer Adlern&#8221; erz\u00e4hlen, also dem Eishockey-Verein, der hier sogar ein eigenes Stadion gebaut kriegt. Die Adler haben n\u00e4mlich f\u00fcr unsere Station extra im Super-Bereich einen Tisch reserviert, wo alle Kinder und Jugendlichen, die nicht in &#8216;ner Menschenmasse stehen d\u00fcrfen, einem Spiel zuschauen k\u00f6nnen!<\/p>\n<p>Als ich zum ersten Mal dahin durfte, da war ich so schlapp, dass ich im Rollstuhl gefahren wurde. Aber egal, ich sah total aus wie alle Fans. Unglaublich: alles war blau-wei\u00df-rot! Sr. Karen (das ist die, die das immer organisiert f\u00fcr uns) hat uns schon vorher eine Kappe und einen Schal geschenkt und nen Aufkleber! Das mit der Kappe war cool, weil ich ja keine Haare habe und niemand etwas merken konnte! Ja, und dann ging&#8217;s rein in diesen &#8220;VIP-Bereich&#8221; \u2013 voll krass!! Auf dem Tisch erst mal: eine Riesenschale mit Chips, die immer wieder aufgef\u00fcllt werden, wenn sie leer sind. Dann hab ich gerade meinen Platz direkt hinter dem Fenster (das oben links hinter dem Tor) besetzt, als eine ganz nette Kellnerin fragt, was ich trinken m\u00f6chte (ha, Cola nat\u00fcrlich, aber ich durfte alles nehmen, was ich wollte)! In der Ecke von dem Raum haben sie ein Riesen-Buffet aufgebaut, da hab ich dann richtig Appetit gekriegt auf Kirschstreuselkuchen und diesen Spezial-Nudelsalat, der schmeckt voll lecker! Da gab&#8217;s sogar Kn\u00f6del! Irgendwie ist mir an dem ganzen Abend \u00fcberhaupt nicht schlecht geworden, obwohl ich alles durcheinander gegessen hab!<\/p>\n<p>Und als dann das Spiel losging mit den Trommeln und Rufen, da haben wir das Fenster ge\u00f6ffnet und alles so richtig mitgekriegt, da kann man gar nicht anders als mitmachen! Neben mir sa\u00dfen noch 4 andere Jungs und M\u00e4dchen, auch alle in Alder-Sachen, manche hatten sogar schon Unterschriften auf der Kappe, weil Sie schon \u00f6fter mitdurften, na ja, wir haben jedenfalls alle total laut geklatscht und gesungen (und Sr. Karen hat uns gesagt, wann wir nicht klatschen d\u00fcrfen!)<\/p>\n","protected":false},"excerpt":{"rendered":"<p>Hallo, mein Name ist Andreas, ich bin 11 Jahre alt und habe seit einem halben Jahr Leuk\u00e4mie. Die wird aber behandelt hier in Mannheim. Ich m\u00f6chte euch mal von den &#8220;Mannheimer Adlern&#8221; erz\u00e4hlen, also dem Eishockey-Verein, der hier sogar ein eigenes Stadion gebaut kriegt. Die Adler haben n\u00e4mlich f\u00fcr unsere Station extra im Super-Bereich einen &hellip; <a href=\"https:\/\/www.rosyskidscorner.de\/?page_id=180\" class=\"more-link\">Continue reading <span class=\"screen-reader-text\">Bisherige Events: Mein Erlebnis beim Eishockey-Spiel<\/span> <span class=\"meta-nav\">&rarr;<\/span><\/a><\/p>\n","protected":false},"author":1,"featured_media":0,"parent":0,"menu_order":0,"comment_status":"closed","ping_status":"closed","template":"","meta":{"footnotes":""},"class_list":["post-180","page","type-page","status-publish","hentry"],"_links":{"self":[{"href":"https:\/\/www.rosyskidscorner.de\/index.php?rest_route=\/wp\/v2\/pages\/180","targetHints":{"allow":["GET"]}}],"collection":[{"href":"https:\/\/www.rosyskidscorner.de\/index.php?rest_route=\/wp\/v2\/pages"}],"about":[{"href":"https:\/\/www.rosyskidscorner.de\/index.php?rest_route=\/wp\/v2\/types\/page"}],"author":[{"embeddable":true,"href":"https:\/\/www.rosyskidscorner.de\/index.php?rest_route=\/wp\/v2\/users\/1"}],"replies":[{"embeddable":true,"href":"https:\/\/www.rosyskidscorner.de\/index.php?rest_route=%2Fwp%2Fv2%2Fcomments&post=180"}],"version-history":[{"count":2,"href":"https:\/\/www.rosyskidscorner.de\/index.php?rest_route=\/wp\/v2\/pages\/180\/revisions"}],"predecessor-version":[{"id":182,"href":"https:\/\/www.rosyskidscorner.de\/index.php?rest_route=\/wp\/v2\/pages\/180\/revisions\/182"}],"wp:attachment":[{"href":"https:\/\/www.rosyskidscorner.de\/index.php?rest_route=%2Fwp%2Fv2%2Fmedia&parent=180"}],"curies":[{"name":"wp","href":"https:\/\/api.w.org\/{rel}","templated":true}]}}