{"id":186,"date":"2015-02-05T13:48:42","date_gmt":"2015-02-05T12:48:42","guid":{"rendered":"http:\/\/new.rosyskidscorner.de\/?page_id=186"},"modified":"2015-02-05T19:47:14","modified_gmt":"2015-02-05T18:47:14","slug":"bisherige-events-was-passiert-wenn-schwester-karen-anruft","status":"publish","type":"page","link":"https:\/\/www.rosyskidscorner.de\/?page_id=186","title":{"rendered":"Bisherige Events: Was passiert, wenn Schwester Karen anruft?"},"content":{"rendered":"<p>Hallo, ich hei\u00dfe <strong>Tobias<\/strong> und ich bin im Krankenhaus.<\/p>\n<p>Dort habe ich Schwester Karen kennengelernt. Sie organisiert, wer von den Kindern, die im Krankenhaus sind, zum Adlerspiel kommen darf. Aber es d\u00fcrfen auch Kinder mit, die nicht mehr im Kankenhaus liegen. Wenn Schwester Karen anruft, geht wie immer meistens Mama ans Telefon. Sie sagt mir dann, wenn ich aus der Schule komme, dass f\u00fcr mich noch ein Platz frei ist. Ich freue mich jedes Mal riesig und stimme mich dann den halben Tag auf das Spiel ein.<\/p>\n<p><a href=\"https:\/\/www.rosyskidscorner.de\/wp-content\/uploads\/2015\/02\/events_tobias.jpg\"><img loading=\"lazy\" decoding=\"async\" class=\"alignnone size-medium wp-image-187\" src=\"https:\/\/www.rosyskidscorner.de\/wp-content\/uploads\/2015\/02\/events_tobias-270x300.jpg\" alt=\"events_tobias\" width=\"270\" height=\"300\" srcset=\"https:\/\/www.rosyskidscorner.de\/wp-content\/uploads\/2015\/02\/events_tobias-270x300.jpg 270w, https:\/\/www.rosyskidscorner.de\/wp-content\/uploads\/2015\/02\/events_tobias.jpg 400w\" sizes=\"auto, (max-width: 270px) 100vw, 270px\" \/><\/a><\/p>\n<p>Ich ziehe mein Adlertrikot an, setze die Kappe auf und hole meine Fahne. Die Zeit, bis es dann losgeht, vergeht dann ganz langsam und ich dr\u00e4ngle dann immer, dass wir losm\u00fcssen. Wir sind aber dann immer zu fr\u00fch da. Das macht aber nichts, denn da kann man die tolle Stimmung genie\u00dfen.<\/p>\n<p>Ich finde es toll von Schwester Karen, dass sie sich so viel M\u00fche f\u00fcr die Kinder gibt, und von den Adlern finde ich es klasse, dass wir immer kommen d\u00fcrfen und so ein bisschen erleben k\u00f6nnen, wie es hinter den Kulissen abgeht.<\/p>\n","protected":false},"excerpt":{"rendered":"<p>Hallo, ich hei\u00dfe Tobias und ich bin im Krankenhaus. Dort habe ich Schwester Karen kennengelernt. Sie organisiert, wer von den Kindern, die im Krankenhaus sind, zum Adlerspiel kommen darf. Aber es d\u00fcrfen auch Kinder mit, die nicht mehr im Kankenhaus liegen. Wenn Schwester Karen anruft, geht wie immer meistens Mama ans Telefon. Sie sagt mir &hellip; <a href=\"https:\/\/www.rosyskidscorner.de\/?page_id=186\" class=\"more-link\">Continue reading <span class=\"screen-reader-text\">Bisherige Events: Was passiert, wenn Schwester Karen anruft?<\/span> <span class=\"meta-nav\">&rarr;<\/span><\/a><\/p>\n","protected":false},"author":1,"featured_media":0,"parent":0,"menu_order":0,"comment_status":"closed","ping_status":"closed","template":"","meta":{"footnotes":""},"class_list":["post-186","page","type-page","status-publish","hentry"],"_links":{"self":[{"href":"https:\/\/www.rosyskidscorner.de\/index.php?rest_route=\/wp\/v2\/pages\/186","targetHints":{"allow":["GET"]}}],"collection":[{"href":"https:\/\/www.rosyskidscorner.de\/index.php?rest_route=\/wp\/v2\/pages"}],"about":[{"href":"https:\/\/www.rosyskidscorner.de\/index.php?rest_route=\/wp\/v2\/types\/page"}],"author":[{"embeddable":true,"href":"https:\/\/www.rosyskidscorner.de\/index.php?rest_route=\/wp\/v2\/users\/1"}],"replies":[{"embeddable":true,"href":"https:\/\/www.rosyskidscorner.de\/index.php?rest_route=%2Fwp%2Fv2%2Fcomments&post=186"}],"version-history":[{"count":2,"href":"https:\/\/www.rosyskidscorner.de\/index.php?rest_route=\/wp\/v2\/pages\/186\/revisions"}],"predecessor-version":[{"id":1934,"href":"https:\/\/www.rosyskidscorner.de\/index.php?rest_route=\/wp\/v2\/pages\/186\/revisions\/1934"}],"wp:attachment":[{"href":"https:\/\/www.rosyskidscorner.de\/index.php?rest_route=%2Fwp%2Fv2%2Fmedia&parent=186"}],"curies":[{"name":"wp","href":"https:\/\/api.w.org\/{rel}","templated":true}]}}