{"id":189,"date":"2015-02-05T13:53:47","date_gmt":"2015-02-05T12:53:47","guid":{"rendered":"http:\/\/new.rosyskidscorner.de\/?page_id=189"},"modified":"2015-02-05T19:47:41","modified_gmt":"2015-02-05T18:47:41","slug":"bisherige-events-abschiedsfest-mike-rosati","status":"publish","type":"page","link":"https:\/\/www.rosyskidscorner.de\/?page_id=189","title":{"rendered":"Bisherige Events: Abschiedsfest Mike Rosati"},"content":{"rendered":"<p>Bevor Mike Rosati nach der Saison 2002 \/ 2003 die Mannheimer Adler verlie\u00df und zu den Heilbronner Falken wechselte, veranstalteten wir f\u00fcr ihn ein gro\u00dfes Abschiedsfest auf der Terasse in der alten Kinderklinik in der Grenadierstra\u00dfe. Als Dank f\u00fcr sein gro\u00dfes Engagement \u00fcberreichten wir ihm drei bunte Fotoalben, in denen die Kinder und deren Eltern als Erinnerung eine Widmung f\u00fcr Mike schrieben. Hier ein paar Ausz\u00fcge und Bilder!<\/p>\n<p><a href=\"https:\/\/www.rosyskidscorner.de\/wp-content\/uploads\/2015\/02\/events_abschiedsfoto1_sized.jpg\"><img loading=\"lazy\" decoding=\"async\" class=\"alignnone size-medium wp-image-190\" src=\"https:\/\/www.rosyskidscorner.de\/wp-content\/uploads\/2015\/02\/events_abschiedsfoto1_sized-300x205.jpg\" alt=\"events_abschiedsfoto1_sized\" width=\"300\" height=\"205\" \/><\/a> <a href=\"https:\/\/www.rosyskidscorner.de\/wp-content\/uploads\/2015\/02\/events_abschiedsfoto2_sized.jpg\"><img loading=\"lazy\" decoding=\"async\" class=\"alignnone size-medium wp-image-191\" src=\"https:\/\/www.rosyskidscorner.de\/wp-content\/uploads\/2015\/02\/events_abschiedsfoto2_sized-300x205.jpg\" alt=\"events_abschiedsfoto2_sized\" width=\"300\" height=\"205\" \/><\/a> <a href=\"https:\/\/www.rosyskidscorner.de\/wp-content\/uploads\/2015\/02\/events_abschiedsfoto3_sized.jpg\"><img loading=\"lazy\" decoding=\"async\" class=\"alignnone size-medium wp-image-192\" src=\"https:\/\/www.rosyskidscorner.de\/wp-content\/uploads\/2015\/02\/events_abschiedsfoto3_sized-300x205.jpg\" alt=\"events_abschiedsfoto3_sized\" width=\"300\" height=\"205\" \/><\/a> <a href=\"https:\/\/www.rosyskidscorner.de\/wp-content\/uploads\/2015\/02\/events_abschiedsfoto4_sized.jpg\"><img loading=\"lazy\" decoding=\"async\" class=\"alignnone size-medium wp-image-193\" src=\"https:\/\/www.rosyskidscorner.de\/wp-content\/uploads\/2015\/02\/events_abschiedsfoto4_sized-197x300.jpg\" alt=\"events_abschiedsfoto4_sized\" width=\"197\" height=\"300\" \/><\/a> <a href=\"https:\/\/www.rosyskidscorner.de\/wp-content\/uploads\/2015\/02\/events_abschiedsfoto5_sized.jpg\"><img loading=\"lazy\" decoding=\"async\" class=\"alignnone size-medium wp-image-194\" src=\"https:\/\/www.rosyskidscorner.de\/wp-content\/uploads\/2015\/02\/events_abschiedsfoto5_sized-300x204.jpg\" alt=\"events_abschiedsfoto5_sized\" width=\"300\" height=\"204\" \/><\/a> <a href=\"https:\/\/www.rosyskidscorner.de\/wp-content\/uploads\/2015\/02\/events_abschiedsfoto6_sized.jpg\"><img loading=\"lazy\" decoding=\"async\" class=\"alignnone size-medium wp-image-195\" src=\"https:\/\/www.rosyskidscorner.de\/wp-content\/uploads\/2015\/02\/events_abschiedsfoto6_sized-300x205.jpg\" alt=\"events_abschiedsfoto6_sized\" width=\"300\" height=\"205\" \/><\/a><\/p>\n<hr \/>\n<p>&nbsp;<\/p>\n<h6>Abschiedsbrief von Schwester Karen an Mike Rosati<\/h6>\n<p><em>Dear Mike,<\/em><\/p>\n<p><em>before you will leave Mannheim and the eagles, the kids, Mr. Stachniss and myself want to resent you this special album. Hopefully you will never forget us! You can be sure that we will not either.<\/em><\/p>\n<p><em>Do you remember&#8230; three years ago&#8230; that was the first time you visited us at our station K9 in the Grenadierstr. You gave us season tickets for 2000\/2001. It was a sunny day and we were standing outside on the balcony. Some kids joined us and it was funny to see how shy they were asking for a signature. Right? Eh! I Think for you it was exciting too and you didn&#8217;t know what the future would bring. It seemed to be a big adventure too. I couldn&#8217;t know if the kids would be interessted in hockey, if they would accept the idea to visit you at game days, asking you a lot of questions in little &#8220;interviews&#8221;.<\/em><\/p>\n<p><em>The last 3 years of Rosys Kids Corner became a very successful story and you have always been the head of all this. You know that the kids really love you!<\/em><\/p>\n<p><em>Nowadays they are interested in hockey, especially for the job of the goalie, some tried to play street-hockey or joined a club. But the most important thing has been, that for almost all of our little &#8220;patients&#8221; it has been the best therapy they could get to win their fight against cancer. You gave them the power, because they saw you fight on the ice and they wanted to do the same for winnig their &#8220;game of life&#8221;.<\/em><\/p>\n<p><em>Believe me, we had so much fun in every single game and you have always been their idol. They will never forget you and they are very proud to know the best goaltender Mannheim has ever seen. I have to say thousands of &#8220;thank you&#8221; for everything. It was wonderful! You are a great guy, an oustanding goalie with a big big heart.<\/em><\/p>\n<p><em>Unfortunately for all of us it is time to say good bye. I wish you and your family all the very best. Don&#8217;t forget us and take care, &#8230;and hopefully we will see you again real soon.<\/em><\/p>\n<p><em>Alles Gute<\/em><br \/>\n<em> <strong>Yours Karen<\/strong><\/em><\/p>\n<p><a href=\"https:\/\/www.rosyskidscorner.de\/wp-content\/uploads\/2015\/02\/events_mike_karen.jpg\"><img loading=\"lazy\" decoding=\"async\" class=\"alignnone size-medium wp-image-196\" src=\"https:\/\/www.rosyskidscorner.de\/wp-content\/uploads\/2015\/02\/events_mike_karen-300x214.jpg\" alt=\"events_mike_karen\" width=\"300\" height=\"214\" srcset=\"https:\/\/www.rosyskidscorner.de\/wp-content\/uploads\/2015\/02\/events_mike_karen-300x214.jpg 300w, https:\/\/www.rosyskidscorner.de\/wp-content\/uploads\/2015\/02\/events_mike_karen.jpg 439w\" sizes=\"auto, (max-width: 300px) 100vw, 300px\" \/><\/a><\/p>\n<hr \/>\n<p>&nbsp;<\/p>\n<h6 class=\"header-mainpage\">Ausz\u00fcge aus den Abschiedsalben<\/h6>\n<div class=\"header-mainpage\"><a href=\"https:\/\/www.rosyskidscorner.de\/wp-content\/uploads\/2015\/02\/events_abschiedsalbum01.jpg\"><img loading=\"lazy\" decoding=\"async\" class=\"alignnone size-medium wp-image-197\" src=\"https:\/\/www.rosyskidscorner.de\/wp-content\/uploads\/2015\/02\/events_abschiedsalbum01-300x274.jpg\" alt=\"events_abschiedsalbum01\" width=\"300\" height=\"274\" srcset=\"https:\/\/www.rosyskidscorner.de\/wp-content\/uploads\/2015\/02\/events_abschiedsalbum01-300x274.jpg 300w, https:\/\/www.rosyskidscorner.de\/wp-content\/uploads\/2015\/02\/events_abschiedsalbum01.jpg 700w\" sizes=\"auto, (max-width: 300px) 100vw, 300px\" \/><\/a> <a href=\"https:\/\/www.rosyskidscorner.de\/wp-content\/uploads\/2015\/02\/events_abschiedsalbum02.jpg\"><img loading=\"lazy\" decoding=\"async\" class=\"alignnone size-medium wp-image-198\" src=\"https:\/\/www.rosyskidscorner.de\/wp-content\/uploads\/2015\/02\/events_abschiedsalbum02-300x271.jpg\" alt=\"events_abschiedsalbum02\" width=\"300\" height=\"271\" srcset=\"https:\/\/www.rosyskidscorner.de\/wp-content\/uploads\/2015\/02\/events_abschiedsalbum02-300x271.jpg 300w, https:\/\/www.rosyskidscorner.de\/wp-content\/uploads\/2015\/02\/events_abschiedsalbum02.jpg 700w\" sizes=\"auto, (max-width: 300px) 100vw, 300px\" \/><\/a> <a href=\"https:\/\/www.rosyskidscorner.de\/wp-content\/uploads\/2015\/02\/events_abschiedsalbum03.jpg\"><img loading=\"lazy\" decoding=\"async\" class=\"alignnone size-medium wp-image-199\" src=\"https:\/\/www.rosyskidscorner.de\/wp-content\/uploads\/2015\/02\/events_abschiedsalbum03-300x248.jpg\" alt=\"events_abschiedsalbum03\" width=\"300\" height=\"248\" srcset=\"https:\/\/www.rosyskidscorner.de\/wp-content\/uploads\/2015\/02\/events_abschiedsalbum03-300x248.jpg 300w, https:\/\/www.rosyskidscorner.de\/wp-content\/uploads\/2015\/02\/events_abschiedsalbum03.jpg 700w\" sizes=\"auto, (max-width: 300px) 100vw, 300px\" \/><\/a> <a href=\"https:\/\/www.rosyskidscorner.de\/wp-content\/uploads\/2015\/02\/events_abschiedsalbum04.jpg\"><img loading=\"lazy\" decoding=\"async\" class=\"alignnone size-medium wp-image-200\" src=\"https:\/\/www.rosyskidscorner.de\/wp-content\/uploads\/2015\/02\/events_abschiedsalbum04-300x266.jpg\" alt=\"events_abschiedsalbum04\" width=\"300\" height=\"266\" srcset=\"https:\/\/www.rosyskidscorner.de\/wp-content\/uploads\/2015\/02\/events_abschiedsalbum04-300x266.jpg 300w, https:\/\/www.rosyskidscorner.de\/wp-content\/uploads\/2015\/02\/events_abschiedsalbum04.jpg 700w\" sizes=\"auto, (max-width: 300px) 100vw, 300px\" \/><\/a> <a href=\"https:\/\/www.rosyskidscorner.de\/wp-content\/uploads\/2015\/02\/events_abschiedsalbum05.jpg\"><img loading=\"lazy\" decoding=\"async\" class=\"alignnone size-medium wp-image-201\" src=\"https:\/\/www.rosyskidscorner.de\/wp-content\/uploads\/2015\/02\/events_abschiedsalbum05-253x300.jpg\" alt=\"events_abschiedsalbum05\" width=\"253\" height=\"300\" srcset=\"https:\/\/www.rosyskidscorner.de\/wp-content\/uploads\/2015\/02\/events_abschiedsalbum05-253x300.jpg 253w, https:\/\/www.rosyskidscorner.de\/wp-content\/uploads\/2015\/02\/events_abschiedsalbum05.jpg 591w\" sizes=\"auto, (max-width: 253px) 100vw, 253px\" \/><\/a> <a href=\"https:\/\/www.rosyskidscorner.de\/wp-content\/uploads\/2015\/02\/events_abschiedsalbum06.jpg\"><img loading=\"lazy\" decoding=\"async\" class=\"alignnone size-medium wp-image-202\" src=\"https:\/\/www.rosyskidscorner.de\/wp-content\/uploads\/2015\/02\/events_abschiedsalbum06-300x270.jpg\" alt=\"events_abschiedsalbum06\" width=\"300\" height=\"270\" srcset=\"https:\/\/www.rosyskidscorner.de\/wp-content\/uploads\/2015\/02\/events_abschiedsalbum06-300x270.jpg 300w, https:\/\/www.rosyskidscorner.de\/wp-content\/uploads\/2015\/02\/events_abschiedsalbum06.jpg 700w\" sizes=\"auto, (max-width: 300px) 100vw, 300px\" \/><\/a> <a href=\"https:\/\/www.rosyskidscorner.de\/wp-content\/uploads\/2015\/02\/events_abschiedsalbum07.jpg\"><img loading=\"lazy\" decoding=\"async\" class=\"alignnone size-medium wp-image-203\" src=\"https:\/\/www.rosyskidscorner.de\/wp-content\/uploads\/2015\/02\/events_abschiedsalbum07-275x300.jpg\" alt=\"events_abschiedsalbum07\" width=\"275\" height=\"300\" srcset=\"https:\/\/www.rosyskidscorner.de\/wp-content\/uploads\/2015\/02\/events_abschiedsalbum07-275x300.jpg 275w, https:\/\/www.rosyskidscorner.de\/wp-content\/uploads\/2015\/02\/events_abschiedsalbum07.jpg 700w\" sizes=\"auto, (max-width: 275px) 100vw, 275px\" \/><\/a> <a href=\"https:\/\/www.rosyskidscorner.de\/wp-content\/uploads\/2015\/02\/events_abschiedsalbum08.jpg\"><img loading=\"lazy\" decoding=\"async\" class=\"alignnone size-medium wp-image-204\" src=\"https:\/\/www.rosyskidscorner.de\/wp-content\/uploads\/2015\/02\/events_abschiedsalbum08-300x259.jpg\" alt=\"events_abschiedsalbum08\" width=\"300\" height=\"259\" srcset=\"https:\/\/www.rosyskidscorner.de\/wp-content\/uploads\/2015\/02\/events_abschiedsalbum08-300x259.jpg 300w, https:\/\/www.rosyskidscorner.de\/wp-content\/uploads\/2015\/02\/events_abschiedsalbum08.jpg 700w\" sizes=\"auto, (max-width: 300px) 100vw, 300px\" \/><\/a> <a href=\"https:\/\/www.rosyskidscorner.de\/wp-content\/uploads\/2015\/02\/events_abschiedsalbum09.jpg\"><img loading=\"lazy\" decoding=\"async\" class=\"alignnone size-medium wp-image-205\" src=\"https:\/\/www.rosyskidscorner.de\/wp-content\/uploads\/2015\/02\/events_abschiedsalbum09-300x276.jpg\" alt=\"events_abschiedsalbum09\" width=\"300\" height=\"276\" srcset=\"https:\/\/www.rosyskidscorner.de\/wp-content\/uploads\/2015\/02\/events_abschiedsalbum09-300x276.jpg 300w, https:\/\/www.rosyskidscorner.de\/wp-content\/uploads\/2015\/02\/events_abschiedsalbum09.jpg 700w\" sizes=\"auto, (max-width: 300px) 100vw, 300px\" \/><\/a><\/div>\n","protected":false},"excerpt":{"rendered":"<p>Bevor Mike Rosati nach der Saison 2002 \/ 2003 die Mannheimer Adler verlie\u00df und zu den Heilbronner Falken wechselte, veranstalteten wir f\u00fcr ihn ein gro\u00dfes Abschiedsfest auf der Terasse in der alten Kinderklinik in der Grenadierstra\u00dfe. Als Dank f\u00fcr sein gro\u00dfes Engagement \u00fcberreichten wir ihm drei bunte Fotoalben, in denen die Kinder und deren Eltern &hellip; <a href=\"https:\/\/www.rosyskidscorner.de\/?page_id=189\" class=\"more-link\">Continue reading <span class=\"screen-reader-text\">Bisherige Events: Abschiedsfest Mike Rosati<\/span> <span class=\"meta-nav\">&rarr;<\/span><\/a><\/p>\n","protected":false},"author":1,"featured_media":0,"parent":0,"menu_order":0,"comment_status":"closed","ping_status":"closed","template":"","meta":{"footnotes":""},"class_list":["post-189","page","type-page","status-publish","hentry"],"_links":{"self":[{"href":"https:\/\/www.rosyskidscorner.de\/index.php?rest_route=\/wp\/v2\/pages\/189","targetHints":{"allow":["GET"]}}],"collection":[{"href":"https:\/\/www.rosyskidscorner.de\/index.php?rest_route=\/wp\/v2\/pages"}],"about":[{"href":"https:\/\/www.rosyskidscorner.de\/index.php?rest_route=\/wp\/v2\/types\/page"}],"author":[{"embeddable":true,"href":"https:\/\/www.rosyskidscorner.de\/index.php?rest_route=\/wp\/v2\/users\/1"}],"replies":[{"embeddable":true,"href":"https:\/\/www.rosyskidscorner.de\/index.php?rest_route=%2Fwp%2Fv2%2Fcomments&post=189"}],"version-history":[{"count":3,"href":"https:\/\/www.rosyskidscorner.de\/index.php?rest_route=\/wp\/v2\/pages\/189\/revisions"}],"predecessor-version":[{"id":1935,"href":"https:\/\/www.rosyskidscorner.de\/index.php?rest_route=\/wp\/v2\/pages\/189\/revisions\/1935"}],"wp:attachment":[{"href":"https:\/\/www.rosyskidscorner.de\/index.php?rest_route=%2Fwp%2Fv2%2Fmedia&parent=189"}],"curies":[{"name":"wp","href":"https:\/\/api.w.org\/{rel}","templated":true}]}}