{"id":208,"date":"2015-02-05T13:54:38","date_gmt":"2015-02-05T12:54:38","guid":{"rendered":"http:\/\/new.rosyskidscorner.de\/?page_id=208"},"modified":"2015-02-05T13:54:38","modified_gmt":"2015-02-05T12:54:38","slug":"bisherige-events-aktion-der-netzadler","status":"publish","type":"page","link":"https:\/\/www.rosyskidscorner.de\/?page_id=208","title":{"rendered":"Bisherige Events: Aktion der Netzadler"},"content":{"rendered":"<p>Ein herzliches Dankesch\u00f6n an die Net(z)adler Stefan Schankweiler, Holger Kohlhepp und allen Mitwirkenden f\u00fcr ihre gro\u00dfartige Initiative und tolle Idee. Ihr habt mit Euren Geschenken den Kids eine riesige Freude gemacht!<\/p>\n<p>Herzliche Gr\u00fc\u00dfe von Sr. Karen (Rosys Kids Corner)<\/p>\n","protected":false},"excerpt":{"rendered":"<p>Ein herzliches Dankesch\u00f6n an die Net(z)adler Stefan Schankweiler, Holger Kohlhepp und allen Mitwirkenden f\u00fcr ihre gro\u00dfartige Initiative und tolle Idee. Ihr habt mit Euren Geschenken den Kids eine riesige Freude gemacht! Herzliche Gr\u00fc\u00dfe von Sr. Karen (Rosys Kids Corner)<\/p>\n","protected":false},"author":1,"featured_media":0,"parent":0,"menu_order":0,"comment_status":"closed","ping_status":"closed","template":"","meta":{"footnotes":""},"class_list":["post-208","page","type-page","status-publish","hentry"],"_links":{"self":[{"href":"https:\/\/www.rosyskidscorner.de\/index.php?rest_route=\/wp\/v2\/pages\/208","targetHints":{"allow":["GET"]}}],"collection":[{"href":"https:\/\/www.rosyskidscorner.de\/index.php?rest_route=\/wp\/v2\/pages"}],"about":[{"href":"https:\/\/www.rosyskidscorner.de\/index.php?rest_route=\/wp\/v2\/types\/page"}],"author":[{"embeddable":true,"href":"https:\/\/www.rosyskidscorner.de\/index.php?rest_route=\/wp\/v2\/users\/1"}],"replies":[{"embeddable":true,"href":"https:\/\/www.rosyskidscorner.de\/index.php?rest_route=%2Fwp%2Fv2%2Fcomments&post=208"}],"version-history":[{"count":1,"href":"https:\/\/www.rosyskidscorner.de\/index.php?rest_route=\/wp\/v2\/pages\/208\/revisions"}],"predecessor-version":[{"id":209,"href":"https:\/\/www.rosyskidscorner.de\/index.php?rest_route=\/wp\/v2\/pages\/208\/revisions\/209"}],"wp:attachment":[{"href":"https:\/\/www.rosyskidscorner.de\/index.php?rest_route=%2Fwp%2Fv2%2Fmedia&parent=208"}],"curies":[{"name":"wp","href":"https:\/\/api.w.org\/{rel}","templated":true}]}}