{"id":21,"date":"2015-02-05T09:33:34","date_gmt":"2015-02-05T08:33:34","guid":{"rendered":"http:\/\/new.rosyskidscorner.de\/?page_id=21"},"modified":"2015-02-05T12:02:25","modified_gmt":"2015-02-05T11:02:25","slug":"impressionen","status":"publish","type":"page","link":"https:\/\/www.rosyskidscorner.de\/?page_id=21","title":{"rendered":"Impressionen"},"content":{"rendered":"<p style=\"text-align: left;\"><em>Auch das bedeutet Rosys Kids Corner&#8230;<\/em><\/p>\n<p>Rosys Kids Corner ist eine Aktion, die nicht nur finanzieller Unterst\u00fctzung bedarf, sondern eine Aktion, die einen enormen Stellenwert f\u00fcr die Lebensqualit\u00e4t dieser Kinder darstellt.<\/p>\n<p style=\"text-align: left;\">\n<p style=\"text-align: center;\"><span style=\"color: #ff0000;\"><strong>Entstehung herzlicher und verbundener Freundschaften&#8230;<\/strong><\/span><\/p>\n<p style=\"text-align: center;\"><span style=\"color: #ff0000;\"><strong>Freude und Spass daran haben&#8230;<\/strong><\/span><\/p>\n<p style=\"text-align: center;\"><span style=\"color: #ff0000;\"><strong>Den Klinikalltag vergessen&#8230;<\/strong><\/span><\/p>\n<p style=\"text-align: center;\"><span style=\"color: #ff0000;\"><strong>Mit Freude und Begeisterung dabei sein&#8230;<\/strong><\/span><\/p>\n<p style=\"text-align: center;\"><span style=\"color: #ff0000;\"><strong>Famili\u00e4re Atmosph\u00e4re&#8230;<\/strong><\/span><\/p>\n<p style=\"text-align: center;\"><span style=\"color: #ff0000;\"><strong>Anteilnahme am Geschehen, Daumendr\u00fccken, Niederlagen wegstecken, Siege feiern, Tore bejubeln&#8230;<\/strong><\/span><\/p>\n<p style=\"text-align: center;\"><span style=\"color: #ff0000;\"><strong>Die Fans ziehen uns in ihren Bann&#8230;<\/strong><\/span><\/p>\n<p style=\"text-align: center;\"><span style=\"color: #ff0000;\"><strong>Neben Fussball hat auch Eishockey an Bedeutung gewonnen&#8230;<\/strong><\/span><\/p>\n<p style=\"text-align: center;\"><span style=\"color: #ff0000;\"><strong>Vorfreude auf die Teilnahme&#8230; &#8220;schaffe ich es von meinen Blutwerten&#8230;?&#8221;<\/strong><\/span><\/p>\n<p style=\"text-align: center;\"><span style=\"color: #ff0000;\"><strong>Freude danach baut mich auf&#8230;<\/strong><\/span><\/p>\n<p style=\"text-align: center;\"><span style=\"color: #ff0000;\"><strong>Die Faszination, in Adlerbettw\u00e4sche schlafen zu d\u00fcrfen&#8230;<\/strong><\/span><\/p>\n<p style=\"text-align: center;\"><span style=\"color: #ff0000;\"><strong>Dabei sein ist Alles&#8230;<\/strong><\/span><\/p>\n<p style=\"text-align: center;\"><span style=\"color: #ff0000;\"><strong>Reha pur!!&#8230;<\/strong><\/span><\/p>\n<p style=\"text-align: center;\"><span style=\"color: #ff0000;\"><strong>3 Stunden lang die Krankheit vergessen&#8230;<\/strong><\/span><\/p>\n<p style=\"text-align: center;\"><span style=\"color: #ff0000;\"><strong>Von den Fans mitgerissen werden&#8230;<\/strong><\/span><\/p>\n<p style=\"text-align: center;\"><span style=\"color: #ff0000;\"><strong>Kulinarische Gen\u00fcsse erleben: Chips, Schokok\u00fcsse, Nudelsalat, Erdbeeren, Obstplatten&#8230;<\/strong><\/span><\/p>\n<p style=\"text-align: center;\"><span style=\"color: #ff0000;\"><strong>Liebgewinnen, herzliche Begr\u00fc\u00dfung&#8230;<\/strong><\/span><\/p>\n<p style=\"text-align: center;\"><span style=\"color: #ff0000;\"><strong>&#8220;Ich durfte mich mit dem Spieler auf dem Eis fotografieren lassen&#8221;&#8230;<\/strong><\/span><\/p>\n<p style=\"text-align: center;\"><span style=\"color: #ff0000;\"><strong>Das Gef\u00fchl, etwas Besonderes zu erleben&#8230;<\/strong><\/span><\/p>\n<p style=\"text-align: center;\"><span style=\"color: #ff0000;\"><strong>Geborgenheit in der Ecke&#8230;<\/strong><\/span><\/p>\n<p style=\"text-align: center;\"><span style=\"color: #ff0000;\"><strong>Wertsch\u00e4tzung \u2013 alle Spieler winken uns am Ende des Spiels zu&#8230;<\/strong><\/span><\/p>\n<p style=\"text-align: center;\"><span style=\"color: #000080;\"><strong>Eines haben die Kinder und die Spieler gemeinsam: Die Spieler k\u00e4mpfen auf dem Eis und wollen siegen \u2013 die Kinder k\u00e4mpfen gegen den Krebs und wollen ihn besiegen.<\/strong><\/span><\/p>\n","protected":false},"excerpt":{"rendered":"<p>Auch das bedeutet Rosys Kids Corner&#8230; Rosys Kids Corner ist eine Aktion, die nicht nur finanzieller Unterst\u00fctzung bedarf, sondern eine Aktion, die einen enormen Stellenwert f\u00fcr die Lebensqualit\u00e4t dieser Kinder darstellt. Entstehung herzlicher und verbundener Freundschaften&#8230; Freude und Spass daran haben&#8230; Den Klinikalltag vergessen&#8230; Mit Freude und Begeisterung dabei sein&#8230; Famili\u00e4re Atmosph\u00e4re&#8230; Anteilnahme am Geschehen, &hellip; <a href=\"https:\/\/www.rosyskidscorner.de\/?page_id=21\" class=\"more-link\">Continue reading <span class=\"screen-reader-text\">Impressionen<\/span> <span class=\"meta-nav\">&rarr;<\/span><\/a><\/p>\n","protected":false},"author":1,"featured_media":0,"parent":0,"menu_order":0,"comment_status":"closed","ping_status":"closed","template":"","meta":{"footnotes":""},"class_list":["post-21","page","type-page","status-publish","hentry"],"_links":{"self":[{"href":"https:\/\/www.rosyskidscorner.de\/index.php?rest_route=\/wp\/v2\/pages\/21","targetHints":{"allow":["GET"]}}],"collection":[{"href":"https:\/\/www.rosyskidscorner.de\/index.php?rest_route=\/wp\/v2\/pages"}],"about":[{"href":"https:\/\/www.rosyskidscorner.de\/index.php?rest_route=\/wp\/v2\/types\/page"}],"author":[{"embeddable":true,"href":"https:\/\/www.rosyskidscorner.de\/index.php?rest_route=\/wp\/v2\/users\/1"}],"replies":[{"embeddable":true,"href":"https:\/\/www.rosyskidscorner.de\/index.php?rest_route=%2Fwp%2Fv2%2Fcomments&post=21"}],"version-history":[{"count":3,"href":"https:\/\/www.rosyskidscorner.de\/index.php?rest_route=\/wp\/v2\/pages\/21\/revisions"}],"predecessor-version":[{"id":91,"href":"https:\/\/www.rosyskidscorner.de\/index.php?rest_route=\/wp\/v2\/pages\/21\/revisions\/91"}],"wp:attachment":[{"href":"https:\/\/www.rosyskidscorner.de\/index.php?rest_route=%2Fwp%2Fv2%2Fmedia&parent=21"}],"curies":[{"name":"wp","href":"https:\/\/api.w.org\/{rel}","templated":true}]}}