{"id":210,"date":"2015-02-05T13:55:21","date_gmt":"2015-02-05T12:55:21","guid":{"rendered":"http:\/\/new.rosyskidscorner.de\/?page_id=210"},"modified":"2015-02-05T13:55:29","modified_gmt":"2015-02-05T12:55:29","slug":"bisherige-events-adler-mannheim-sind-die-besten","status":"publish","type":"page","link":"https:\/\/www.rosyskidscorner.de\/?page_id=210","title":{"rendered":"Bisherige Events: &#8220;Adler Mannheim sind die Besten!&#8221;"},"content":{"rendered":"<p>Von Weitem sehe ich schon die hell erleuchtete Arena. Vorbei am Parkhaus und an Autoschlangen werde ich auf dem VIP-Parkplatz abgesetzt. Da sehe ich schon an den 4 Fahnenstangen eine kleine Gruppe mit Sr. Karen in Adlertrikots, -m\u00fctzen und -fahnen. Kurze Begr\u00fc\u00dfung und rein ins Get\u00fcmmel!<br \/>\n2 Treppen rauf, durch eine T\u00fcr in einen Vorraum zur SAP-Arena. HALT!<\/p>\n<p>Vorher bekommt noch jeder von uns ein Papierarmband, damit man jederzeit rein und raus gehen kann. Danach kann ich endlich die Arena betreten und werde von lauter Musik in Stimmung gebracht. Noch ist auf dem Eis nichts los, aber man kann sich in der Zwischenzeit schon mal Essen und Trinken holen oder einen Blick auf den Spielplan werfen, wer heute spielt und wie die gegnerische Mannschaft aussieht.<\/p>\n<p>Doch dann geht es endlich los: &#8220;Let&#8217;s get ready to rumble!&#8221; Anfeuerungen wie &#8220;Adler Mannheim k\u00e4mpfen und siegen!&#8221; oder wenn ein Tor f\u00fcr die eigene Mannschaft f\u00e4llt, wird gejubelt und Fahnen umhergeschwenkt oder bei einem Tor f\u00fcr die gegnerische Mannschaft macht sich Entt\u00e4uschung breit und es klingen &#8220;Buh&#8221;-Rufe durch die Arena. <strong>Eishockey ist ein emotionsgeladenes Spiel!!!<\/strong><\/p>\n<p>In den 3 Pausen kann man sich am B\u00fcffet st\u00e4rken und durchschnaufen f\u00fcr die n\u00e4chste Runde. Vielleicht kommen auch Adler-Spieler vorbei, geben Autogramme und falls vorhanden beantworten sie auch Fragen.<\/p>\n<p>Doch irgendwann geht auch der sch\u00f6nste Spa\u00df vorbei. Alles einpacken, aufessen und austrinken und noch ein paar Fotos zur Erinnerung schie\u00dfen. Schlie\u00dflich geht es den ganzen Weg wieder zur\u00fcck, durch den Vorraum, die Treppen runter zu den 4 Fahnenstangen zur\u00fcck.<\/p>\n<p><em>&#8220;Bye, bye, SAP-Arena, wir sehen uns wieder&#8230;&#8221;<\/em><\/p>\n","protected":false},"excerpt":{"rendered":"<p>Von Weitem sehe ich schon die hell erleuchtete Arena. Vorbei am Parkhaus und an Autoschlangen werde ich auf dem VIP-Parkplatz abgesetzt. Da sehe ich schon an den 4 Fahnenstangen eine kleine Gruppe mit Sr. Karen in Adlertrikots, -m\u00fctzen und -fahnen. Kurze Begr\u00fc\u00dfung und rein ins Get\u00fcmmel! 2 Treppen rauf, durch eine T\u00fcr in einen Vorraum &hellip; <a href=\"https:\/\/www.rosyskidscorner.de\/?page_id=210\" class=\"more-link\">Continue reading <span class=\"screen-reader-text\">Bisherige Events: &#8220;Adler Mannheim sind die Besten!&#8221;<\/span> <span class=\"meta-nav\">&rarr;<\/span><\/a><\/p>\n","protected":false},"author":1,"featured_media":0,"parent":0,"menu_order":0,"comment_status":"closed","ping_status":"closed","template":"","meta":{"footnotes":""},"class_list":["post-210","page","type-page","status-publish","hentry"],"_links":{"self":[{"href":"https:\/\/www.rosyskidscorner.de\/index.php?rest_route=\/wp\/v2\/pages\/210","targetHints":{"allow":["GET"]}}],"collection":[{"href":"https:\/\/www.rosyskidscorner.de\/index.php?rest_route=\/wp\/v2\/pages"}],"about":[{"href":"https:\/\/www.rosyskidscorner.de\/index.php?rest_route=\/wp\/v2\/types\/page"}],"author":[{"embeddable":true,"href":"https:\/\/www.rosyskidscorner.de\/index.php?rest_route=\/wp\/v2\/users\/1"}],"replies":[{"embeddable":true,"href":"https:\/\/www.rosyskidscorner.de\/index.php?rest_route=%2Fwp%2Fv2%2Fcomments&post=210"}],"version-history":[{"count":2,"href":"https:\/\/www.rosyskidscorner.de\/index.php?rest_route=\/wp\/v2\/pages\/210\/revisions"}],"predecessor-version":[{"id":212,"href":"https:\/\/www.rosyskidscorner.de\/index.php?rest_route=\/wp\/v2\/pages\/210\/revisions\/212"}],"wp:attachment":[{"href":"https:\/\/www.rosyskidscorner.de\/index.php?rest_route=%2Fwp%2Fv2%2Fmedia&parent=210"}],"curies":[{"name":"wp","href":"https:\/\/api.w.org\/{rel}","templated":true}]}}