{"id":213,"date":"2015-02-05T13:56:08","date_gmt":"2015-02-05T12:56:08","guid":{"rendered":"http:\/\/new.rosyskidscorner.de\/?page_id=213"},"modified":"2015-02-05T19:49:03","modified_gmt":"2015-02-05T18:49:03","slug":"bisherige-events-vielen-dank-von-jan","status":"publish","type":"page","link":"https:\/\/www.rosyskidscorner.de\/?page_id=213","title":{"rendered":"Bisherige Events: &#8220;Vielen Dank!&#8221; von Jan"},"content":{"rendered":"<p>F\u00fcr gr\u00f6\u00dfere Darstellung bitte anklicken&#8230;<\/p>\n<p><a href=\"https:\/\/www.rosyskidscorner.de\/wp-content\/uploads\/2015\/02\/events_eventbericht_jan.jpg\"><img loading=\"lazy\" decoding=\"async\" class=\"alignnone size-medium wp-image-214\" src=\"https:\/\/www.rosyskidscorner.de\/wp-content\/uploads\/2015\/02\/events_eventbericht_jan-209x300.jpg\" alt=\"events_eventbericht_jan\" width=\"209\" height=\"300\" srcset=\"https:\/\/www.rosyskidscorner.de\/wp-content\/uploads\/2015\/02\/events_eventbericht_jan-209x300.jpg 209w, https:\/\/www.rosyskidscorner.de\/wp-content\/uploads\/2015\/02\/events_eventbericht_jan.jpg 700w\" sizes=\"auto, (max-width: 209px) 100vw, 209px\" \/><\/a><\/p>\n","protected":false},"excerpt":{"rendered":"<p>F\u00fcr gr\u00f6\u00dfere Darstellung bitte anklicken&#8230;<\/p>\n","protected":false},"author":1,"featured_media":0,"parent":0,"menu_order":0,"comment_status":"closed","ping_status":"closed","template":"","meta":{"footnotes":""},"class_list":["post-213","page","type-page","status-publish","hentry"],"_links":{"self":[{"href":"https:\/\/www.rosyskidscorner.de\/index.php?rest_route=\/wp\/v2\/pages\/213","targetHints":{"allow":["GET"]}}],"collection":[{"href":"https:\/\/www.rosyskidscorner.de\/index.php?rest_route=\/wp\/v2\/pages"}],"about":[{"href":"https:\/\/www.rosyskidscorner.de\/index.php?rest_route=\/wp\/v2\/types\/page"}],"author":[{"embeddable":true,"href":"https:\/\/www.rosyskidscorner.de\/index.php?rest_route=\/wp\/v2\/users\/1"}],"replies":[{"embeddable":true,"href":"https:\/\/www.rosyskidscorner.de\/index.php?rest_route=%2Fwp%2Fv2%2Fcomments&post=213"}],"version-history":[{"count":4,"href":"https:\/\/www.rosyskidscorner.de\/index.php?rest_route=\/wp\/v2\/pages\/213\/revisions"}],"predecessor-version":[{"id":1938,"href":"https:\/\/www.rosyskidscorner.de\/index.php?rest_route=\/wp\/v2\/pages\/213\/revisions\/1938"}],"wp:attachment":[{"href":"https:\/\/www.rosyskidscorner.de\/index.php?rest_route=%2Fwp%2Fv2%2Fmedia&parent=213"}],"curies":[{"name":"wp","href":"https:\/\/api.w.org\/{rel}","templated":true}]}}