{"id":221,"date":"2015-02-05T14:01:04","date_gmt":"2015-02-05T13:01:04","guid":{"rendered":"http:\/\/new.rosyskidscorner.de\/?page_id=221"},"modified":"2015-02-05T19:50:08","modified_gmt":"2015-02-05T18:50:08","slug":"bisherige-events-scheckubergabe-der-playoffgesichter-im-stadion","status":"publish","type":"page","link":"https:\/\/www.rosyskidscorner.de\/?page_id=221","title":{"rendered":"Bisherige Events: Scheck\u00fcbergabe der Playoffgesichter im Stadion am 31.01.2010"},"content":{"rendered":"<p>Am 31.01.2010 \u00fcbergaben die &#8220;Playoffgesichter&#8221; im Stadion einen Scheck \u00fcber 500 EUR an Rosys Kids Corner! Herzlichen Dank!<\/p>\n<p><a href=\"https:\/\/www.rosyskidscorner.de\/wp-content\/uploads\/2015\/02\/events_playoffgesichter_100_2654.jpg\"><img loading=\"lazy\" decoding=\"async\" class=\"alignnone size-medium wp-image-222\" src=\"https:\/\/www.rosyskidscorner.de\/wp-content\/uploads\/2015\/02\/events_playoffgesichter_100_2654-300x225.jpg\" alt=\"events_playoffgesichter_100_2654\" width=\"300\" height=\"225\" srcset=\"https:\/\/www.rosyskidscorner.de\/wp-content\/uploads\/2015\/02\/events_playoffgesichter_100_2654-300x225.jpg 300w, https:\/\/www.rosyskidscorner.de\/wp-content\/uploads\/2015\/02\/events_playoffgesichter_100_2654.jpg 800w\" sizes=\"auto, (max-width: 300px) 100vw, 300px\" \/><\/a> <a href=\"https:\/\/www.rosyskidscorner.de\/wp-content\/uploads\/2015\/02\/events_playoffgesichter_100_2656.jpg\"><img loading=\"lazy\" decoding=\"async\" class=\"alignnone size-medium wp-image-223\" src=\"https:\/\/www.rosyskidscorner.de\/wp-content\/uploads\/2015\/02\/events_playoffgesichter_100_2656-300x225.jpg\" alt=\"events_playoffgesichter_100_2656\" width=\"300\" height=\"225\" srcset=\"https:\/\/www.rosyskidscorner.de\/wp-content\/uploads\/2015\/02\/events_playoffgesichter_100_2656-300x225.jpg 300w, https:\/\/www.rosyskidscorner.de\/wp-content\/uploads\/2015\/02\/events_playoffgesichter_100_2656.jpg 800w\" sizes=\"auto, (max-width: 300px) 100vw, 300px\" \/><\/a> <a href=\"https:\/\/www.rosyskidscorner.de\/wp-content\/uploads\/2015\/02\/events_playoffgesichter_100_2658.jpg\"><img loading=\"lazy\" decoding=\"async\" class=\"alignnone size-medium wp-image-224\" src=\"https:\/\/www.rosyskidscorner.de\/wp-content\/uploads\/2015\/02\/events_playoffgesichter_100_2658-300x225.jpg\" alt=\"events_playoffgesichter_100_2658\" width=\"300\" height=\"225\" srcset=\"https:\/\/www.rosyskidscorner.de\/wp-content\/uploads\/2015\/02\/events_playoffgesichter_100_2658-300x225.jpg 300w, https:\/\/www.rosyskidscorner.de\/wp-content\/uploads\/2015\/02\/events_playoffgesichter_100_2658.jpg 800w\" sizes=\"auto, (max-width: 300px) 100vw, 300px\" \/><\/a> <a href=\"https:\/\/www.rosyskidscorner.de\/wp-content\/uploads\/2015\/02\/events_playoffgesichter_100_2661.jpg\"><img loading=\"lazy\" decoding=\"async\" class=\"alignnone size-medium wp-image-225\" src=\"https:\/\/www.rosyskidscorner.de\/wp-content\/uploads\/2015\/02\/events_playoffgesichter_100_2661-300x225.jpg\" alt=\"events_playoffgesichter_100_2661\" width=\"300\" height=\"225\" srcset=\"https:\/\/www.rosyskidscorner.de\/wp-content\/uploads\/2015\/02\/events_playoffgesichter_100_2661-300x225.jpg 300w, https:\/\/www.rosyskidscorner.de\/wp-content\/uploads\/2015\/02\/events_playoffgesichter_100_2661.jpg 800w\" sizes=\"auto, (max-width: 300px) 100vw, 300px\" \/><\/a> <a href=\"https:\/\/www.rosyskidscorner.de\/wp-content\/uploads\/2015\/02\/events_playoffgesichter_100_2662.jpg\"><img loading=\"lazy\" decoding=\"async\" class=\"alignnone size-medium wp-image-226\" src=\"https:\/\/www.rosyskidscorner.de\/wp-content\/uploads\/2015\/02\/events_playoffgesichter_100_2662-300x225.jpg\" alt=\"events_playoffgesichter_100_2662\" width=\"300\" height=\"225\" srcset=\"https:\/\/www.rosyskidscorner.de\/wp-content\/uploads\/2015\/02\/events_playoffgesichter_100_2662-300x225.jpg 300w, https:\/\/www.rosyskidscorner.de\/wp-content\/uploads\/2015\/02\/events_playoffgesichter_100_2662.jpg 800w\" sizes=\"auto, (max-width: 300px) 100vw, 300px\" \/><\/a> <a href=\"https:\/\/www.rosyskidscorner.de\/wp-content\/uploads\/2015\/02\/events_playoffgesichter_100_2663.jpg\"><img loading=\"lazy\" decoding=\"async\" class=\"alignnone size-medium wp-image-227\" src=\"https:\/\/www.rosyskidscorner.de\/wp-content\/uploads\/2015\/02\/events_playoffgesichter_100_2663-300x225.jpg\" alt=\"events_playoffgesichter_100_2663\" width=\"300\" height=\"225\" srcset=\"https:\/\/www.rosyskidscorner.de\/wp-content\/uploads\/2015\/02\/events_playoffgesichter_100_2663-300x225.jpg 300w, https:\/\/www.rosyskidscorner.de\/wp-content\/uploads\/2015\/02\/events_playoffgesichter_100_2663.jpg 800w\" sizes=\"auto, (max-width: 300px) 100vw, 300px\" \/><\/a> <a href=\"https:\/\/www.rosyskidscorner.de\/wp-content\/uploads\/2015\/02\/events_playoffgesichter_100_2664.jpg\"><img loading=\"lazy\" decoding=\"async\" class=\"alignnone size-medium wp-image-228\" src=\"https:\/\/www.rosyskidscorner.de\/wp-content\/uploads\/2015\/02\/events_playoffgesichter_100_2664-300x225.jpg\" alt=\"events_playoffgesichter_100_2664\" width=\"300\" height=\"225\" srcset=\"https:\/\/www.rosyskidscorner.de\/wp-content\/uploads\/2015\/02\/events_playoffgesichter_100_2664-300x225.jpg 300w, https:\/\/www.rosyskidscorner.de\/wp-content\/uploads\/2015\/02\/events_playoffgesichter_100_2664.jpg 800w\" sizes=\"auto, (max-width: 300px) 100vw, 300px\" \/><\/a><\/p>\n","protected":false},"excerpt":{"rendered":"<p>Am 31.01.2010 \u00fcbergaben die &#8220;Playoffgesichter&#8221; im Stadion einen Scheck \u00fcber 500 EUR an Rosys Kids Corner! Herzlichen Dank!<\/p>\n","protected":false},"author":1,"featured_media":0,"parent":0,"menu_order":0,"comment_status":"closed","ping_status":"closed","template":"","meta":{"footnotes":""},"class_list":["post-221","page","type-page","status-publish","hentry"],"_links":{"self":[{"href":"https:\/\/www.rosyskidscorner.de\/index.php?rest_route=\/wp\/v2\/pages\/221","targetHints":{"allow":["GET"]}}],"collection":[{"href":"https:\/\/www.rosyskidscorner.de\/index.php?rest_route=\/wp\/v2\/pages"}],"about":[{"href":"https:\/\/www.rosyskidscorner.de\/index.php?rest_route=\/wp\/v2\/types\/page"}],"author":[{"embeddable":true,"href":"https:\/\/www.rosyskidscorner.de\/index.php?rest_route=\/wp\/v2\/users\/1"}],"replies":[{"embeddable":true,"href":"https:\/\/www.rosyskidscorner.de\/index.php?rest_route=%2Fwp%2Fv2%2Fcomments&post=221"}],"version-history":[{"count":3,"href":"https:\/\/www.rosyskidscorner.de\/index.php?rest_route=\/wp\/v2\/pages\/221\/revisions"}],"predecessor-version":[{"id":1940,"href":"https:\/\/www.rosyskidscorner.de\/index.php?rest_route=\/wp\/v2\/pages\/221\/revisions\/1940"}],"wp:attachment":[{"href":"https:\/\/www.rosyskidscorner.de\/index.php?rest_route=%2Fwp%2Fv2%2Fmedia&parent=221"}],"curies":[{"name":"wp","href":"https:\/\/api.w.org\/{rel}","templated":true}]}}