{"id":230,"date":"2015-02-05T14:03:24","date_gmt":"2015-02-05T13:03:24","guid":{"rendered":"http:\/\/new.rosyskidscorner.de\/?page_id=230"},"modified":"2015-02-05T19:50:42","modified_gmt":"2015-02-05T18:50:42","slug":"bisherige-events-scheckubergabe-des-adler-fan-club-scma-youth","status":"publish","type":"page","link":"https:\/\/www.rosyskidscorner.de\/?page_id=230","title":{"rendered":"Bisherige Events: Scheck\u00fcbergabe des Adler Fan Club SCMA Youth"},"content":{"rendered":"<p>Am 12.02.2010 \u00fcbergab der Adler Fan Club SCMA Youth einen Scheck \u00fcber 300 EUR an Rosys Kids Corner! Die Summe kam durch eine T-Shirt Aktion gegen die Frankfurt Lions zusammen. Wir bedanken uns ganz herzlich!<\/p>\n<p><a href=\"https:\/\/www.rosyskidscorner.de\/wp-content\/uploads\/2015\/02\/events_scmayouth_01010940.jpg\"><img loading=\"lazy\" decoding=\"async\" class=\"alignnone size-medium wp-image-231\" src=\"https:\/\/www.rosyskidscorner.de\/wp-content\/uploads\/2015\/02\/events_scmayouth_01010940-300x225.jpg\" alt=\"events_scmayouth_01010940\" width=\"300\" height=\"225\" srcset=\"https:\/\/www.rosyskidscorner.de\/wp-content\/uploads\/2015\/02\/events_scmayouth_01010940-300x225.jpg 300w, https:\/\/www.rosyskidscorner.de\/wp-content\/uploads\/2015\/02\/events_scmayouth_01010940.jpg 800w\" sizes=\"auto, (max-width: 300px) 100vw, 300px\" \/><\/a> <a href=\"https:\/\/www.rosyskidscorner.de\/wp-content\/uploads\/2015\/02\/events_scmayouth_01010941.jpg\"><img loading=\"lazy\" decoding=\"async\" class=\"alignnone size-medium wp-image-232\" src=\"https:\/\/www.rosyskidscorner.de\/wp-content\/uploads\/2015\/02\/events_scmayouth_01010941-300x225.jpg\" alt=\"events_scmayouth_01010941\" width=\"300\" height=\"225\" srcset=\"https:\/\/www.rosyskidscorner.de\/wp-content\/uploads\/2015\/02\/events_scmayouth_01010941-300x225.jpg 300w, https:\/\/www.rosyskidscorner.de\/wp-content\/uploads\/2015\/02\/events_scmayouth_01010941.jpg 800w\" sizes=\"auto, (max-width: 300px) 100vw, 300px\" \/><\/a> <a href=\"https:\/\/www.rosyskidscorner.de\/wp-content\/uploads\/2015\/02\/events_scmayouth_01010942.jpg\"><img loading=\"lazy\" decoding=\"async\" class=\"alignnone size-medium wp-image-233\" src=\"https:\/\/www.rosyskidscorner.de\/wp-content\/uploads\/2015\/02\/events_scmayouth_01010942-300x225.jpg\" alt=\"events_scmayouth_01010942\" width=\"300\" height=\"225\" srcset=\"https:\/\/www.rosyskidscorner.de\/wp-content\/uploads\/2015\/02\/events_scmayouth_01010942-300x225.jpg 300w, https:\/\/www.rosyskidscorner.de\/wp-content\/uploads\/2015\/02\/events_scmayouth_01010942.jpg 800w\" sizes=\"auto, (max-width: 300px) 100vw, 300px\" \/><\/a><\/p>\n","protected":false},"excerpt":{"rendered":"<p>Am 12.02.2010 \u00fcbergab der Adler Fan Club SCMA Youth einen Scheck \u00fcber 300 EUR an Rosys Kids Corner! Die Summe kam durch eine T-Shirt Aktion gegen die Frankfurt Lions zusammen. Wir bedanken uns ganz herzlich!<\/p>\n","protected":false},"author":1,"featured_media":0,"parent":0,"menu_order":0,"comment_status":"closed","ping_status":"closed","template":"","meta":{"footnotes":""},"class_list":["post-230","page","type-page","status-publish","hentry"],"_links":{"self":[{"href":"https:\/\/www.rosyskidscorner.de\/index.php?rest_route=\/wp\/v2\/pages\/230","targetHints":{"allow":["GET"]}}],"collection":[{"href":"https:\/\/www.rosyskidscorner.de\/index.php?rest_route=\/wp\/v2\/pages"}],"about":[{"href":"https:\/\/www.rosyskidscorner.de\/index.php?rest_route=\/wp\/v2\/types\/page"}],"author":[{"embeddable":true,"href":"https:\/\/www.rosyskidscorner.de\/index.php?rest_route=\/wp\/v2\/users\/1"}],"replies":[{"embeddable":true,"href":"https:\/\/www.rosyskidscorner.de\/index.php?rest_route=%2Fwp%2Fv2%2Fcomments&post=230"}],"version-history":[{"count":2,"href":"https:\/\/www.rosyskidscorner.de\/index.php?rest_route=\/wp\/v2\/pages\/230\/revisions"}],"predecessor-version":[{"id":1941,"href":"https:\/\/www.rosyskidscorner.de\/index.php?rest_route=\/wp\/v2\/pages\/230\/revisions\/1941"}],"wp:attachment":[{"href":"https:\/\/www.rosyskidscorner.de\/index.php?rest_route=%2Fwp%2Fv2%2Fmedia&parent=230"}],"curies":[{"name":"wp","href":"https:\/\/api.w.org\/{rel}","templated":true}]}}