{"id":2302,"date":"2015-04-22T13:34:04","date_gmt":"2015-04-22T11:34:04","guid":{"rendered":"http:\/\/www.rosyskidscorner.de\/?page_id=2302"},"modified":"2015-04-22T13:34:04","modified_gmt":"2015-04-22T11:34:04","slug":"presse-14-05-2015-kuchen-campus-viernheim-spende-von-2-000-euro-fur-rosys-kids-corner","status":"publish","type":"page","link":"https:\/\/www.rosyskidscorner.de\/?page_id=2302","title":{"rendered":"Presse: 14.05.2015 &#8211; K\u00fcchen Campus Viernheim \u2013 Spende von 2.000 Euro f\u00fcr Rosys Kids Corner"},"content":{"rendered":"<h5>Krebskranke Kinder haben Spa\u00df bei ADLER Eishockey-Spielen<\/h5>\n<h6>K\u00fcchen Campus Viernheim \u2013 Spende von 2.000 Euro f\u00fcr Rosys Kids Corner<\/h6>\n<p><a href=\"https:\/\/www.rosyskidscorner.de\/wp-content\/uploads\/2015\/04\/presse_2015-04-15_spende-kuechencampus.jpg\"><img loading=\"lazy\" decoding=\"async\" class=\"alignnone size-medium wp-image-2303\" src=\"https:\/\/www.rosyskidscorner.de\/wp-content\/uploads\/2015\/04\/presse_2015-04-15_spende-kuechencampus-300x197.jpg\" alt=\"presse_2015-04-15_spende-kuechencampus\" width=\"300\" height=\"197\" srcset=\"https:\/\/www.rosyskidscorner.de\/wp-content\/uploads\/2015\/04\/presse_2015-04-15_spende-kuechencampus-300x197.jpg 300w, https:\/\/www.rosyskidscorner.de\/wp-content\/uploads\/2015\/04\/presse_2015-04-15_spende-kuechencampus-1024x673.jpg 1024w, https:\/\/www.rosyskidscorner.de\/wp-content\/uploads\/2015\/04\/presse_2015-04-15_spende-kuechencampus.jpg 1827w\" sizes=\"auto, (max-width: 300px) 100vw, 300px\" \/><\/a><\/p>\n<p><strong>K\u00dcCHEN CAMPUS hat ein Herz f\u00fcr krebskranke Kinder. Thomas und Karin Winkler \u00fcberreichten f\u00fcr das Projekt \u201eRosys Kids Corner\u201c eine Spende von 2.000 Euro, die Martin und Gisela Stachniss (rechts) vom Mannheimer Ortsverband der Deutschen Leuk\u00e4mie-Forschungs-Hilfe \u2013 Aktion f\u00fcr krebskranke Kinder entgegennahmen. Ihr Dank gilt auch den Musikern und den K\u00f6chen, die f\u00fcr diesen guten Zweck beim Musikbrunch unentgeltlich t\u00e4tig waren, hier vertreten durch Christian Thierauf (links), Gitarrist der Band Secret Corner, und Rainer Schwalfenberg, K\u00fcchenmeister und Kochkursleiter. Foto: Hannelore Nowacki<\/strong><\/p>\n<p>VIERNHEIM \u2013 Bei K\u00dcCHEN CAMPUS finden die Kunden die K\u00fcche ihrer Tr\u00e4ume passend zu ihrem Budget. Auch die Kochkunst hat sich hier mit gutem Namen etabliert: Koch Campus, die hauseigene Kochschule mit ihren vier Gourmetk\u00f6chen, sorgt bei Events im Hause K\u00fcchen Campus f\u00fcr Sternstunden der Kochkunst, f\u00fcr den besonderen kulinarischen Genuss. Der Musikbrunch mit riesigem italienischem Brunchb\u00fcffet am 1. M\u00e4rz mit 180 G\u00e4sten war so ein Ereignis, das au\u00dferdem einem sozialen Zweck diente. Die Kochkurse sind \u00fcbrigens hei\u00df begehrt und schnell ausgebucht, weil sie den Teilnehmern in drei stilvollen K\u00fcchen mit feinster K\u00fcchentechnik gesellige Ereignisse mit besonderem Flair bieten. Aber das ist nicht alles. Zur Philosophie des\u00a0 Familienunternehmens geh\u00f6rt das soziale Engagement. Und als Gesch\u00e4ftsf\u00fchrer Thomas Winkler und Ehefrau Karin Winkler\u00a0 von dem Projekt \u201eRosys Kids Corner\u201c h\u00f6rten, stand f\u00fcr sie fest: Da wollen wir helfen. Beide sind Fans der Mannheimer Eishockey-Mannschaft ADLER und sie lieben gute Musik. Mit S\u00e4nger Naro Vitale, von \u201eRosys Kids Corner\u201c ebenso begeistert und in der Region als mitrei\u00dfender Interpret italienischer und internationaler Songs bekannt, organisierten sie ein mehrst\u00fcndiges Konzertprogramm. Mit dabei waren S\u00e4ngerin Carolyne Pirulli, Oliver Rosenberger, Naro Vitale und die Band Secret Corner \u2013 alle K\u00fcnstler verzichteten auf ihr Honorar. Die Spende f\u00fcr das Projekt \u201eRosys Kids Corner\u201c in H\u00f6he von 2.000 Euro nahmen am vergangenen Samstag der 1. Vorsitzende Martin Stachniss und Schatzmeisterin Gisela Stachniss von der \u201eDeutschen Leuk\u00e4mie-Forschungs-Hilfe \u2013 Aktion f\u00fcr krebskranke Kinder\u201c Ortsverband Mannheim entgegen. Krebskranke Kinder aus der Mannheimer Kinderklinik haben mit \u201eRosys Kids Corner\u201c die M\u00f6glichkeit, als Zuschauer eines ADLER-Heimspiels in der Skylounge ein paar erlebnisreiche Stunden in der SAP-Arena zu erleben. Martin Stachniss berichtete, dass die Kinder oft alles daran setzen, um dabei sein zu k\u00f6nnen, auch mit Gehilfen, Mundschutz und gelegter Infusion. Begleitet werden sie von der onkologischen Kinderfachkrankenschwester Karen Kutschbach, die im Verein aktiv ist und diese Besuche koordiniert. Hannelore Nowacki<\/p>\n<p>Weitere Informationen bei<\/p>\n<p>K\u00dcCHEN CAMPUS<br \/>\nHeidelberger Stra\u00dfe 24<br \/>\n68519 Viernheim<br \/>\nN\u00e4he Rhein-Neckar-Zentrum<br \/>\nTelefon 06204\/789 66-0<\/p>\n<p>info@kuechen-campus.de<br \/>\nwww.kuechen-campus.de<br \/>\n\u00d6ffnungszeiten:<br \/>\nMontags bis freitags von 10 bis 19 Uhr<br \/>\nSamstags von 10 bis 18 Uhr<\/p>\n<p>Quelle: <a href=\"http:\/\/tip-verlag.de\/krebskranke-kinder-haben-spass-bei-adler-eishockey-spielen\/\" target=\"_blank\">http:\/\/tip-verlag.de\/krebskranke-kinder-haben-spass-bei-adler-eishockey-spielen\/<\/a><\/p>\n","protected":false},"excerpt":{"rendered":"<p>Krebskranke Kinder haben Spa\u00df bei ADLER Eishockey-Spielen K\u00fcchen Campus Viernheim \u2013 Spende von 2.000 Euro f\u00fcr Rosys Kids Corner K\u00dcCHEN CAMPUS hat ein Herz f\u00fcr krebskranke Kinder. Thomas und Karin Winkler \u00fcberreichten f\u00fcr das Projekt \u201eRosys Kids Corner\u201c eine Spende von 2.000 Euro, die Martin und Gisela Stachniss (rechts) vom Mannheimer Ortsverband der Deutschen Leuk\u00e4mie-Forschungs-Hilfe &hellip; <a href=\"https:\/\/www.rosyskidscorner.de\/?page_id=2302\" class=\"more-link\">Continue reading <span class=\"screen-reader-text\">Presse: 14.05.2015 &#8211; K\u00fcchen Campus Viernheim \u2013 Spende von 2.000 Euro f\u00fcr Rosys Kids Corner<\/span> <span class=\"meta-nav\">&rarr;<\/span><\/a><\/p>\n","protected":false},"author":1,"featured_media":0,"parent":0,"menu_order":0,"comment_status":"closed","ping_status":"closed","template":"","meta":{"footnotes":""},"class_list":["post-2302","page","type-page","status-publish","hentry"],"_links":{"self":[{"href":"https:\/\/www.rosyskidscorner.de\/index.php?rest_route=\/wp\/v2\/pages\/2302","targetHints":{"allow":["GET"]}}],"collection":[{"href":"https:\/\/www.rosyskidscorner.de\/index.php?rest_route=\/wp\/v2\/pages"}],"about":[{"href":"https:\/\/www.rosyskidscorner.de\/index.php?rest_route=\/wp\/v2\/types\/page"}],"author":[{"embeddable":true,"href":"https:\/\/www.rosyskidscorner.de\/index.php?rest_route=\/wp\/v2\/users\/1"}],"replies":[{"embeddable":true,"href":"https:\/\/www.rosyskidscorner.de\/index.php?rest_route=%2Fwp%2Fv2%2Fcomments&post=2302"}],"version-history":[{"count":1,"href":"https:\/\/www.rosyskidscorner.de\/index.php?rest_route=\/wp\/v2\/pages\/2302\/revisions"}],"predecessor-version":[{"id":2304,"href":"https:\/\/www.rosyskidscorner.de\/index.php?rest_route=\/wp\/v2\/pages\/2302\/revisions\/2304"}],"wp:attachment":[{"href":"https:\/\/www.rosyskidscorner.de\/index.php?rest_route=%2Fwp%2Fv2%2Fmedia&parent=2302"}],"curies":[{"name":"wp","href":"https:\/\/api.w.org\/{rel}","templated":true}]}}