{"id":239,"date":"2015-02-05T14:07:27","date_gmt":"2015-02-05T13:07:27","guid":{"rendered":"http:\/\/new.rosyskidscorner.de\/?page_id=239"},"modified":"2015-02-05T19:51:45","modified_gmt":"2015-02-05T18:51:45","slug":"bisherige-events-scheckubergabe-der-playoffgesichter-wiwa-familie-am-23-11-2010","status":"publish","type":"page","link":"https:\/\/www.rosyskidscorner.de\/?page_id=239","title":{"rendered":"Bisherige Events: Scheck\u00fcbergabe der Playoffgesichter &#038; WiWa Familie am 23.11.2010"},"content":{"rendered":"<p>Am 23.11.2010 \u00fcbergaben der Verein &#8220;Playoffgesichter e.V.&#8221; 400 EUR und &#8220;WiWa Familie&#8221; 322 EUR an Rosys Kids Corner! Wir freuen uns \u00fcber die tolle Summe von 722 EUR und bedanken uns ganz herzlich f\u00fcr die Unterst\u00fctzung!<\/p>\n<p><a href=\"https:\/\/www.rosyskidscorner.de\/wp-content\/uploads\/2015\/02\/events_playoff-wiwa_bild1.jpg\"><img loading=\"lazy\" decoding=\"async\" class=\"alignnone size-medium wp-image-240\" src=\"https:\/\/www.rosyskidscorner.de\/wp-content\/uploads\/2015\/02\/events_playoff-wiwa_bild1-300x225.jpg\" alt=\"events_playoff-wiwa_bild1\" width=\"300\" height=\"225\" srcset=\"https:\/\/www.rosyskidscorner.de\/wp-content\/uploads\/2015\/02\/events_playoff-wiwa_bild1-300x225.jpg 300w, https:\/\/www.rosyskidscorner.de\/wp-content\/uploads\/2015\/02\/events_playoff-wiwa_bild1.jpg 800w\" sizes=\"auto, (max-width: 300px) 100vw, 300px\" \/><\/a> <a href=\"https:\/\/www.rosyskidscorner.de\/wp-content\/uploads\/2015\/02\/events_playoff-wiwa_bild2.jpg\"><img loading=\"lazy\" decoding=\"async\" class=\"alignnone size-medium wp-image-241\" src=\"https:\/\/www.rosyskidscorner.de\/wp-content\/uploads\/2015\/02\/events_playoff-wiwa_bild2-300x225.jpg\" alt=\"events_playoff-wiwa_bild2\" width=\"300\" height=\"225\" srcset=\"https:\/\/www.rosyskidscorner.de\/wp-content\/uploads\/2015\/02\/events_playoff-wiwa_bild2-300x225.jpg 300w, https:\/\/www.rosyskidscorner.de\/wp-content\/uploads\/2015\/02\/events_playoff-wiwa_bild2.jpg 800w\" sizes=\"auto, (max-width: 300px) 100vw, 300px\" \/><\/a> <a href=\"https:\/\/www.rosyskidscorner.de\/wp-content\/uploads\/2015\/02\/events_playoff-wiwa_bild3.jpg\"><img loading=\"lazy\" decoding=\"async\" class=\"alignnone size-medium wp-image-242\" src=\"https:\/\/www.rosyskidscorner.de\/wp-content\/uploads\/2015\/02\/events_playoff-wiwa_bild3-300x225.jpg\" alt=\"events_playoff-wiwa_bild3\" width=\"300\" height=\"225\" srcset=\"https:\/\/www.rosyskidscorner.de\/wp-content\/uploads\/2015\/02\/events_playoff-wiwa_bild3-300x225.jpg 300w, https:\/\/www.rosyskidscorner.de\/wp-content\/uploads\/2015\/02\/events_playoff-wiwa_bild3.jpg 800w\" sizes=\"auto, (max-width: 300px) 100vw, 300px\" \/><\/a><\/p>\n","protected":false},"excerpt":{"rendered":"<p>Am 23.11.2010 \u00fcbergaben der Verein &#8220;Playoffgesichter e.V.&#8221; 400 EUR und &#8220;WiWa Familie&#8221; 322 EUR an Rosys Kids Corner! Wir freuen uns \u00fcber die tolle Summe von 722 EUR und bedanken uns ganz herzlich f\u00fcr die Unterst\u00fctzung!<\/p>\n","protected":false},"author":1,"featured_media":0,"parent":0,"menu_order":0,"comment_status":"closed","ping_status":"closed","template":"","meta":{"footnotes":""},"class_list":["post-239","page","type-page","status-publish","hentry"],"_links":{"self":[{"href":"https:\/\/www.rosyskidscorner.de\/index.php?rest_route=\/wp\/v2\/pages\/239","targetHints":{"allow":["GET"]}}],"collection":[{"href":"https:\/\/www.rosyskidscorner.de\/index.php?rest_route=\/wp\/v2\/pages"}],"about":[{"href":"https:\/\/www.rosyskidscorner.de\/index.php?rest_route=\/wp\/v2\/types\/page"}],"author":[{"embeddable":true,"href":"https:\/\/www.rosyskidscorner.de\/index.php?rest_route=\/wp\/v2\/users\/1"}],"replies":[{"embeddable":true,"href":"https:\/\/www.rosyskidscorner.de\/index.php?rest_route=%2Fwp%2Fv2%2Fcomments&post=239"}],"version-history":[{"count":2,"href":"https:\/\/www.rosyskidscorner.de\/index.php?rest_route=\/wp\/v2\/pages\/239\/revisions"}],"predecessor-version":[{"id":1943,"href":"https:\/\/www.rosyskidscorner.de\/index.php?rest_route=\/wp\/v2\/pages\/239\/revisions\/1943"}],"wp:attachment":[{"href":"https:\/\/www.rosyskidscorner.de\/index.php?rest_route=%2Fwp%2Fv2%2Fmedia&parent=239"}],"curies":[{"name":"wp","href":"https:\/\/api.w.org\/{rel}","templated":true}]}}