{"id":244,"date":"2015-02-05T14:09:29","date_gmt":"2015-02-05T13:09:29","guid":{"rendered":"http:\/\/new.rosyskidscorner.de\/?page_id=244"},"modified":"2015-02-05T19:52:12","modified_gmt":"2015-02-05T18:52:12","slug":"bisherige-events-scheckubergabe-der-sparkassen-versicherung-am-19-12-2010","status":"publish","type":"page","link":"https:\/\/www.rosyskidscorner.de\/?page_id=244","title":{"rendered":"Bisherige Events: Scheck\u00fcbergabe der Sparkassen Versicherung am 19.12.2010"},"content":{"rendered":"<p>Am 19.12.2010 \u00fcbergab die Sparkassen Versicherung einen Scheck \u00fcber 2.500 EUR an Rosys Kids Corner! Wir bedanken uns ganz herzlich f\u00fcr die tolle Unterst\u00fctzung!<\/p>\n<p><a href=\"https:\/\/www.rosyskidscorner.de\/wp-content\/uploads\/2015\/02\/events_sparkassenversicherung_100_3667.jpg\"><img loading=\"lazy\" decoding=\"async\" class=\"alignnone size-medium wp-image-245\" src=\"https:\/\/www.rosyskidscorner.de\/wp-content\/uploads\/2015\/02\/events_sparkassenversicherung_100_3667-300x225.jpg\" alt=\"events_sparkassenversicherung_100_3667\" width=\"300\" height=\"225\" srcset=\"https:\/\/www.rosyskidscorner.de\/wp-content\/uploads\/2015\/02\/events_sparkassenversicherung_100_3667-300x225.jpg 300w, https:\/\/www.rosyskidscorner.de\/wp-content\/uploads\/2015\/02\/events_sparkassenversicherung_100_3667.jpg 800w\" sizes=\"auto, (max-width: 300px) 100vw, 300px\" \/><\/a> <a href=\"https:\/\/www.rosyskidscorner.de\/wp-content\/uploads\/2015\/02\/events_sparkassenversicherung_100_3680.jpg\"><img loading=\"lazy\" decoding=\"async\" class=\"alignnone size-medium wp-image-246\" src=\"https:\/\/www.rosyskidscorner.de\/wp-content\/uploads\/2015\/02\/events_sparkassenversicherung_100_3680-300x225.jpg\" alt=\"events_sparkassenversicherung_100_3680\" width=\"300\" height=\"225\" srcset=\"https:\/\/www.rosyskidscorner.de\/wp-content\/uploads\/2015\/02\/events_sparkassenversicherung_100_3680-300x225.jpg 300w, https:\/\/www.rosyskidscorner.de\/wp-content\/uploads\/2015\/02\/events_sparkassenversicherung_100_3680.jpg 800w\" sizes=\"auto, (max-width: 300px) 100vw, 300px\" \/><\/a> <a href=\"https:\/\/www.rosyskidscorner.de\/wp-content\/uploads\/2015\/02\/events_sparkassenversicherung_100_3682.jpg\"><img loading=\"lazy\" decoding=\"async\" class=\"alignnone size-medium wp-image-247\" src=\"https:\/\/www.rosyskidscorner.de\/wp-content\/uploads\/2015\/02\/events_sparkassenversicherung_100_3682-300x225.jpg\" alt=\"events_sparkassenversicherung_100_3682\" width=\"300\" height=\"225\" srcset=\"https:\/\/www.rosyskidscorner.de\/wp-content\/uploads\/2015\/02\/events_sparkassenversicherung_100_3682-300x225.jpg 300w, https:\/\/www.rosyskidscorner.de\/wp-content\/uploads\/2015\/02\/events_sparkassenversicherung_100_3682.jpg 800w\" sizes=\"auto, (max-width: 300px) 100vw, 300px\" \/><\/a><\/p>\n","protected":false},"excerpt":{"rendered":"<p>Am 19.12.2010 \u00fcbergab die Sparkassen Versicherung einen Scheck \u00fcber 2.500 EUR an Rosys Kids Corner! Wir bedanken uns ganz herzlich f\u00fcr die tolle Unterst\u00fctzung!<\/p>\n","protected":false},"author":1,"featured_media":0,"parent":0,"menu_order":0,"comment_status":"closed","ping_status":"closed","template":"","meta":{"footnotes":""},"class_list":["post-244","page","type-page","status-publish","hentry"],"_links":{"self":[{"href":"https:\/\/www.rosyskidscorner.de\/index.php?rest_route=\/wp\/v2\/pages\/244","targetHints":{"allow":["GET"]}}],"collection":[{"href":"https:\/\/www.rosyskidscorner.de\/index.php?rest_route=\/wp\/v2\/pages"}],"about":[{"href":"https:\/\/www.rosyskidscorner.de\/index.php?rest_route=\/wp\/v2\/types\/page"}],"author":[{"embeddable":true,"href":"https:\/\/www.rosyskidscorner.de\/index.php?rest_route=\/wp\/v2\/users\/1"}],"replies":[{"embeddable":true,"href":"https:\/\/www.rosyskidscorner.de\/index.php?rest_route=%2Fwp%2Fv2%2Fcomments&post=244"}],"version-history":[{"count":2,"href":"https:\/\/www.rosyskidscorner.de\/index.php?rest_route=\/wp\/v2\/pages\/244\/revisions"}],"predecessor-version":[{"id":1944,"href":"https:\/\/www.rosyskidscorner.de\/index.php?rest_route=\/wp\/v2\/pages\/244\/revisions\/1944"}],"wp:attachment":[{"href":"https:\/\/www.rosyskidscorner.de\/index.php?rest_route=%2Fwp%2Fv2%2Fmedia&parent=244"}],"curies":[{"name":"wp","href":"https:\/\/api.w.org\/{rel}","templated":true}]}}