{"id":2676,"date":"2016-01-13T15:39:39","date_gmt":"2016-01-13T14:39:39","guid":{"rendered":"http:\/\/www.rosyskidscorner.de\/?page_id=2676"},"modified":"2016-01-13T15:39:39","modified_gmt":"2016-01-13T14:39:39","slug":"aktuell-spektakulare-aktion-zum-tag-des-krebskranken-kindes-am-15-02-16","status":"publish","type":"page","link":"https:\/\/www.rosyskidscorner.de\/?page_id=2676","title":{"rendered":"AKTUELL: Spektakul\u00e4re Aktion zum &#8220;Tag des krebskranken Kindes&#8221; am 15.02.16"},"content":{"rendered":"<p><em>Pressemitteilung der Deutschen Kinderkrebsstiftung vom 11.01.16<\/em><\/p>\n<h4>Zitat:<\/h4>\n<p><em><strong>\u201eWe are one\u201c<\/strong><\/em><\/p>\n<p><em><strong>Spektakul\u00e4re Aktion zum \u201eTag des krebskranken Kindes\u201c <\/strong><\/em><\/p>\n<p><em>Bonn &#8211; Einige der bekanntesten jungen S\u00e4nger und S\u00e4ngerinnen auf YouTube haben sich zu einer \u201eSupergruppe\u201c zugunsten krebskranker Kinder zusammengeschlossen. Und sie laden alle Kinder dieser Welt ein, sich ebenfalls an diesem Projekt zu beteiligen. Musikalische Grundlage ist dabei das eigens zu diesem Zweck von Christophe Beck komponierte Lied \u201eWe Are One\u201c. Beck komponierte unter anderem den Disney-Hit\u00a0 \u201eFrozen\u201c.<\/em><\/p>\n<p><em>Auf der Internet-Seite <a href=\"http:\/\/www.Child4Child.com\" target=\"_blank\">www.Child4Child.com<\/a> k\u00f6nnen Kinder ab sofort bis Anfang Februar singen und ihren Beitrag aufnehmen. Dieser wird dann am 15. Februar, dem Internationalen Tag f\u00fcr krebskranke Kinder, auf Musikplattformen wie Spotify, Deezer and iTunes ver\u00f6ffentlicht. Der Refrain wird alle Stimmen enthalten, die bis dahin auf der Website aufgenommen wurden.<\/em><\/p>\n<p><em>Kinderbotschafter f\u00fcr diese Kampagne sind Alexa Curtis, Gewinnerin des Voice Kids Australia-Preises 2014, Livvy Stubenrauch, Stimme der Anna im Disney-Film Frozen, sowie Gro\u00dfbritanniens und Amerikas Go Talente \u00a0Robbie Firmin und Aralyn O\u2019Neil.<\/em><\/p>\n<p><em>Ziel der spektakul\u00e4ren Aktion ist es nach Angaben von \u201eChildhood Cancer International\u201c (CCI), f\u00fcr das Thema Krebs im Kindesalter zu sensibilisieren und krebskranke Kinder zu unterst\u00fctzen und ihnen Mut zu machen. CCI, 1994 im spanischen Valencia unter dem K\u00fcrzel ICCCPO gegr\u00fcndet,\u00a0 repr\u00e4sentiert zurzeit rund 180 Elterngruppen krebskranker Kinder in 90 L\u00e4ndern. Sie setzt sich daf\u00fcr ein, dass alle krebskranken Kinder unabh\u00e4ngig vom Wohnort Zugang zu ausreichender Behandlung bekommen. In Deutschland ist sie durch den Dachverband \u201eDeutsche Leuk\u00e4mie-Forschungshilfe \u2013 Aktion f\u00fcr krebskranke Kinder\u201c (DLFH) beziehungsweise durch dessen Stiftung \u201eDeutsche Kinderkrebsstiftung\u201c vertreten.<\/em><\/p>\n<h4>Zitatende<\/h4>\n","protected":false},"excerpt":{"rendered":"<p>Pressemitteilung der Deutschen Kinderkrebsstiftung vom 11.01.16 Zitat: \u201eWe are one\u201c Spektakul\u00e4re Aktion zum \u201eTag des krebskranken Kindes\u201c Bonn &#8211; Einige der bekanntesten jungen S\u00e4nger und S\u00e4ngerinnen auf YouTube haben sich zu einer \u201eSupergruppe\u201c zugunsten krebskranker Kinder zusammengeschlossen. Und sie laden alle Kinder dieser Welt ein, sich ebenfalls an diesem Projekt zu beteiligen. Musikalische Grundlage ist &hellip; <a href=\"https:\/\/www.rosyskidscorner.de\/?page_id=2676\" class=\"more-link\">Continue reading <span class=\"screen-reader-text\">AKTUELL: Spektakul\u00e4re Aktion zum &#8220;Tag des krebskranken Kindes&#8221; am 15.02.16<\/span> <span class=\"meta-nav\">&rarr;<\/span><\/a><\/p>\n","protected":false},"author":1,"featured_media":0,"parent":0,"menu_order":0,"comment_status":"closed","ping_status":"closed","template":"","meta":{"footnotes":""},"class_list":["post-2676","page","type-page","status-publish","hentry"],"_links":{"self":[{"href":"https:\/\/www.rosyskidscorner.de\/index.php?rest_route=\/wp\/v2\/pages\/2676","targetHints":{"allow":["GET"]}}],"collection":[{"href":"https:\/\/www.rosyskidscorner.de\/index.php?rest_route=\/wp\/v2\/pages"}],"about":[{"href":"https:\/\/www.rosyskidscorner.de\/index.php?rest_route=\/wp\/v2\/types\/page"}],"author":[{"embeddable":true,"href":"https:\/\/www.rosyskidscorner.de\/index.php?rest_route=\/wp\/v2\/users\/1"}],"replies":[{"embeddable":true,"href":"https:\/\/www.rosyskidscorner.de\/index.php?rest_route=%2Fwp%2Fv2%2Fcomments&post=2676"}],"version-history":[{"count":1,"href":"https:\/\/www.rosyskidscorner.de\/index.php?rest_route=\/wp\/v2\/pages\/2676\/revisions"}],"predecessor-version":[{"id":2677,"href":"https:\/\/www.rosyskidscorner.de\/index.php?rest_route=\/wp\/v2\/pages\/2676\/revisions\/2677"}],"wp:attachment":[{"href":"https:\/\/www.rosyskidscorner.de\/index.php?rest_route=%2Fwp%2Fv2%2Fmedia&parent=2676"}],"curies":[{"name":"wp","href":"https:\/\/api.w.org\/{rel}","templated":true}]}}