{"id":2681,"date":"2016-01-19T09:50:40","date_gmt":"2016-01-19T08:50:40","guid":{"rendered":"http:\/\/www.rosyskidscorner.de\/?page_id=2681"},"modified":"2016-02-10T18:56:05","modified_gmt":"2016-02-10T17:56:05","slug":"presse-spiel-der-leuchtenden-herzen-am-18-12-2015-in-der-sap-arena-mannheim","status":"publish","type":"page","link":"https:\/\/www.rosyskidscorner.de\/?page_id=2681","title":{"rendered":"Presse: \u201cSpiel der leuchtenden Herzen\u201d am 18.12.2015 in der SAP ARENA Mannheim"},"content":{"rendered":"<h6>25.000 Euro f\u00fcr Rosys Kids Corner<\/h6>\n<p>19. Januar 2016<\/p>\n<p>Vor dem Spiel der Adler gegen die Eisb\u00e4ren Berlin \u00fcberreichte Adler-Gesch\u00e4ftsf\u00fchrer Matthias Binder im Namen des Vereins \u201eAdler helfen Menschen\u201c eine Spende in H\u00f6he von 25.000,- Euro an Rosys Kids Corner. Die Spende stammt aus dem Erl\u00f6s des \u201eSpiels der leuchtenden Herzen\u201c vom 18.12.2015.<\/p>\n<p><a href=\"https:\/\/www.rosyskidscorner.de\/wp-content\/uploads\/2016\/01\/presse_spiel-der-leuchtenden-herzen_2015.jpg\" rel=\"attachment wp-att-2691\"><img loading=\"lazy\" decoding=\"async\" class=\"size-medium wp-image-2691\" src=\"https:\/\/www.rosyskidscorner.de\/wp-content\/uploads\/2016\/01\/presse_spiel-der-leuchtenden-herzen_2015-300x200.jpg\" alt=\"Scheckuebergabe Kids Corner beim Spiel in der DEL, Adler Mannheim - Eisbaeren Berlin. Foto \u00a9 PIX-Sportfotos *** Foto ist honorarpflichtig! *** Auf Anfrage in hoeherer Qualitaet\/Aufloesung. Belegexemplar erbeten. Veroeffentlichung ausschliesslich fuer journalistisch-publizistische Zwecke. For editorial use only.\" width=\"300\" height=\"200\" srcset=\"https:\/\/www.rosyskidscorner.de\/wp-content\/uploads\/2016\/01\/presse_spiel-der-leuchtenden-herzen_2015-300x200.jpg 300w, https:\/\/www.rosyskidscorner.de\/wp-content\/uploads\/2016\/01\/presse_spiel-der-leuchtenden-herzen_2015-768x512.jpg 768w, https:\/\/www.rosyskidscorner.de\/wp-content\/uploads\/2016\/01\/presse_spiel-der-leuchtenden-herzen_2015-1024x683.jpg 1024w, https:\/\/www.rosyskidscorner.de\/wp-content\/uploads\/2016\/01\/presse_spiel-der-leuchtenden-herzen_2015.jpg 1600w\" sizes=\"auto, (max-width: 300px) 100vw, 300px\" \/><\/a><\/p>\n<p>Die im Jahr 2000 auf Betreiben des damaligen Adler-Torh\u00fcters Mike Rosati gegr\u00fcndete Initiative unterst\u00fctzt die Deutsche Leuk\u00e4mie-Forschungs-Hilfe (DLFH) und k\u00fcmmert sich besonders um krebskranke Kinder. Martin Stachniss und Karen Kutschbach nahmen den Scheck f\u00fcr Rosys Kids Corner entgegen.<\/p>\n<p><a href=\"https:\/\/www.rosyskidscorner.de\/wp-content\/uploads\/2016\/01\/presse_spendenuebergabe2015_anz.jpg\" rel=\"attachment wp-att-2710\"><img loading=\"lazy\" decoding=\"async\" class=\"alignnone size-medium wp-image-2710\" src=\"https:\/\/www.rosyskidscorner.de\/wp-content\/uploads\/2016\/01\/presse_spendenuebergabe2015_anz-300x211.jpg\" alt=\"presse_spendenuebergabe2015_anz\" width=\"300\" height=\"211\" srcset=\"https:\/\/www.rosyskidscorner.de\/wp-content\/uploads\/2016\/01\/presse_spendenuebergabe2015_anz-300x211.jpg 300w, https:\/\/www.rosyskidscorner.de\/wp-content\/uploads\/2016\/01\/presse_spendenuebergabe2015_anz-768x540.jpg 768w, https:\/\/www.rosyskidscorner.de\/wp-content\/uploads\/2016\/01\/presse_spendenuebergabe2015_anz-1024x720.jpg 1024w, https:\/\/www.rosyskidscorner.de\/wp-content\/uploads\/2016\/01\/presse_spendenuebergabe2015_anz.jpg 1278w\" sizes=\"auto, (max-width: 300px) 100vw, 300px\" \/><\/a><\/p>\n<p><strong><a href=\"https:\/\/www.rosyskidscorner.de\/?page_id=2695\">Weitere Fotos finden Sie hier!<\/a><\/strong><\/p>\n<p>Quelle Artikel: <a href=\"http:\/\/adler-mannheim.de\/topstories.php?d[nr]=4876\" target=\"_blank\">Offizielle Homepage der Adler Mannheim<\/a><br \/>\nQuelle Foto: <a href=\"http:\/\/pix-sportfotos.de\" target=\"_blank\">PIX-Sportfotos<\/a><\/p>\n","protected":false},"excerpt":{"rendered":"<p>25.000 Euro f\u00fcr Rosys Kids Corner 19. Januar 2016 Vor dem Spiel der Adler gegen die Eisb\u00e4ren Berlin \u00fcberreichte Adler-Gesch\u00e4ftsf\u00fchrer Matthias Binder im Namen des Vereins \u201eAdler helfen Menschen\u201c eine Spende in H\u00f6he von 25.000,- Euro an Rosys Kids Corner. Die Spende stammt aus dem Erl\u00f6s des \u201eSpiels der leuchtenden Herzen\u201c vom 18.12.2015. Die im &hellip; <a href=\"https:\/\/www.rosyskidscorner.de\/?page_id=2681\" class=\"more-link\">Continue reading <span class=\"screen-reader-text\">Presse: \u201cSpiel der leuchtenden Herzen\u201d am 18.12.2015 in der SAP ARENA Mannheim<\/span> <span class=\"meta-nav\">&rarr;<\/span><\/a><\/p>\n","protected":false},"author":1,"featured_media":0,"parent":0,"menu_order":0,"comment_status":"closed","ping_status":"closed","template":"","meta":{"footnotes":""},"class_list":["post-2681","page","type-page","status-publish","hentry"],"_links":{"self":[{"href":"https:\/\/www.rosyskidscorner.de\/index.php?rest_route=\/wp\/v2\/pages\/2681","targetHints":{"allow":["GET"]}}],"collection":[{"href":"https:\/\/www.rosyskidscorner.de\/index.php?rest_route=\/wp\/v2\/pages"}],"about":[{"href":"https:\/\/www.rosyskidscorner.de\/index.php?rest_route=\/wp\/v2\/types\/page"}],"author":[{"embeddable":true,"href":"https:\/\/www.rosyskidscorner.de\/index.php?rest_route=\/wp\/v2\/users\/1"}],"replies":[{"embeddable":true,"href":"https:\/\/www.rosyskidscorner.de\/index.php?rest_route=%2Fwp%2Fv2%2Fcomments&post=2681"}],"version-history":[{"count":10,"href":"https:\/\/www.rosyskidscorner.de\/index.php?rest_route=\/wp\/v2\/pages\/2681\/revisions"}],"predecessor-version":[{"id":2711,"href":"https:\/\/www.rosyskidscorner.de\/index.php?rest_route=\/wp\/v2\/pages\/2681\/revisions\/2711"}],"wp:attachment":[{"href":"https:\/\/www.rosyskidscorner.de\/index.php?rest_route=%2Fwp%2Fv2%2Fmedia&parent=2681"}],"curies":[{"name":"wp","href":"https:\/\/api.w.org\/{rel}","templated":true}]}}