{"id":28,"date":"2015-02-05T09:34:33","date_gmt":"2015-02-05T08:34:33","guid":{"rendered":"http:\/\/new.rosyskidscorner.de\/?page_id=28"},"modified":"2025-12-04T12:24:05","modified_gmt":"2025-12-04T11:24:05","slug":"bisherige-events","status":"publish","type":"page","link":"https:\/\/www.rosyskidscorner.de\/?page_id=28","title":{"rendered":"Bisherige Events"},"content":{"rendered":"<ul>\n<li><a title=\"Bisherige Events: Meine erste Begegnung mit Mike Rosati\" href=\"https:\/\/www.rosyskidscorner.de\/?page_id=177\">Meine erste Begegnung mit Mike Rosati<\/a><\/li>\n<li><a title=\"Bisherige Events: Mein Erlebnis beim Eishockey-Spiel\" href=\"https:\/\/www.rosyskidscorner.de\/?page_id=180\">Mein Erlebnis beim Eishockey-Spiel<\/a><\/li>\n<li><a title=\"Bisherige Events: Was passiert, wenn Schwester Karen anruft?\" href=\"https:\/\/www.rosyskidscorner.de\/?page_id=186\">Was passiert, wenn Schwester Karen anruft?<\/a><\/li>\n<li><a title=\"Bisherige Events: Abschiedsfest Mike Rosati\" href=\"https:\/\/www.rosyskidscorner.de\/?page_id=189\">Abschiedsfest Mike Rosati<\/a><\/li>\n<li><a title=\"Bisherige Events: Aktion der Netzadler\" href=\"https:\/\/www.rosyskidscorner.de\/?page_id=208\">Aktion der Netzadler<\/a><\/li>\n<li><a title=\"Bisherige Events: \u201cAdler Mannheim sind die Besten!\u201d\" href=\"https:\/\/www.rosyskidscorner.de\/?page_id=210\">&#8220;Adler Mannheim sind die Besten!&#8221;<\/a><\/li>\n<li><a title=\"Bisherige Events: \u201cVielen Dank!\u201d von Jan\" href=\"https:\/\/www.rosyskidscorner.de\/?page_id=213\">&#8220;Vielen Dank!&#8221; von Jan<\/a><\/li>\n<li><a title=\"Bisherige Events: Ein ganz normaler Tag..\" href=\"https:\/\/www.rosyskidscorner.de\/?page_id=216\">Ein ganz normaler Tag..<\/a><\/li>\n<li><a title=\"Bisherige Events: Ein sch\u00f6ner Tag bei den Adlern Mannheim\" href=\"https:\/\/www.rosyskidscorner.de\/?page_id=219\">Ein sch\u00f6ner Tag bei den Adlern Mannheim<\/a><\/li>\n<li><a title=\"Bisherige Events: Scheck\u00fcbergabe der Playoffgesichter im Stadion am 31.01.2010\" href=\"https:\/\/www.rosyskidscorner.de\/?page_id=221\">31.01.2010: Scheck\u00fcbergabe der Playoffgesichter im Stadion &#8211; 500 EUR f\u00fcr Rosys Kids Corner!<\/a><\/li>\n<li><a title=\"Bisherige Events: Scheck\u00fcbergabe des Adler Fan Club SCMA Youth\" href=\"https:\/\/www.rosyskidscorner.de\/?page_id=230\">12.02.2010: Scheck\u00fcbergabe des Adler Fan Club SCMA Youth &#8211; 300 EUR f\u00fcr Rosys Kids Corner aus der T-Shirt-Aktion gegen die Frankfurt Lions!<\/a><\/li>\n<li><a title=\"Bisherige Events: Dankesbrief von J., 8 Jahre (29.11.2010)\" href=\"https:\/\/www.rosyskidscorner.de\/?page_id=235\">29.11.2010: Dankesbrief von J., 8 Jahre<\/a><\/li>\n<li><a title=\"Bisherige Events: Scheck\u00fcbergabe der Playoffgesichter &amp; WiWa Familie am 23.11.2010\" href=\"https:\/\/www.rosyskidscorner.de\/?page_id=239\">23.11.2010: Scheck\u00fcbergabe der &#8220;Playoffgesichter e.V.&#8221; (400 EUR) und &#8220;WiWa Familie&#8221; (322 EUR) &#8211; insgesamt 722 EUR f\u00fcr Rosys Kids Corner!<\/a><\/li>\n<li><a title=\"Bisherige Events: Scheck\u00fcbergabe der Sparkassen Versicherung am 19.12.2010\" href=\"https:\/\/www.rosyskidscorner.de\/?page_id=244\">19.12.2010: Scheck\u00fcbergabe der Sparkassen Versicherung &#8211; 2.500 EUR f\u00fcr Rosys Kids Corner!<\/a><\/li>\n<li><a title=\"Bisherige Events: Scheck\u00fcbergabe der Volksbank Kraichgau Wiesloch-Sinsheim eG am 07.01.2011\" href=\"https:\/\/www.rosyskidscorner.de\/?page_id=249\">07.01.2011: Scheck\u00fcbergabe der Volksbank Kraichgau Wiesloch-Sinsheim eG &#8211; 500 EUR f\u00fcr Rosys Kids Corner!<\/a><\/li>\n<li><a href=\"https:\/\/www.rosyskidscorner.de\/?page_id=4668\">Abschiedsspiel von Ronny Arendt und Jochen Hecht am 23.02.18 in der SAP Arena Mannheim<\/a><\/li>\n<li><a href=\"https:\/\/www.rosyskidscorner.de\/?page_id=5133\">02.03.2018: Spende von Herrn Dekan Lukas Glocker an Rosys Kids Corner<\/a><\/li>\n<li><a href=\"https:\/\/www.rosyskidscorner.de\/?page_id=5141\">08.03.2018: Spende von Lukas Lang an Rosys Kids Corner<\/a><\/li>\n<li><a href=\"https:\/\/www.rosyskidscorner.de\/?page_id=5514\">10.10.2018: Besuch von Adler-Spielern auf Station 31.4 der UMM!<\/a><\/li>\n<li><a href=\"https:\/\/www.rosyskidscorner.de\/?page_id=13659\" target=\"_blank\" rel=\"noopener\">04.12.2025: Meine Geschichte &#8211; von Luca<\/a><\/li>\n<\/ul>\n","protected":false},"excerpt":{"rendered":"<p>Meine erste Begegnung mit Mike Rosati Mein Erlebnis beim Eishockey-Spiel Was passiert, wenn Schwester Karen anruft? Abschiedsfest Mike Rosati Aktion der Netzadler &#8220;Adler Mannheim sind die Besten!&#8221; &#8220;Vielen Dank!&#8221; von Jan Ein ganz normaler Tag.. Ein sch\u00f6ner Tag bei den Adlern Mannheim 31.01.2010: Scheck\u00fcbergabe der Playoffgesichter im Stadion &#8211; 500 EUR f\u00fcr Rosys Kids Corner! &hellip; <a href=\"https:\/\/www.rosyskidscorner.de\/?page_id=28\" class=\"more-link\">Continue reading <span class=\"screen-reader-text\">Bisherige Events<\/span> <span class=\"meta-nav\">&rarr;<\/span><\/a><\/p>\n","protected":false},"author":1,"featured_media":0,"parent":0,"menu_order":0,"comment_status":"closed","ping_status":"closed","template":"","meta":{"footnotes":""},"class_list":["post-28","page","type-page","status-publish","hentry"],"_links":{"self":[{"href":"https:\/\/www.rosyskidscorner.de\/index.php?rest_route=\/wp\/v2\/pages\/28","targetHints":{"allow":["GET"]}}],"collection":[{"href":"https:\/\/www.rosyskidscorner.de\/index.php?rest_route=\/wp\/v2\/pages"}],"about":[{"href":"https:\/\/www.rosyskidscorner.de\/index.php?rest_route=\/wp\/v2\/types\/page"}],"author":[{"embeddable":true,"href":"https:\/\/www.rosyskidscorner.de\/index.php?rest_route=\/wp\/v2\/users\/1"}],"replies":[{"embeddable":true,"href":"https:\/\/www.rosyskidscorner.de\/index.php?rest_route=%2Fwp%2Fv2%2Fcomments&post=28"}],"version-history":[{"count":13,"href":"https:\/\/www.rosyskidscorner.de\/index.php?rest_route=\/wp\/v2\/pages\/28\/revisions"}],"predecessor-version":[{"id":13663,"href":"https:\/\/www.rosyskidscorner.de\/index.php?rest_route=\/wp\/v2\/pages\/28\/revisions\/13663"}],"wp:attachment":[{"href":"https:\/\/www.rosyskidscorner.de\/index.php?rest_route=%2Fwp%2Fv2%2Fmedia&parent=28"}],"curies":[{"name":"wp","href":"https:\/\/api.w.org\/{rel}","templated":true}]}}