{"id":3540,"date":"2017-01-24T18:18:08","date_gmt":"2017-01-24T17:18:08","guid":{"rendered":"https:\/\/www.rosyskidscorner.de\/?page_id=3540"},"modified":"2017-02-09T18:19:40","modified_gmt":"2017-02-09T17:19:40","slug":"presse-spiel-der-leuchtenden-herzen-am-23-12-2016-in-der-sap-arena-mannheim","status":"publish","type":"page","link":"https:\/\/www.rosyskidscorner.de\/?page_id=3540","title":{"rendered":"Presse: \u201cSpiel der leuchtenden Herzen\u201d am 23.12.2016 in der SAP ARENA Mannheim"},"content":{"rendered":"<h6>30.000 Euro f\u00fcr Rosys Kids Corner<\/h6>\n<p><a href=\"https:\/\/www.rosyskidscorner.de\/wp-content\/uploads\/2017\/01\/presse_spiel-der-leuchtenden-herzen_2016.jpg\"><img loading=\"lazy\" decoding=\"async\" class=\"alignnone  wp-image-3541\" src=\"https:\/\/www.rosyskidscorner.de\/wp-content\/uploads\/2017\/01\/presse_spiel-der-leuchtenden-herzen_2016-300x200.jpg\" alt=\"\" width=\"300\" height=\"200\" srcset=\"https:\/\/www.rosyskidscorner.de\/wp-content\/uploads\/2017\/01\/presse_spiel-der-leuchtenden-herzen_2016-300x200.jpg 300w, https:\/\/www.rosyskidscorner.de\/wp-content\/uploads\/2017\/01\/presse_spiel-der-leuchtenden-herzen_2016-768x512.jpg 768w, https:\/\/www.rosyskidscorner.de\/wp-content\/uploads\/2017\/01\/presse_spiel-der-leuchtenden-herzen_2016-1024x683.jpg 1024w, https:\/\/www.rosyskidscorner.de\/wp-content\/uploads\/2017\/01\/presse_spiel-der-leuchtenden-herzen_2016.jpg 1600w\" sizes=\"auto, (max-width: 300px) 100vw, 300px\" \/><\/a>\u00a0<a href=\"https:\/\/www.rosyskidscorner.de\/wp-content\/uploads\/2017\/01\/presse_spiel-der-leuchtenden-herzen_2016_2.jpg\"><img loading=\"lazy\" decoding=\"async\" class=\"alignnone  wp-image-3919\" src=\"https:\/\/www.rosyskidscorner.de\/wp-content\/uploads\/2017\/01\/presse_spiel-der-leuchtenden-herzen_2016_2-300x211.jpg\" alt=\"\" width=\"284\" height=\"200\" srcset=\"https:\/\/www.rosyskidscorner.de\/wp-content\/uploads\/2017\/01\/presse_spiel-der-leuchtenden-herzen_2016_2-300x211.jpg 300w, https:\/\/www.rosyskidscorner.de\/wp-content\/uploads\/2017\/01\/presse_spiel-der-leuchtenden-herzen_2016_2-768x540.jpg 768w, https:\/\/www.rosyskidscorner.de\/wp-content\/uploads\/2017\/01\/presse_spiel-der-leuchtenden-herzen_2016_2-1024x721.jpg 1024w, https:\/\/www.rosyskidscorner.de\/wp-content\/uploads\/2017\/01\/presse_spiel-der-leuchtenden-herzen_2016_2.jpg 1272w\" sizes=\"auto, (max-width: 284px) 100vw, 284px\" \/><\/a><\/p>\n<p>Rosys Kids Corner bedankt sich ganz herzlich bei allen Spendern und Unterst\u00fctzern f\u00fcr diese gro\u00dfartige Spende f\u00fcr unsere krebskranken Kinder. Die Spenden\u00fcbergabe fand am 22.01.2017 in der SAP ARENA Mannheim statt.<\/p>\n<p>Rosys Kids Corner bedeutet f\u00fcr unsere Kinder Lebensfreude und Lebensmut, und das ist geistige\u00a0und seelische Medizin und daher genau so wichtig\u00a0wie Chemo.<\/p>\n<p>Vielen herzlichen Dank an Sie alle.<\/p>\n<p>Quelle Foto: <a href=\"http:\/\/pix-sportfotos.de\/\" target=\"_blank\">PIX-Sportfotos<\/a><\/p>\n","protected":false},"excerpt":{"rendered":"<p>30.000 Euro f\u00fcr Rosys Kids Corner \u00a0 Rosys Kids Corner bedankt sich ganz herzlich bei allen Spendern und Unterst\u00fctzern f\u00fcr diese gro\u00dfartige Spende f\u00fcr unsere krebskranken Kinder. Die Spenden\u00fcbergabe fand am 22.01.2017 in der SAP ARENA Mannheim statt. Rosys Kids Corner bedeutet f\u00fcr unsere Kinder Lebensfreude und Lebensmut, und das ist geistige\u00a0und seelische Medizin und &hellip; <a href=\"https:\/\/www.rosyskidscorner.de\/?page_id=3540\" class=\"more-link\">Continue reading <span class=\"screen-reader-text\">Presse: \u201cSpiel der leuchtenden Herzen\u201d am 23.12.2016 in der SAP ARENA Mannheim<\/span> <span class=\"meta-nav\">&rarr;<\/span><\/a><\/p>\n","protected":false},"author":1,"featured_media":0,"parent":0,"menu_order":0,"comment_status":"closed","ping_status":"closed","template":"","meta":{"footnotes":""},"class_list":["post-3540","page","type-page","status-publish","hentry"],"_links":{"self":[{"href":"https:\/\/www.rosyskidscorner.de\/index.php?rest_route=\/wp\/v2\/pages\/3540","targetHints":{"allow":["GET"]}}],"collection":[{"href":"https:\/\/www.rosyskidscorner.de\/index.php?rest_route=\/wp\/v2\/pages"}],"about":[{"href":"https:\/\/www.rosyskidscorner.de\/index.php?rest_route=\/wp\/v2\/types\/page"}],"author":[{"embeddable":true,"href":"https:\/\/www.rosyskidscorner.de\/index.php?rest_route=\/wp\/v2\/users\/1"}],"replies":[{"embeddable":true,"href":"https:\/\/www.rosyskidscorner.de\/index.php?rest_route=%2Fwp%2Fv2%2Fcomments&post=3540"}],"version-history":[{"count":5,"href":"https:\/\/www.rosyskidscorner.de\/index.php?rest_route=\/wp\/v2\/pages\/3540\/revisions"}],"predecessor-version":[{"id":3921,"href":"https:\/\/www.rosyskidscorner.de\/index.php?rest_route=\/wp\/v2\/pages\/3540\/revisions\/3921"}],"wp:attachment":[{"href":"https:\/\/www.rosyskidscorner.de\/index.php?rest_route=%2Fwp%2Fv2%2Fmedia&parent=3540"}],"curies":[{"name":"wp","href":"https:\/\/api.w.org\/{rel}","templated":true}]}}