{"id":5514,"date":"2018-10-10T19:54:35","date_gmt":"2018-10-10T17:54:35","guid":{"rendered":"https:\/\/www.rosyskidscorner.de\/?page_id=5514"},"modified":"2018-10-10T19:55:10","modified_gmt":"2018-10-10T17:55:10","slug":"10-10-18-besuch-von-adler-spielern-auf-station-31-4-der-umm","status":"publish","type":"page","link":"https:\/\/www.rosyskidscorner.de\/?page_id=5514","title":{"rendered":"10.10.2018: Besuch von Adler-Spielern auf Station 31.4 der UMM!"},"content":{"rendered":"<h6>Heute war ein besonderer Tag auf der onkologischen Kinderstation im UMM auf Station 31.4:<\/h6>\n<h6>Drei Adler-Spieler, n\u00e4mlich Thomas Larkin, Nicolas Kr\u00e4mmer und Markus Eisenschmid, haben die Kinder auf Station besucht. Wir alle hatten sehr viel Spa\u00df! \ud83d\ude42<\/h6>\n<p><a href=\"https:\/\/www.rosyskidscorner.de\/wp-content\/uploads\/2018\/10\/aktuell_20181010_besuch_spieler_station.jpg\"><img loading=\"lazy\" decoding=\"async\" class=\"alignnone size-medium wp-image-5515\" src=\"https:\/\/www.rosyskidscorner.de\/wp-content\/uploads\/2018\/10\/aktuell_20181010_besuch_spieler_station-300x225.jpg\" alt=\"\" width=\"300\" height=\"225\" srcset=\"https:\/\/www.rosyskidscorner.de\/wp-content\/uploads\/2018\/10\/aktuell_20181010_besuch_spieler_station-300x225.jpg 300w, https:\/\/www.rosyskidscorner.de\/wp-content\/uploads\/2018\/10\/aktuell_20181010_besuch_spieler_station-768x576.jpg 768w, https:\/\/www.rosyskidscorner.de\/wp-content\/uploads\/2018\/10\/aktuell_20181010_besuch_spieler_station-1024x768.jpg 1024w, https:\/\/www.rosyskidscorner.de\/wp-content\/uploads\/2018\/10\/aktuell_20181010_besuch_spieler_station.jpg 1600w\" sizes=\"auto, (max-width: 300px) 100vw, 300px\" \/><\/a><\/p>\n<h6>Ganz herzlichen Dank an die Spieler, dass sie sich heute die Zeit genommen haben!<\/h6>\n","protected":false},"excerpt":{"rendered":"<p>Heute war ein besonderer Tag auf der onkologischen Kinderstation im UMM auf Station 31.4: Drei Adler-Spieler, n\u00e4mlich Thomas Larkin, Nicolas Kr\u00e4mmer und Markus Eisenschmid, haben die Kinder auf Station besucht. Wir alle hatten sehr viel Spa\u00df! \ud83d\ude42 Ganz herzlichen Dank an die Spieler, dass sie sich heute die Zeit genommen haben!<\/p>\n","protected":false},"author":1,"featured_media":0,"parent":0,"menu_order":0,"comment_status":"closed","ping_status":"closed","template":"","meta":{"footnotes":""},"class_list":["post-5514","page","type-page","status-publish","hentry"],"_links":{"self":[{"href":"https:\/\/www.rosyskidscorner.de\/index.php?rest_route=\/wp\/v2\/pages\/5514","targetHints":{"allow":["GET"]}}],"collection":[{"href":"https:\/\/www.rosyskidscorner.de\/index.php?rest_route=\/wp\/v2\/pages"}],"about":[{"href":"https:\/\/www.rosyskidscorner.de\/index.php?rest_route=\/wp\/v2\/types\/page"}],"author":[{"embeddable":true,"href":"https:\/\/www.rosyskidscorner.de\/index.php?rest_route=\/wp\/v2\/users\/1"}],"replies":[{"embeddable":true,"href":"https:\/\/www.rosyskidscorner.de\/index.php?rest_route=%2Fwp%2Fv2%2Fcomments&post=5514"}],"version-history":[{"count":2,"href":"https:\/\/www.rosyskidscorner.de\/index.php?rest_route=\/wp\/v2\/pages\/5514\/revisions"}],"predecessor-version":[{"id":5518,"href":"https:\/\/www.rosyskidscorner.de\/index.php?rest_route=\/wp\/v2\/pages\/5514\/revisions\/5518"}],"wp:attachment":[{"href":"https:\/\/www.rosyskidscorner.de\/index.php?rest_route=%2Fwp%2Fv2%2Fmedia&parent=5514"}],"curies":[{"name":"wp","href":"https:\/\/api.w.org\/{rel}","templated":true}]}}