{"id":5525,"date":"2018-10-12T10:41:52","date_gmt":"2018-10-12T08:41:52","guid":{"rendered":"https:\/\/www.rosyskidscorner.de\/?page_id=5525"},"modified":"2018-10-12T10:52:16","modified_gmt":"2018-10-12T08:52:16","slug":"aktuell-fanprojekt-quadradetour-radeln-fur-den-guten-zweck-am-04-11-18","status":"publish","type":"page","link":"https:\/\/www.rosyskidscorner.de\/?page_id=5525","title":{"rendered":"AKTUELL: Fanprojekt-QuadRADetour &#8211; Radeln f\u00fcr den guten Zweck am 04.11.18"},"content":{"rendered":"<h6>Das <a href=\"https:\/\/www.adler-fanprojekt.de\/\" target=\"_blank\" rel=\"noopener\">Adler Mannheim Fanprojekt<\/a>\u00a0m\u00f6chte\u00a0die erste Fanprojekt-QuadRADetour zu einem guten Zweck starten lassen und l\u00e4dt zum gemeinsamen Radeln zum Heimspiel der Adler Mannheim am 04.11.18\u00a0 gegen die Augsburger Panther (Bully um 14 Uhr) ein!<\/h6>\n<p><a href=\"https:\/\/www.rosyskidscorner.de\/wp-content\/uploads\/2018\/10\/aktuell_20181012_quadratetour.jpg\"><img loading=\"lazy\" decoding=\"async\" class=\"alignnone wp-image-5530 size-large\" src=\"https:\/\/www.rosyskidscorner.de\/wp-content\/uploads\/2018\/10\/aktuell_20181012_quadratetour-1024x536.jpg\" alt=\"\" width=\"604\" height=\"316\" srcset=\"https:\/\/www.rosyskidscorner.de\/wp-content\/uploads\/2018\/10\/aktuell_20181012_quadratetour-1024x536.jpg 1024w, https:\/\/www.rosyskidscorner.de\/wp-content\/uploads\/2018\/10\/aktuell_20181012_quadratetour-300x157.jpg 300w, https:\/\/www.rosyskidscorner.de\/wp-content\/uploads\/2018\/10\/aktuell_20181012_quadratetour-768x402.jpg 768w, https:\/\/www.rosyskidscorner.de\/wp-content\/uploads\/2018\/10\/aktuell_20181012_quadratetour.jpg 1200w\" sizes=\"auto, (max-width: 604px) 100vw, 604px\" \/><\/a><\/p>\n<h6>Das Adler Mannheim Fanprojekt teilt auf seiner <a href=\"https:\/\/www.adler-fanprojekt.de\/2018\/10\/11\/quadradetour-radeln-fuer-den-guten-zweck\/\" target=\"_blank\" rel=\"noopener\">Homepage<\/a> sowie <a href=\"https:\/\/www.facebook.com\/adlerfanprojekt\/posts\/1856387044408502:0\" target=\"_blank\" rel=\"noopener\">Facebook-Seite<\/a> folgende weitere Infos mit:<\/h6>\n<p><em>Treffpunkt ist um 10:00 Uhr am Eisstadion am Friedrichspark. Dort z\u00e4hlen wir die Teilnehmer, aus dem besten Grund \u00fcberhaupt: Die INTER Versicherungsgruppe spendet 5 Euro pro Radfahrer. Zus\u00e4tzlich werden wir Sammelb\u00fcchsen dabei haben, falls ihr selbst noch ein paar Euro spenden m\u00f6chtet (aber nat\u00fcrlich nicht m\u00fcsst) oder noch einen eigenen Sponsor f\u00fcr eure kleine Radtour aufgetrieben habt. Alle gesammelten Spenden an diesem Tag gehen an Rosys Kids Corner.<\/em><\/p>\n<p><em><u>Zeitplan<\/u><\/em><br \/>\n<em>10:00 Uhr Treffpunkt am Friedrichspark<\/em><br \/>\n<em>11:00 Uhr Abfahrt! <\/em><br \/>\n<em>ca. 12:00 Uhr Ankunft an der SAP Arena<\/em><\/p>\n<p><em>Fahrradparkpl\u00e4tze wird es an der Arena geben.<\/em><br \/>\n<em>Selbstverst\u00e4ndlich ist die Tour angemeldet und findet unter Polizeigeleit statt. Ein Gruppenfoto wird nat\u00fcrlich auch noch gemacht! \ud83d\ude42<\/em><\/p>\n<p><em>Wir freuen uns auf zahlreiches Kommen und Radeln f\u00fcr den guten Zweck! F\u00fcr alle, die gerne spenden m\u00f6chten aber nicht teilnehmen k\u00f6nnen: Kommt einfach an diesem Spieltag vor oder nach dem Spiel am Fanstand vorbei, wir werden die Sammelb\u00fcchsen f\u00fcr Rosy\u2019s an diesem Tag aufstellen und die Spenden mit in den gro\u00dfen Topf werfen!<\/em><\/p>\n<p>Hier gehts direkt zum Event auf Facebook:<br \/>\n<a href=\"https:\/\/www.facebook.com\/events\/2143127905951807\/\" target=\"_blank\" rel=\"noopener\">https:\/\/www.facebook.com\/events\/2143127905951807\/<\/a><\/p>\n<h6><strong>Wir bedanken uns schon mal ganz herzlich im Voraus beim Adler Mannheim Fanprojekt und allen Teilnehmern f\u00fcr die tolle Unterst\u00fctzung! \ud83d\ude42<\/strong><\/h6>\n","protected":false},"excerpt":{"rendered":"<p>Das Adler Mannheim Fanprojekt\u00a0m\u00f6chte\u00a0die erste Fanprojekt-QuadRADetour zu einem guten Zweck starten lassen und l\u00e4dt zum gemeinsamen Radeln zum Heimspiel der Adler Mannheim am 04.11.18\u00a0 gegen die Augsburger Panther (Bully um 14 Uhr) ein! Das Adler Mannheim Fanprojekt teilt auf seiner Homepage sowie Facebook-Seite folgende weitere Infos mit: Treffpunkt ist um 10:00 Uhr am Eisstadion am &hellip; <a href=\"https:\/\/www.rosyskidscorner.de\/?page_id=5525\" class=\"more-link\">Continue reading <span class=\"screen-reader-text\">AKTUELL: Fanprojekt-QuadRADetour &#8211; Radeln f\u00fcr den guten Zweck am 04.11.18<\/span> <span class=\"meta-nav\">&rarr;<\/span><\/a><\/p>\n","protected":false},"author":1,"featured_media":0,"parent":0,"menu_order":0,"comment_status":"closed","ping_status":"closed","template":"","meta":{"footnotes":""},"class_list":["post-5525","page","type-page","status-publish","hentry"],"_links":{"self":[{"href":"https:\/\/www.rosyskidscorner.de\/index.php?rest_route=\/wp\/v2\/pages\/5525","targetHints":{"allow":["GET"]}}],"collection":[{"href":"https:\/\/www.rosyskidscorner.de\/index.php?rest_route=\/wp\/v2\/pages"}],"about":[{"href":"https:\/\/www.rosyskidscorner.de\/index.php?rest_route=\/wp\/v2\/types\/page"}],"author":[{"embeddable":true,"href":"https:\/\/www.rosyskidscorner.de\/index.php?rest_route=\/wp\/v2\/users\/1"}],"replies":[{"embeddable":true,"href":"https:\/\/www.rosyskidscorner.de\/index.php?rest_route=%2Fwp%2Fv2%2Fcomments&post=5525"}],"version-history":[{"count":7,"href":"https:\/\/www.rosyskidscorner.de\/index.php?rest_route=\/wp\/v2\/pages\/5525\/revisions"}],"predecessor-version":[{"id":5533,"href":"https:\/\/www.rosyskidscorner.de\/index.php?rest_route=\/wp\/v2\/pages\/5525\/revisions\/5533"}],"wp:attachment":[{"href":"https:\/\/www.rosyskidscorner.de\/index.php?rest_route=%2Fwp%2Fv2%2Fmedia&parent=5525"}],"curies":[{"name":"wp","href":"https:\/\/api.w.org\/{rel}","templated":true}]}}