{"id":5542,"date":"2018-11-17T12:50:48","date_gmt":"2018-11-17T11:50:48","guid":{"rendered":"https:\/\/www.rosyskidscorner.de\/?page_id=5542"},"modified":"2018-11-17T14:59:55","modified_gmt":"2018-11-17T13:59:55","slug":"aktuell-16-11-18-spendenubergabe-durch-das-adler-fanprojekt-und-die-inter-versicherung-von-der-aktion-quadradetour-radeln-fur-den-guten-zweck-am-04-11-18","status":"publish","type":"page","link":"https:\/\/www.rosyskidscorner.de\/?page_id=5542","title":{"rendered":"AKTUELL: 16.11.18 &#8211; Spenden\u00fcbergabe durch das Adler-Fanprojekt und die Inter Versicherung von der Aktion &#8220;QuadRADetour \u2013 Radeln f\u00fcr den guten Zweck am 04.11.18&#8221;"},"content":{"rendered":"<h6>Am Freitag, 16.11.18, durften wir vor dem Spiel der Adler Mannheim gegen die K\u00f6lner Haie die \u00fcberaus gro\u00dfz\u00fcgige Spende in H\u00f6he von<\/h6>\n<h4><span style=\"color: #0000ff;\">EUR 1.800.-<\/span><\/h4>\n<h6>entgegennehmen, die uns Herr Thorsten Sch\u00e4ffner vom <a href=\"https:\/\/www.adler-fanprojekt.de\/\" target=\"_blank\" rel=\"noopener\">Adler-Fanprojekt<\/a>\u00a0<em>(Foto links)<\/em> und Herr Peter W\u00fcst <em>(Foto rechts)<\/em> von der <a href=\"https:\/\/www.inter.de\/\" target=\"_blank\" rel=\"noopener\">Inter Versicherung<\/a> \u00fcberreicht haben!<\/h6>\n<p><a href=\"https:\/\/www.rosyskidscorner.de\/wp-content\/uploads\/2018\/11\/20181116_spendenuebergabe_quadradetour.jpg\"><img loading=\"lazy\" decoding=\"async\" class=\"alignnone wp-image-5543 size-large\" src=\"https:\/\/www.rosyskidscorner.de\/wp-content\/uploads\/2018\/11\/20181116_spendenuebergabe_quadradetour-1024x683.jpg\" alt=\"\" width=\"604\" height=\"403\" srcset=\"https:\/\/www.rosyskidscorner.de\/wp-content\/uploads\/2018\/11\/20181116_spendenuebergabe_quadradetour.jpg 1024w, https:\/\/www.rosyskidscorner.de\/wp-content\/uploads\/2018\/11\/20181116_spendenuebergabe_quadradetour-300x200.jpg 300w, https:\/\/www.rosyskidscorner.de\/wp-content\/uploads\/2018\/11\/20181116_spendenuebergabe_quadradetour-768x512.jpg 768w\" sizes=\"auto, (max-width: 604px) 100vw, 604px\" \/><\/a><\/p>\n<h6>Die Summe war im Rahmen der\u00a0<a href=\"https:\/\/www.rosyskidscorner.de\/?page_id=5525\">&#8220;QuadRADetour \u2013 Radeln f\u00fcr den guten Zweck am 04.11.18&#8221;<\/a> zusammen gekommen.<\/h6>\n<h6>Wir bedanken uns ganz herzlich beim Adler-Fanprojekt, der Inter Versicherung sowie allen Beteiligten f\u00fcr diese gro\u00dfartige Unterst\u00fctzung!<\/h6>\n<p><a href=\"https:\/\/www.rosyskidscorner.de\/wp-content\/uploads\/2018\/11\/dankeschoen.jpg\"><img loading=\"lazy\" decoding=\"async\" class=\"alignnone size-medium wp-image-5544\" src=\"https:\/\/www.rosyskidscorner.de\/wp-content\/uploads\/2018\/11\/dankeschoen-300x300.jpg\" alt=\"\" width=\"300\" height=\"300\" srcset=\"https:\/\/www.rosyskidscorner.de\/wp-content\/uploads\/2018\/11\/dankeschoen-300x300.jpg 300w, https:\/\/www.rosyskidscorner.de\/wp-content\/uploads\/2018\/11\/dankeschoen-150x150.jpg 150w, https:\/\/www.rosyskidscorner.de\/wp-content\/uploads\/2018\/11\/dankeschoen-768x765.jpg 768w, https:\/\/www.rosyskidscorner.de\/wp-content\/uploads\/2018\/11\/dankeschoen.jpg 778w\" sizes=\"auto, (max-width: 300px) 100vw, 300px\" \/><\/a><\/p>\n","protected":false},"excerpt":{"rendered":"<p>Am Freitag, 16.11.18, durften wir vor dem Spiel der Adler Mannheim gegen die K\u00f6lner Haie die \u00fcberaus gro\u00dfz\u00fcgige Spende in H\u00f6he von EUR 1.800.- entgegennehmen, die uns Herr Thorsten Sch\u00e4ffner vom Adler-Fanprojekt\u00a0(Foto links) und Herr Peter W\u00fcst (Foto rechts) von der Inter Versicherung \u00fcberreicht haben! Die Summe war im Rahmen der\u00a0&#8220;QuadRADetour \u2013 Radeln f\u00fcr den &hellip; <a href=\"https:\/\/www.rosyskidscorner.de\/?page_id=5542\" class=\"more-link\">Continue reading <span class=\"screen-reader-text\">AKTUELL: 16.11.18 &#8211; Spenden\u00fcbergabe durch das Adler-Fanprojekt und die Inter Versicherung von der Aktion &#8220;QuadRADetour \u2013 Radeln f\u00fcr den guten Zweck am 04.11.18&#8221;<\/span> <span class=\"meta-nav\">&rarr;<\/span><\/a><\/p>\n","protected":false},"author":1,"featured_media":0,"parent":0,"menu_order":0,"comment_status":"closed","ping_status":"closed","template":"","meta":{"footnotes":""},"class_list":["post-5542","page","type-page","status-publish","hentry"],"_links":{"self":[{"href":"https:\/\/www.rosyskidscorner.de\/index.php?rest_route=\/wp\/v2\/pages\/5542","targetHints":{"allow":["GET"]}}],"collection":[{"href":"https:\/\/www.rosyskidscorner.de\/index.php?rest_route=\/wp\/v2\/pages"}],"about":[{"href":"https:\/\/www.rosyskidscorner.de\/index.php?rest_route=\/wp\/v2\/types\/page"}],"author":[{"embeddable":true,"href":"https:\/\/www.rosyskidscorner.de\/index.php?rest_route=\/wp\/v2\/users\/1"}],"replies":[{"embeddable":true,"href":"https:\/\/www.rosyskidscorner.de\/index.php?rest_route=%2Fwp%2Fv2%2Fcomments&post=5542"}],"version-history":[{"count":6,"href":"https:\/\/www.rosyskidscorner.de\/index.php?rest_route=\/wp\/v2\/pages\/5542\/revisions"}],"predecessor-version":[{"id":5552,"href":"https:\/\/www.rosyskidscorner.de\/index.php?rest_route=\/wp\/v2\/pages\/5542\/revisions\/5552"}],"wp:attachment":[{"href":"https:\/\/www.rosyskidscorner.de\/index.php?rest_route=%2Fwp%2Fv2%2Fmedia&parent=5542"}],"curies":[{"name":"wp","href":"https:\/\/api.w.org\/{rel}","templated":true}]}}