{"id":5830,"date":"2018-12-10T09:12:00","date_gmt":"2018-12-10T08:12:00","guid":{"rendered":"https:\/\/www.rosyskidscorner.de\/?page_id=5830"},"modified":"2018-12-10T09:12:00","modified_gmt":"2018-12-10T08:12:00","slug":"aktuell-08-12-18-spendenubergabe-durch-den-fanclub-adler-freunde-eberbach","status":"publish","type":"page","link":"https:\/\/www.rosyskidscorner.de\/?page_id=5830","title":{"rendered":"AKTUELL: 08.12.18 \u2013 Spenden\u00fcbergabe durch den Fanclub Adler-Freunde Eberbach"},"content":{"rendered":"<h5>Am Samstag, 08.12.2018, durften wir vom <a href=\"http:\/\/www.adler-freunde-eberbach.de\/\" target=\"_blank\" rel=\"noopener\">Fanclub Adler-Freunde Eberbach<\/a> einen Spendenscheck \u00fcber die gro\u00dfartige Summe von <span style=\"color: #ff0000;\">EUR 785,93<\/span> in Empfang nehmen.<\/h5>\n<p><a href=\"https:\/\/www.rosyskidscorner.de\/wp-content\/uploads\/2018\/12\/20181208_spendenuebergabe_adlerfreundeeberbach_01.jpg\"><img loading=\"lazy\" decoding=\"async\" class=\"alignnone size-medium wp-image-5831\" src=\"https:\/\/www.rosyskidscorner.de\/wp-content\/uploads\/2018\/12\/20181208_spendenuebergabe_adlerfreundeeberbach_01-300x225.jpg\" alt=\"\" width=\"300\" height=\"225\" srcset=\"https:\/\/www.rosyskidscorner.de\/wp-content\/uploads\/2018\/12\/20181208_spendenuebergabe_adlerfreundeeberbach_01-300x225.jpg 300w, https:\/\/www.rosyskidscorner.de\/wp-content\/uploads\/2018\/12\/20181208_spendenuebergabe_adlerfreundeeberbach_01-768x576.jpg 768w, https:\/\/www.rosyskidscorner.de\/wp-content\/uploads\/2018\/12\/20181208_spendenuebergabe_adlerfreundeeberbach_01-1024x768.jpg 1024w, https:\/\/www.rosyskidscorner.de\/wp-content\/uploads\/2018\/12\/20181208_spendenuebergabe_adlerfreundeeberbach_01.jpg 2016w\" sizes=\"auto, (max-width: 300px) 100vw, 300px\" \/><\/a> <a href=\"https:\/\/www.rosyskidscorner.de\/wp-content\/uploads\/2018\/12\/20181208_spendenuebergabe_adlerfreundeeberbach_02.jpg\"><img loading=\"lazy\" decoding=\"async\" class=\"alignnone size-medium wp-image-5832\" src=\"https:\/\/www.rosyskidscorner.de\/wp-content\/uploads\/2018\/12\/20181208_spendenuebergabe_adlerfreundeeberbach_02-300x225.jpg\" alt=\"\" width=\"300\" height=\"225\" srcset=\"https:\/\/www.rosyskidscorner.de\/wp-content\/uploads\/2018\/12\/20181208_spendenuebergabe_adlerfreundeeberbach_02-300x225.jpg 300w, https:\/\/www.rosyskidscorner.de\/wp-content\/uploads\/2018\/12\/20181208_spendenuebergabe_adlerfreundeeberbach_02-768x576.jpg 768w, https:\/\/www.rosyskidscorner.de\/wp-content\/uploads\/2018\/12\/20181208_spendenuebergabe_adlerfreundeeberbach_02-1024x768.jpg 1024w, https:\/\/www.rosyskidscorner.de\/wp-content\/uploads\/2018\/12\/20181208_spendenuebergabe_adlerfreundeeberbach_02.jpg 2016w\" sizes=\"auto, (max-width: 300px) 100vw, 300px\" \/><\/a><\/p>\n<h5>Doch nicht nur das:<br \/>\nZwei junge Frauen aus dem Fanclub, Janine Kaufmann und Janina Lenz, haben sich um Einkauf und Verpacken von insgesamt 50 Weihnachtsp\u00e4ckchen mit Geschenken f\u00fcr unsere krebskranken Kinder gek\u00fcmmert! Wir bedanken uns ganz herzlich f\u00fcr diese tolle Aktion.<\/h5>\n<p><a href=\"https:\/\/www.rosyskidscorner.de\/wp-content\/uploads\/2018\/12\/20181208_spendenuebergabe_adlerfreundeeberbach_03.jpg\"><img loading=\"lazy\" decoding=\"async\" class=\"alignnone size-medium wp-image-5833\" src=\"https:\/\/www.rosyskidscorner.de\/wp-content\/uploads\/2018\/12\/20181208_spendenuebergabe_adlerfreundeeberbach_03-300x225.jpg\" alt=\"\" width=\"300\" height=\"225\" srcset=\"https:\/\/www.rosyskidscorner.de\/wp-content\/uploads\/2018\/12\/20181208_spendenuebergabe_adlerfreundeeberbach_03-300x225.jpg 300w, https:\/\/www.rosyskidscorner.de\/wp-content\/uploads\/2018\/12\/20181208_spendenuebergabe_adlerfreundeeberbach_03-768x576.jpg 768w, https:\/\/www.rosyskidscorner.de\/wp-content\/uploads\/2018\/12\/20181208_spendenuebergabe_adlerfreundeeberbach_03-1024x768.jpg 1024w, https:\/\/www.rosyskidscorner.de\/wp-content\/uploads\/2018\/12\/20181208_spendenuebergabe_adlerfreundeeberbach_03.jpg 1600w\" sizes=\"auto, (max-width: 300px) 100vw, 300px\" \/><\/a> <a href=\"https:\/\/www.rosyskidscorner.de\/wp-content\/uploads\/2018\/12\/20181208_spendenuebergabe_adlerfreundeeberbach_04.jpg\"><img loading=\"lazy\" decoding=\"async\" class=\"alignnone size-medium wp-image-5834\" src=\"https:\/\/www.rosyskidscorner.de\/wp-content\/uploads\/2018\/12\/20181208_spendenuebergabe_adlerfreundeeberbach_04-300x225.jpg\" alt=\"\" width=\"300\" height=\"225\" srcset=\"https:\/\/www.rosyskidscorner.de\/wp-content\/uploads\/2018\/12\/20181208_spendenuebergabe_adlerfreundeeberbach_04-300x225.jpg 300w, https:\/\/www.rosyskidscorner.de\/wp-content\/uploads\/2018\/12\/20181208_spendenuebergabe_adlerfreundeeberbach_04-768x576.jpg 768w, https:\/\/www.rosyskidscorner.de\/wp-content\/uploads\/2018\/12\/20181208_spendenuebergabe_adlerfreundeeberbach_04-1024x768.jpg 1024w, https:\/\/www.rosyskidscorner.de\/wp-content\/uploads\/2018\/12\/20181208_spendenuebergabe_adlerfreundeeberbach_04.jpg 2016w\" sizes=\"auto, (max-width: 300px) 100vw, 300px\" \/><\/a><\/p>\n<h5>Der Fanclub Adler-Freunde Eberbach spendet bereits seit 18 Jahren jedes Jahr f\u00fcr unseren Verein. Dabei ist inzwischen die unglaublich tolle Summe von <span style=\"color: #ff0000;\">EUR 12.300,-<\/span> zusammengekommen! Auch hierf\u00fcr m\u00f6chten wir uns noch mal ganz herzlich bei allen Beteiligten bedanken.<\/h5>\n","protected":false},"excerpt":{"rendered":"<p>Am Samstag, 08.12.2018, durften wir vom Fanclub Adler-Freunde Eberbach einen Spendenscheck \u00fcber die gro\u00dfartige Summe von EUR 785,93 in Empfang nehmen. Doch nicht nur das: Zwei junge Frauen aus dem Fanclub, Janine Kaufmann und Janina Lenz, haben sich um Einkauf und Verpacken von insgesamt 50 Weihnachtsp\u00e4ckchen mit Geschenken f\u00fcr unsere krebskranken Kinder gek\u00fcmmert! Wir bedanken &hellip; <a href=\"https:\/\/www.rosyskidscorner.de\/?page_id=5830\" class=\"more-link\">Continue reading <span class=\"screen-reader-text\">AKTUELL: 08.12.18 \u2013 Spenden\u00fcbergabe durch den Fanclub Adler-Freunde Eberbach<\/span> <span class=\"meta-nav\">&rarr;<\/span><\/a><\/p>\n","protected":false},"author":1,"featured_media":0,"parent":0,"menu_order":0,"comment_status":"closed","ping_status":"closed","template":"","meta":{"footnotes":""},"class_list":["post-5830","page","type-page","status-publish","hentry"],"_links":{"self":[{"href":"https:\/\/www.rosyskidscorner.de\/index.php?rest_route=\/wp\/v2\/pages\/5830","targetHints":{"allow":["GET"]}}],"collection":[{"href":"https:\/\/www.rosyskidscorner.de\/index.php?rest_route=\/wp\/v2\/pages"}],"about":[{"href":"https:\/\/www.rosyskidscorner.de\/index.php?rest_route=\/wp\/v2\/types\/page"}],"author":[{"embeddable":true,"href":"https:\/\/www.rosyskidscorner.de\/index.php?rest_route=\/wp\/v2\/users\/1"}],"replies":[{"embeddable":true,"href":"https:\/\/www.rosyskidscorner.de\/index.php?rest_route=%2Fwp%2Fv2%2Fcomments&post=5830"}],"version-history":[{"count":3,"href":"https:\/\/www.rosyskidscorner.de\/index.php?rest_route=\/wp\/v2\/pages\/5830\/revisions"}],"predecessor-version":[{"id":5837,"href":"https:\/\/www.rosyskidscorner.de\/index.php?rest_route=\/wp\/v2\/pages\/5830\/revisions\/5837"}],"wp:attachment":[{"href":"https:\/\/www.rosyskidscorner.de\/index.php?rest_route=%2Fwp%2Fv2%2Fmedia&parent=5830"}],"curies":[{"name":"wp","href":"https:\/\/api.w.org\/{rel}","templated":true}]}}