{"id":5875,"date":"2019-01-06T19:07:48","date_gmt":"2019-01-06T18:07:48","guid":{"rendered":"https:\/\/www.rosyskidscorner.de\/?page_id=5875"},"modified":"2019-02-10T15:15:57","modified_gmt":"2019-02-10T14:15:57","slug":"presse-spiel-der-leuchtenden-herzen-am-23-12-2018-in-der-sap-arena-mannheim-spendenubergabe-02-01-2019","status":"publish","type":"page","link":"https:\/\/www.rosyskidscorner.de\/?page_id=5875","title":{"rendered":"Presse: \u201cSpiel der leuchtenden Herzen\u201d am 23.12.2018 in der SAP ARENA Mannheim \/ Spenden\u00fcbergabe 02.01.2019"},"content":{"rendered":"<h4>27.500 Euro f\u00fcr Rosys Kids Corner<\/h4>\n<p><a href=\"https:\/\/www.rosyskidscorner.de\/wp-content\/uploads\/2019\/01\/aktuell_20190102_spende-adler-leuchtende-herzen-2018.jpg\"><img loading=\"lazy\" decoding=\"async\" class=\" wp-image-5876\" src=\"https:\/\/www.rosyskidscorner.de\/wp-content\/uploads\/2019\/01\/aktuell_20190102_spende-adler-leuchtende-herzen-2018-300x200.jpg\" alt=\"\" width=\"475\" height=\"316\" srcset=\"https:\/\/www.rosyskidscorner.de\/wp-content\/uploads\/2019\/01\/aktuell_20190102_spende-adler-leuchtende-herzen-2018-300x200.jpg 300w, https:\/\/www.rosyskidscorner.de\/wp-content\/uploads\/2019\/01\/aktuell_20190102_spende-adler-leuchtende-herzen-2018-768x512.jpg 768w, https:\/\/www.rosyskidscorner.de\/wp-content\/uploads\/2019\/01\/aktuell_20190102_spende-adler-leuchtende-herzen-2018-1024x683.jpg 1024w, https:\/\/www.rosyskidscorner.de\/wp-content\/uploads\/2019\/01\/aktuell_20190102_spende-adler-leuchtende-herzen-2018.jpg 1600w\" sizes=\"auto, (max-width: 475px) 100vw, 475px\" \/><\/a><br \/>\n<em><span style=\"font-size: small;\">Foto: Adler Mannheim<\/span><\/em><\/p>\n<p>Am 02.01.2019 \u00fcberreichte der Gesch\u00e4ftsf\u00fchrer der Adler Mannheim, Herr Matthias Binder, zusammen mit der Fan-Initiative der Adler Mannheim an Rosys Kids Corner einen Scheck in H\u00f6he von 27.500 Euro.<\/p>\n<p>Rosys Kids Corner bedankt sich ganz herzlich beim Verein &#8220;Adler helfen Menschen e.V.&#8221;, den Adlern Mannheim, der Fan-Initiative der Adler Mannheim sowie allen Spendern und Unterst\u00fctzern f\u00fcr diese gro\u00dfartige Spende f\u00fcr unsere krebskranken Kinder!<\/p>\n<p>Rosys Kids Corner bedeutet f\u00fcr unsere Kinder Lebensfreude und Lebensmut, und das ist geistige\u00a0und seelische Medizin und daher genau so wichtig\u00a0wie Chemo.<\/p>\n<p>Vielen herzlichen Dank an Sie alle.<\/p>\n<p><a href=\"https:\/\/www.rosyskidscorner.de\/?page_id=6116\">Weitere Fotos finden Sie hier!<\/a><\/p>\n<p><span style=\"font-size: small;\">Pressemitteilung der Adler Mannheim:\u00a0<a href=\"https:\/\/www.adler-mannheim.de\/aktuelles\/rosys-kids-corner-erhaelt-spendenscheck\/\" target=\"_blank\" rel=\"noopener\">https:\/\/www.adler-mannheim.de\/aktuelles\/rosys-kids-corner-erhaelt-spendenscheck\/<\/a><\/span><\/p>\n","protected":false},"excerpt":{"rendered":"<p>27.500 Euro f\u00fcr Rosys Kids Corner Foto: Adler Mannheim Am 02.01.2019 \u00fcberreichte der Gesch\u00e4ftsf\u00fchrer der Adler Mannheim, Herr Matthias Binder, zusammen mit der Fan-Initiative der Adler Mannheim an Rosys Kids Corner einen Scheck in H\u00f6he von 27.500 Euro. Rosys Kids Corner bedankt sich ganz herzlich beim Verein &#8220;Adler helfen Menschen e.V.&#8221;, den Adlern Mannheim, der &hellip; <a href=\"https:\/\/www.rosyskidscorner.de\/?page_id=5875\" class=\"more-link\">Continue reading <span class=\"screen-reader-text\">Presse: \u201cSpiel der leuchtenden Herzen\u201d am 23.12.2018 in der SAP ARENA Mannheim \/ Spenden\u00fcbergabe 02.01.2019<\/span> <span class=\"meta-nav\">&rarr;<\/span><\/a><\/p>\n","protected":false},"author":1,"featured_media":0,"parent":0,"menu_order":0,"comment_status":"closed","ping_status":"closed","template":"","meta":{"footnotes":""},"class_list":["post-5875","page","type-page","status-publish","hentry"],"_links":{"self":[{"href":"https:\/\/www.rosyskidscorner.de\/index.php?rest_route=\/wp\/v2\/pages\/5875","targetHints":{"allow":["GET"]}}],"collection":[{"href":"https:\/\/www.rosyskidscorner.de\/index.php?rest_route=\/wp\/v2\/pages"}],"about":[{"href":"https:\/\/www.rosyskidscorner.de\/index.php?rest_route=\/wp\/v2\/types\/page"}],"author":[{"embeddable":true,"href":"https:\/\/www.rosyskidscorner.de\/index.php?rest_route=\/wp\/v2\/users\/1"}],"replies":[{"embeddable":true,"href":"https:\/\/www.rosyskidscorner.de\/index.php?rest_route=%2Fwp%2Fv2%2Fcomments&post=5875"}],"version-history":[{"count":9,"href":"https:\/\/www.rosyskidscorner.de\/index.php?rest_route=\/wp\/v2\/pages\/5875\/revisions"}],"predecessor-version":[{"id":6188,"href":"https:\/\/www.rosyskidscorner.de\/index.php?rest_route=\/wp\/v2\/pages\/5875\/revisions\/6188"}],"wp:attachment":[{"href":"https:\/\/www.rosyskidscorner.de\/index.php?rest_route=%2Fwp%2Fv2%2Fmedia&parent=5875"}],"curies":[{"name":"wp","href":"https:\/\/api.w.org\/{rel}","templated":true}]}}