{"id":6213,"date":"2019-07-14T18:31:22","date_gmt":"2019-07-14T16:31:22","guid":{"rendered":"https:\/\/www.rosyskidscorner.de\/?page_id=6213"},"modified":"2019-07-14T18:38:18","modified_gmt":"2019-07-14T16:38:18","slug":"13-07-19-drachenbootfahren","status":"publish","type":"page","link":"https:\/\/www.rosyskidscorner.de\/?page_id=6213","title":{"rendered":"13.07.19: Drachenbootfahren"},"content":{"rendered":"<h6>Am Samstag, den 13.07.19, durften wir wieder beim Drachenbootfahren auf dem Neckar dabei sein! Es war ein erster gelungener Tag des Festes \ud83d\ude42\u00a0Das Wetter meinte es zum Gl\u00fcck gut mit uns! Das neue Drachenboot wurde getauft und f\u00fcr fahrt\u00fcchtig erkl\u00e4rt.<\/h6>\n<p><a href=\"https:\/\/www.rosyskidscorner.de\/wp-content\/uploads\/2019\/07\/fotogalerie_20190713_drachenbootfahren_01.jpg\"><img loading=\"lazy\" decoding=\"async\" class=\"alignnone wp-image-6214 \" src=\"https:\/\/www.rosyskidscorner.de\/wp-content\/uploads\/2019\/07\/fotogalerie_20190713_drachenbootfahren_01-1024x768.jpg\" alt=\"\" width=\"400\" height=\"300\" srcset=\"https:\/\/www.rosyskidscorner.de\/wp-content\/uploads\/2019\/07\/fotogalerie_20190713_drachenbootfahren_01.jpg 1024w, https:\/\/www.rosyskidscorner.de\/wp-content\/uploads\/2019\/07\/fotogalerie_20190713_drachenbootfahren_01-300x225.jpg 300w, https:\/\/www.rosyskidscorner.de\/wp-content\/uploads\/2019\/07\/fotogalerie_20190713_drachenbootfahren_01-768x576.jpg 768w\" sizes=\"auto, (max-width: 400px) 100vw, 400px\" \/><\/a><\/p>\n<h6><strong>Drei Spieler der Adler Mannheim haben uns besucht:<\/strong><br \/>\n<strong>Sinan Akdag, Phil Hungerecker und Nico Kr\u00e4mmer.<\/strong><br \/>\n<strong>Ebenso lie\u00df es sich Udo Scholz nicht nehmen, bei uns vorbei zu schauen.<\/strong><\/h6>\n<p><a href=\"https:\/\/www.rosyskidscorner.de\/wp-content\/uploads\/2019\/07\/fotogalerie_20190713_drachenbootfahren_02.jpg\"><img loading=\"lazy\" decoding=\"async\" class=\"alignnone wp-image-6215\" src=\"https:\/\/www.rosyskidscorner.de\/wp-content\/uploads\/2019\/07\/fotogalerie_20190713_drachenbootfahren_02-300x225.jpg\" alt=\"\" width=\"300\" height=\"225\" srcset=\"https:\/\/www.rosyskidscorner.de\/wp-content\/uploads\/2019\/07\/fotogalerie_20190713_drachenbootfahren_02-300x225.jpg 300w, https:\/\/www.rosyskidscorner.de\/wp-content\/uploads\/2019\/07\/fotogalerie_20190713_drachenbootfahren_02-768x576.jpg 768w, https:\/\/www.rosyskidscorner.de\/wp-content\/uploads\/2019\/07\/fotogalerie_20190713_drachenbootfahren_02.jpg 1024w\" sizes=\"auto, (max-width: 300px) 100vw, 300px\" \/><\/a> <a href=\"https:\/\/www.rosyskidscorner.de\/wp-content\/uploads\/2019\/07\/fotogalerie_20190713_drachenbootfahren_03.jpg\"><img loading=\"lazy\" decoding=\"async\" class=\"alignnone size-medium wp-image-6216\" src=\"https:\/\/www.rosyskidscorner.de\/wp-content\/uploads\/2019\/07\/fotogalerie_20190713_drachenbootfahren_03-300x225.jpg\" alt=\"\" width=\"300\" height=\"225\" srcset=\"https:\/\/www.rosyskidscorner.de\/wp-content\/uploads\/2019\/07\/fotogalerie_20190713_drachenbootfahren_03-300x225.jpg 300w, https:\/\/www.rosyskidscorner.de\/wp-content\/uploads\/2019\/07\/fotogalerie_20190713_drachenbootfahren_03-768x576.jpg 768w, https:\/\/www.rosyskidscorner.de\/wp-content\/uploads\/2019\/07\/fotogalerie_20190713_drachenbootfahren_03.jpg 1024w\" sizes=\"auto, (max-width: 300px) 100vw, 300px\" \/><\/a> <a href=\"https:\/\/www.rosyskidscorner.de\/wp-content\/uploads\/2019\/07\/fotogalerie_20190713_drachenbootfahren_04.jpg\"><img loading=\"lazy\" decoding=\"async\" class=\"alignnone wp-image-6217\" src=\"https:\/\/www.rosyskidscorner.de\/wp-content\/uploads\/2019\/07\/fotogalerie_20190713_drachenbootfahren_04-225x300.jpg\" alt=\"\" width=\"169\" height=\"225\" srcset=\"https:\/\/www.rosyskidscorner.de\/wp-content\/uploads\/2019\/07\/fotogalerie_20190713_drachenbootfahren_04-225x300.jpg 225w, https:\/\/www.rosyskidscorner.de\/wp-content\/uploads\/2019\/07\/fotogalerie_20190713_drachenbootfahren_04.jpg 576w\" sizes=\"auto, (max-width: 169px) 100vw, 169px\" \/><\/a> <a href=\"https:\/\/www.rosyskidscorner.de\/wp-content\/uploads\/2019\/07\/fotogalerie_20190713_drachenbootfahren_05.jpg\"><img loading=\"lazy\" decoding=\"async\" class=\"alignnone size-medium wp-image-6218\" src=\"https:\/\/www.rosyskidscorner.de\/wp-content\/uploads\/2019\/07\/fotogalerie_20190713_drachenbootfahren_05-300x225.jpg\" alt=\"\" width=\"300\" height=\"225\" srcset=\"https:\/\/www.rosyskidscorner.de\/wp-content\/uploads\/2019\/07\/fotogalerie_20190713_drachenbootfahren_05-300x225.jpg 300w, https:\/\/www.rosyskidscorner.de\/wp-content\/uploads\/2019\/07\/fotogalerie_20190713_drachenbootfahren_05-768x576.jpg 768w, https:\/\/www.rosyskidscorner.de\/wp-content\/uploads\/2019\/07\/fotogalerie_20190713_drachenbootfahren_05.jpg 1024w\" sizes=\"auto, (max-width: 300px) 100vw, 300px\" \/><\/a><\/p>\n<h6>Neben Grillen, Pommes, Obst und vielem mehr kam auch am Nachmittag der Eismann Herr Moorhouse aus Ittersbach mit seiner Familie vorbei. Auch die H\u00fcpfburg und traditionell das Gl\u00fccksrad mit vielen Fanartikel-Gewinnen der Adler Mannheim waren ein voller Erfolg!<\/h6>\n<p><a href=\"https:\/\/www.rosyskidscorner.de\/wp-content\/uploads\/2019\/07\/fotogalerie_20190713_drachenbootfahren_06.jpg\"><img loading=\"lazy\" decoding=\"async\" class=\"alignnone wp-image-6224 size-large\" src=\"https:\/\/www.rosyskidscorner.de\/wp-content\/uploads\/2019\/07\/fotogalerie_20190713_drachenbootfahren_06-1024x768.jpg\" alt=\"\" width=\"604\" height=\"453\" srcset=\"https:\/\/www.rosyskidscorner.de\/wp-content\/uploads\/2019\/07\/fotogalerie_20190713_drachenbootfahren_06-1024x768.jpg 1024w, https:\/\/www.rosyskidscorner.de\/wp-content\/uploads\/2019\/07\/fotogalerie_20190713_drachenbootfahren_06-300x225.jpg 300w, https:\/\/www.rosyskidscorner.de\/wp-content\/uploads\/2019\/07\/fotogalerie_20190713_drachenbootfahren_06-768x576.jpg 768w, https:\/\/www.rosyskidscorner.de\/wp-content\/uploads\/2019\/07\/fotogalerie_20190713_drachenbootfahren_06.jpg 1600w\" sizes=\"auto, (max-width: 604px) 100vw, 604px\" \/><\/a><\/p>\n<h6>Ein wahrlich wunderbarer Tag &#8211; jeder kam auf seine Kosten \ud83d\ude42 Vielen herzlichen Dank f\u00fcr die tolle Unterst\u00fctzung!<\/h6>\n<p><a href=\"https:\/\/www.rosyskidscorner.de\/wp-content\/uploads\/2018\/11\/dankeschoen.jpg\"><img loading=\"lazy\" decoding=\"async\" class=\"alignnone size-medium wp-image-5544\" src=\"https:\/\/www.rosyskidscorner.de\/wp-content\/uploads\/2018\/11\/dankeschoen-300x300.jpg\" alt=\"\" width=\"300\" height=\"300\" srcset=\"https:\/\/www.rosyskidscorner.de\/wp-content\/uploads\/2018\/11\/dankeschoen-300x300.jpg 300w, https:\/\/www.rosyskidscorner.de\/wp-content\/uploads\/2018\/11\/dankeschoen-150x150.jpg 150w, https:\/\/www.rosyskidscorner.de\/wp-content\/uploads\/2018\/11\/dankeschoen-768x765.jpg 768w, https:\/\/www.rosyskidscorner.de\/wp-content\/uploads\/2018\/11\/dankeschoen.jpg 778w\" sizes=\"auto, (max-width: 300px) 100vw, 300px\" \/><\/a><\/p>\n","protected":false},"excerpt":{"rendered":"<p>Am Samstag, den 13.07.19, durften wir wieder beim Drachenbootfahren auf dem Neckar dabei sein! Es war ein erster gelungener Tag des Festes \ud83d\ude42\u00a0Das Wetter meinte es zum Gl\u00fcck gut mit uns! Das neue Drachenboot wurde getauft und f\u00fcr fahrt\u00fcchtig erkl\u00e4rt. Drei Spieler der Adler Mannheim haben uns besucht: Sinan Akdag, Phil Hungerecker und Nico Kr\u00e4mmer. &hellip; <a href=\"https:\/\/www.rosyskidscorner.de\/?page_id=6213\" class=\"more-link\">Continue reading <span class=\"screen-reader-text\">13.07.19: Drachenbootfahren<\/span> <span class=\"meta-nav\">&rarr;<\/span><\/a><\/p>\n","protected":false},"author":1,"featured_media":0,"parent":0,"menu_order":0,"comment_status":"closed","ping_status":"closed","template":"","meta":{"footnotes":""},"class_list":["post-6213","page","type-page","status-publish","hentry"],"_links":{"self":[{"href":"https:\/\/www.rosyskidscorner.de\/index.php?rest_route=\/wp\/v2\/pages\/6213","targetHints":{"allow":["GET"]}}],"collection":[{"href":"https:\/\/www.rosyskidscorner.de\/index.php?rest_route=\/wp\/v2\/pages"}],"about":[{"href":"https:\/\/www.rosyskidscorner.de\/index.php?rest_route=\/wp\/v2\/types\/page"}],"author":[{"embeddable":true,"href":"https:\/\/www.rosyskidscorner.de\/index.php?rest_route=\/wp\/v2\/users\/1"}],"replies":[{"embeddable":true,"href":"https:\/\/www.rosyskidscorner.de\/index.php?rest_route=%2Fwp%2Fv2%2Fcomments&post=6213"}],"version-history":[{"count":5,"href":"https:\/\/www.rosyskidscorner.de\/index.php?rest_route=\/wp\/v2\/pages\/6213\/revisions"}],"predecessor-version":[{"id":6226,"href":"https:\/\/www.rosyskidscorner.de\/index.php?rest_route=\/wp\/v2\/pages\/6213\/revisions\/6226"}],"wp:attachment":[{"href":"https:\/\/www.rosyskidscorner.de\/index.php?rest_route=%2Fwp%2Fv2%2Fmedia&parent=6213"}],"curies":[{"name":"wp","href":"https:\/\/api.w.org\/{rel}","templated":true}]}}