{"id":6238,"date":"2019-09-22T15:05:19","date_gmt":"2019-09-22T13:05:19","guid":{"rendered":"https:\/\/www.rosyskidscorner.de\/?page_id=6238"},"modified":"2019-09-22T15:11:50","modified_gmt":"2019-09-22T13:11:50","slug":"aktuell-21-09-19-spendenubergabe-aus-aktion-quadradetour-2019-radeln-fur-den-guten-zweck","status":"publish","type":"page","link":"https:\/\/www.rosyskidscorner.de\/?page_id=6238","title":{"rendered":"AKTUELL: 21.09.19 \u2013 Spenden\u00fcbergabe aus Aktion \u201cQuadRADetour 2019 \u2013 Radeln f\u00fcr den guten Zweck\u201d"},"content":{"rendered":"<h3>Am 15.09.2019 radelten viele Fans der Adler Mannheim vom alten Eisstadion Friedrichspark zur SAP Arena. Initiiert hatte die Aktion &#8220;QuadRADetour 2019 \u2013 Radeln f\u00fcr den guten Zweck&#8221; das <a href=\"https:\/\/www.facebook.com\/adlerfanprojekt\" target=\"_blank\" rel=\"noopener noreferrer\">Adler Mannheim Fanprojekt<\/a>.<\/h3>\n<h4>F\u00fcr jede\/n Teilnehmer\/in an der Radtour spendete die <a href=\"https:\/\/www.inter.de\" target=\"_blank\" rel=\"noopener noreferrer\">INTER Versicherungsgruppe<\/a> EUR 5,55! Das Partyschiff der <a href=\"http:\/\/www.adler-freunde-eberbach.de\" target=\"_blank\" rel=\"noopener noreferrer\">Adler Freunde Eberbach<\/a> beteiligte sich ebenfalls mit einer Spende. Somit kam ein stolzer Betrag von <span style=\"color: #0000ff;\">EUR 3.333,-<\/span> zustande!<\/h4>\n<h4><a href=\"https:\/\/www.rosyskidscorner.de\/wp-content\/uploads\/2019\/09\/aktuell_20190921_spendenuebergabe.jpg\"><img loading=\"lazy\" decoding=\"async\" class=\"alignnone wp-image-6236 size-large\" src=\"https:\/\/www.rosyskidscorner.de\/wp-content\/uploads\/2019\/09\/aktuell_20190921_spendenuebergabe-1024x768.jpg\" alt=\"\" width=\"604\" height=\"453\" srcset=\"https:\/\/www.rosyskidscorner.de\/wp-content\/uploads\/2019\/09\/aktuell_20190921_spendenuebergabe-1024x768.jpg 1024w, https:\/\/www.rosyskidscorner.de\/wp-content\/uploads\/2019\/09\/aktuell_20190921_spendenuebergabe-300x225.jpg 300w, https:\/\/www.rosyskidscorner.de\/wp-content\/uploads\/2019\/09\/aktuell_20190921_spendenuebergabe-768x576.jpg 768w, https:\/\/www.rosyskidscorner.de\/wp-content\/uploads\/2019\/09\/aktuell_20190921_spendenuebergabe.jpg 1600w\" sizes=\"auto, (max-width: 604px) 100vw, 604px\" \/><\/a><\/h4>\n<h4>Die Spenden\u00fcbergabe erfolgte am 21.09.2019 in der SAP Arena Mannheim.<\/h4>\n<h4>Wir bedanken uns ganz herzlich &#8211; besonders auch im Namen unserer krebskranken Kinder &#8211; bei allen Teilnehmern, dem <a href=\"https:\/\/www.facebook.com\/adlerfanprojekt\" target=\"_blank\" rel=\"noopener noreferrer\">Adler Mannheim Fanprojekt<\/a>, der <a href=\"https:\/\/www.inter.de\" target=\"_blank\" rel=\"noopener noreferrer\">INTER Versicherungsgruppe<\/a> sowie den <a href=\"http:\/\/www.adler-freunde-eberbach.de\" target=\"_blank\" rel=\"noopener noreferrer\">Adler Freunden Eberbach<\/a> f\u00fcr die gro\u00dfartige Unterst\u00fctzung!<\/h4>\n<p><a href=\"https:\/\/www.rosyskidscorner.de\/wp-content\/uploads\/2018\/11\/dankeschoen.jpg\"><img loading=\"lazy\" decoding=\"async\" class=\"alignnone size-medium wp-image-5544\" src=\"https:\/\/www.rosyskidscorner.de\/wp-content\/uploads\/2018\/11\/dankeschoen-300x300.jpg\" alt=\"\" width=\"300\" height=\"300\" srcset=\"https:\/\/www.rosyskidscorner.de\/wp-content\/uploads\/2018\/11\/dankeschoen-300x300.jpg 300w, https:\/\/www.rosyskidscorner.de\/wp-content\/uploads\/2018\/11\/dankeschoen-150x150.jpg 150w, https:\/\/www.rosyskidscorner.de\/wp-content\/uploads\/2018\/11\/dankeschoen-768x765.jpg 768w, https:\/\/www.rosyskidscorner.de\/wp-content\/uploads\/2018\/11\/dankeschoen.jpg 778w\" sizes=\"auto, (max-width: 300px) 100vw, 300px\" \/><\/a><\/p>\n","protected":false},"excerpt":{"rendered":"<p>Am 15.09.2019 radelten viele Fans der Adler Mannheim vom alten Eisstadion Friedrichspark zur SAP Arena. Initiiert hatte die Aktion &#8220;QuadRADetour 2019 \u2013 Radeln f\u00fcr den guten Zweck&#8221; das Adler Mannheim Fanprojekt. F\u00fcr jede\/n Teilnehmer\/in an der Radtour spendete die INTER Versicherungsgruppe EUR 5,55! Das Partyschiff der Adler Freunde Eberbach beteiligte sich ebenfalls mit einer Spende. &hellip; <a href=\"https:\/\/www.rosyskidscorner.de\/?page_id=6238\" class=\"more-link\">Continue reading <span class=\"screen-reader-text\">AKTUELL: 21.09.19 \u2013 Spenden\u00fcbergabe aus Aktion \u201cQuadRADetour 2019 \u2013 Radeln f\u00fcr den guten Zweck\u201d<\/span> <span class=\"meta-nav\">&rarr;<\/span><\/a><\/p>\n","protected":false},"author":1,"featured_media":0,"parent":0,"menu_order":0,"comment_status":"closed","ping_status":"closed","template":"","meta":{"footnotes":""},"class_list":["post-6238","page","type-page","status-publish","hentry"],"_links":{"self":[{"href":"https:\/\/www.rosyskidscorner.de\/index.php?rest_route=\/wp\/v2\/pages\/6238","targetHints":{"allow":["GET"]}}],"collection":[{"href":"https:\/\/www.rosyskidscorner.de\/index.php?rest_route=\/wp\/v2\/pages"}],"about":[{"href":"https:\/\/www.rosyskidscorner.de\/index.php?rest_route=\/wp\/v2\/types\/page"}],"author":[{"embeddable":true,"href":"https:\/\/www.rosyskidscorner.de\/index.php?rest_route=\/wp\/v2\/users\/1"}],"replies":[{"embeddable":true,"href":"https:\/\/www.rosyskidscorner.de\/index.php?rest_route=%2Fwp%2Fv2%2Fcomments&post=6238"}],"version-history":[{"count":3,"href":"https:\/\/www.rosyskidscorner.de\/index.php?rest_route=\/wp\/v2\/pages\/6238\/revisions"}],"predecessor-version":[{"id":6244,"href":"https:\/\/www.rosyskidscorner.de\/index.php?rest_route=\/wp\/v2\/pages\/6238\/revisions\/6244"}],"wp:attachment":[{"href":"https:\/\/www.rosyskidscorner.de\/index.php?rest_route=%2Fwp%2Fv2%2Fmedia&parent=6238"}],"curies":[{"name":"wp","href":"https:\/\/api.w.org\/{rel}","templated":true}]}}