{"id":6248,"date":"2019-10-24T08:50:34","date_gmt":"2019-10-24T06:50:34","guid":{"rendered":"https:\/\/www.rosyskidscorner.de\/?page_id=6248"},"modified":"2019-10-24T08:53:12","modified_gmt":"2019-10-24T06:53:12","slug":"aktuell-23-10-19-spendenubergabe-durch-verein-helden-fur-herzen-e-v","status":"publish","type":"page","link":"https:\/\/www.rosyskidscorner.de\/?page_id=6248","title":{"rendered":"AKTUELL: 23.10.19 \u2013 Spenden\u00fcbergabe durch Verein Helden f\u00fcr Herzen e.V."},"content":{"rendered":"<h4>Am Mittwoch, 23.10.2019, wurde uns vom Verein <a href=\"http:\/\/heldenherzen.de\/\" target=\"_blank\" rel=\"noopener noreferrer\">Helden f\u00fcr Herzen e.V.<\/a> eine Spende in H\u00f6he von <span style=\"color: #0000ff;\">EUR 1.000,-<\/span> \u00fcberreicht. Die Spenden\u00fcbergabe fand im Garten des <a href=\"https:\/\/www.krebskranke-kinder.de\/?page_id=37\" target=\"_blank\" rel=\"noopener noreferrer\">Elternhauses<\/a> der <a href=\"https:\/\/www.krebskranke-kinder.de\" target=\"_blank\" rel=\"noopener noreferrer\">Deutsche Leuk\u00e4mie-Forschungs-Hilfe -Aktion f\u00fcr krebskranke Kinder- Ortsverband Mannheim e.V.<\/a> in der Jakob-Trumpfheller-Stra\u00dfe 14 in 68167 Mannheim statt.<\/h4>\n<p><a href=\"https:\/\/www.rosyskidscorner.de\/wp-content\/uploads\/2019\/10\/aktuell_20191023_spendenuebergabe_heldenfuerherzen.jpg\"><img loading=\"lazy\" decoding=\"async\" class=\"alignnone wp-image-6249 size-large\" src=\"https:\/\/www.rosyskidscorner.de\/wp-content\/uploads\/2019\/10\/aktuell_20191023_spendenuebergabe_heldenfuerherzen-1024x768.jpg\" alt=\"\" width=\"604\" height=\"453\" srcset=\"https:\/\/www.rosyskidscorner.de\/wp-content\/uploads\/2019\/10\/aktuell_20191023_spendenuebergabe_heldenfuerherzen-1024x768.jpg 1024w, https:\/\/www.rosyskidscorner.de\/wp-content\/uploads\/2019\/10\/aktuell_20191023_spendenuebergabe_heldenfuerherzen-300x225.jpg 300w, https:\/\/www.rosyskidscorner.de\/wp-content\/uploads\/2019\/10\/aktuell_20191023_spendenuebergabe_heldenfuerherzen-768x576.jpg 768w, https:\/\/www.rosyskidscorner.de\/wp-content\/uploads\/2019\/10\/aktuell_20191023_spendenuebergabe_heldenfuerherzen.jpg 1600w\" sizes=\"auto, (max-width: 604px) 100vw, 604px\" \/><\/a><\/p>\n<h5>Wir bedanken uns ganz herzlich f\u00fcr diese tolle Spende, insbesondere im Namen unserer krebskranken Kinder! Die Spende wird f\u00fcr unser Projekt Rosys Kids Corner eingesetzt werden.<\/h5>\n<h5>Seit vier Jahren kommen verschiedene Helden des Vereins Helden f\u00fcr Herzen e.V., z.B. die Eisk\u00f6nigin, Minions, Jedi-Ritter aus Star Wars, Spider-Man usw. immer wieder zu unserem Familienfest mit auf das Maruba Gel\u00e4nde und sind f\u00fcr die Kinder da. Das sind jedes mal sehr sch\u00f6ne Erlebnisse, von denen die Kinder noch lange erz\u00e4hlen! Vielen herzlichen Dank f\u00fcr dieses tolle Engagement! \ud83d\ude42<\/h5>\n<p><a href=\"https:\/\/www.rosyskidscorner.de\/wp-content\/uploads\/2018\/11\/dankeschoen.jpg\"><img loading=\"lazy\" decoding=\"async\" class=\"alignnone size-medium wp-image-5544\" src=\"https:\/\/www.rosyskidscorner.de\/wp-content\/uploads\/2018\/11\/dankeschoen-300x300.jpg\" alt=\"\" width=\"300\" height=\"300\" srcset=\"https:\/\/www.rosyskidscorner.de\/wp-content\/uploads\/2018\/11\/dankeschoen-300x300.jpg 300w, https:\/\/www.rosyskidscorner.de\/wp-content\/uploads\/2018\/11\/dankeschoen-150x150.jpg 150w, https:\/\/www.rosyskidscorner.de\/wp-content\/uploads\/2018\/11\/dankeschoen-768x765.jpg 768w, https:\/\/www.rosyskidscorner.de\/wp-content\/uploads\/2018\/11\/dankeschoen.jpg 778w\" sizes=\"auto, (max-width: 300px) 100vw, 300px\" \/><\/a><\/p>\n","protected":false},"excerpt":{"rendered":"<p>Am Mittwoch, 23.10.2019, wurde uns vom Verein Helden f\u00fcr Herzen e.V. eine Spende in H\u00f6he von EUR 1.000,- \u00fcberreicht. Die Spenden\u00fcbergabe fand im Garten des Elternhauses der Deutsche Leuk\u00e4mie-Forschungs-Hilfe -Aktion f\u00fcr krebskranke Kinder- Ortsverband Mannheim e.V. in der Jakob-Trumpfheller-Stra\u00dfe 14 in 68167 Mannheim statt. Wir bedanken uns ganz herzlich f\u00fcr diese tolle Spende, insbesondere im &hellip; <a href=\"https:\/\/www.rosyskidscorner.de\/?page_id=6248\" class=\"more-link\">Continue reading <span class=\"screen-reader-text\">AKTUELL: 23.10.19 \u2013 Spenden\u00fcbergabe durch Verein Helden f\u00fcr Herzen e.V.<\/span> <span class=\"meta-nav\">&rarr;<\/span><\/a><\/p>\n","protected":false},"author":1,"featured_media":0,"parent":0,"menu_order":0,"comment_status":"closed","ping_status":"closed","template":"","meta":{"footnotes":""},"class_list":["post-6248","page","type-page","status-publish","hentry"],"_links":{"self":[{"href":"https:\/\/www.rosyskidscorner.de\/index.php?rest_route=\/wp\/v2\/pages\/6248","targetHints":{"allow":["GET"]}}],"collection":[{"href":"https:\/\/www.rosyskidscorner.de\/index.php?rest_route=\/wp\/v2\/pages"}],"about":[{"href":"https:\/\/www.rosyskidscorner.de\/index.php?rest_route=\/wp\/v2\/types\/page"}],"author":[{"embeddable":true,"href":"https:\/\/www.rosyskidscorner.de\/index.php?rest_route=\/wp\/v2\/users\/1"}],"replies":[{"embeddable":true,"href":"https:\/\/www.rosyskidscorner.de\/index.php?rest_route=%2Fwp%2Fv2%2Fcomments&post=6248"}],"version-history":[{"count":4,"href":"https:\/\/www.rosyskidscorner.de\/index.php?rest_route=\/wp\/v2\/pages\/6248\/revisions"}],"predecessor-version":[{"id":6255,"href":"https:\/\/www.rosyskidscorner.de\/index.php?rest_route=\/wp\/v2\/pages\/6248\/revisions\/6255"}],"wp:attachment":[{"href":"https:\/\/www.rosyskidscorner.de\/index.php?rest_route=%2Fwp%2Fv2%2Fmedia&parent=6248"}],"curies":[{"name":"wp","href":"https:\/\/api.w.org\/{rel}","templated":true}]}}