{"id":6909,"date":"2019-12-12T20:25:07","date_gmt":"2019-12-12T19:25:07","guid":{"rendered":"https:\/\/www.rosyskidscorner.de\/?page_id=6909"},"modified":"2019-12-12T20:34:20","modified_gmt":"2019-12-12T19:34:20","slug":"aktuell-12-12-19-weihnachtsfeier-auf-station-31-4","status":"publish","type":"page","link":"https:\/\/www.rosyskidscorner.de\/?page_id=6909","title":{"rendered":"AKTUELL: 12.12.19 \u2013 Weihnachtsfeier auf Station 31-4"},"content":{"rendered":"<h5>Am heutigen Donnerstag, 12.12.19, fand in der Kinderklinik der <a href=\"https:\/\/www.umm.de\/start\/\" target=\"_blank\" rel=\"noopener noreferrer\">Universit\u00e4tsmedizin Mannheim<\/a> die Weihnachtsfeier auf Station 31-4 statt.<\/h5>\n<h5>Ein ganz besonderer Weihnachtsmann kam auf Station und brachte allen Kinder Geschenke:<\/h5>\n<h5>Thomas Larkin, einer der Spieler der <a href=\"https:\/\/www.adler-mannheim.de\/\" target=\"_blank\" rel=\"noopener noreferrer\">Adler Mannheim<\/a>, verkleidete sich als Weihnachtsmann und \u00fcbernahm auch in diesem Jahr wieder diesen Einsatz. Die Kinder haben sich riesig gefreut!<\/h5>\n<p><a href=\"https:\/\/www.rosyskidscorner.de\/wp-content\/uploads\/2019\/12\/aktuell_20191212_weihnachtsfeier-station314-1.jpg\"><img loading=\"lazy\" decoding=\"async\" class=\"alignnone wp-image-6910\" src=\"https:\/\/www.rosyskidscorner.de\/wp-content\/uploads\/2019\/12\/aktuell_20191212_weihnachtsfeier-station314-1-300x225.jpg\" alt=\"\" width=\"299\" height=\"224\" srcset=\"https:\/\/www.rosyskidscorner.de\/wp-content\/uploads\/2019\/12\/aktuell_20191212_weihnachtsfeier-station314-1-300x225.jpg 300w, https:\/\/www.rosyskidscorner.de\/wp-content\/uploads\/2019\/12\/aktuell_20191212_weihnachtsfeier-station314-1-768x576.jpg 768w, https:\/\/www.rosyskidscorner.de\/wp-content\/uploads\/2019\/12\/aktuell_20191212_weihnachtsfeier-station314-1.jpg 1024w\" sizes=\"auto, (max-width: 299px) 100vw, 299px\" \/><\/a> <a href=\"https:\/\/www.rosyskidscorner.de\/wp-content\/uploads\/2019\/12\/aktuell_20191212_weihnachtsfeier-station314-2.jpg\"><img loading=\"lazy\" decoding=\"async\" class=\"alignnone wp-image-6911\" src=\"https:\/\/www.rosyskidscorner.de\/wp-content\/uploads\/2019\/12\/aktuell_20191212_weihnachtsfeier-station314-2-225x300.jpg\" alt=\"\" width=\"168\" height=\"224\" srcset=\"https:\/\/www.rosyskidscorner.de\/wp-content\/uploads\/2019\/12\/aktuell_20191212_weihnachtsfeier-station314-2-225x300.jpg 225w, https:\/\/www.rosyskidscorner.de\/wp-content\/uploads\/2019\/12\/aktuell_20191212_weihnachtsfeier-station314-2.jpg 768w\" sizes=\"auto, (max-width: 168px) 100vw, 168px\" \/><\/a> <a href=\"https:\/\/www.rosyskidscorner.de\/wp-content\/uploads\/2019\/12\/aktuell_20191212_weihnachtsfeier-station314-3.jpg\"><img loading=\"lazy\" decoding=\"async\" class=\"alignnone wp-image-6912\" src=\"https:\/\/www.rosyskidscorner.de\/wp-content\/uploads\/2019\/12\/aktuell_20191212_weihnachtsfeier-station314-3-225x300.jpg\" alt=\"\" width=\"168\" height=\"224\" srcset=\"https:\/\/www.rosyskidscorner.de\/wp-content\/uploads\/2019\/12\/aktuell_20191212_weihnachtsfeier-station314-3-225x300.jpg 225w, https:\/\/www.rosyskidscorner.de\/wp-content\/uploads\/2019\/12\/aktuell_20191212_weihnachtsfeier-station314-3-768x1024.jpg 768w, https:\/\/www.rosyskidscorner.de\/wp-content\/uploads\/2019\/12\/aktuell_20191212_weihnachtsfeier-station314-3-1152x1536.jpg 1152w, https:\/\/www.rosyskidscorner.de\/wp-content\/uploads\/2019\/12\/aktuell_20191212_weihnachtsfeier-station314-3.jpg 1200w\" sizes=\"auto, (max-width: 168px) 100vw, 168px\" \/><\/a><\/p>\n<h5>Wir danken Thomas Larkin ganz herzlich f\u00fcr seinen Einsatz und w\u00fcnschen allen ein sch\u00f6nes Weihnachtsfest.<\/h5>\n<p><a href=\"https:\/\/www.rosyskidscorner.de\/wp-content\/uploads\/2018\/11\/dankeschoen.jpg\"><img loading=\"lazy\" decoding=\"async\" class=\"alignnone wp-image-5544\" src=\"https:\/\/www.rosyskidscorner.de\/wp-content\/uploads\/2018\/11\/dankeschoen-300x300.jpg\" alt=\"\" width=\"242\" height=\"242\" srcset=\"https:\/\/www.rosyskidscorner.de\/wp-content\/uploads\/2018\/11\/dankeschoen-300x300.jpg 300w, https:\/\/www.rosyskidscorner.de\/wp-content\/uploads\/2018\/11\/dankeschoen-150x150.jpg 150w, https:\/\/www.rosyskidscorner.de\/wp-content\/uploads\/2018\/11\/dankeschoen-768x765.jpg 768w, https:\/\/www.rosyskidscorner.de\/wp-content\/uploads\/2018\/11\/dankeschoen.jpg 778w\" sizes=\"auto, (max-width: 242px) 100vw, 242px\" \/><\/a><\/p>\n","protected":false},"excerpt":{"rendered":"<p>Am heutigen Donnerstag, 12.12.19, fand in der Kinderklinik der Universit\u00e4tsmedizin Mannheim die Weihnachtsfeier auf Station 31-4 statt. Ein ganz besonderer Weihnachtsmann kam auf Station und brachte allen Kinder Geschenke: Thomas Larkin, einer der Spieler der Adler Mannheim, verkleidete sich als Weihnachtsmann und \u00fcbernahm auch in diesem Jahr wieder diesen Einsatz. Die Kinder haben sich riesig &hellip; <a href=\"https:\/\/www.rosyskidscorner.de\/?page_id=6909\" class=\"more-link\">Continue reading <span class=\"screen-reader-text\">AKTUELL: 12.12.19 \u2013 Weihnachtsfeier auf Station 31-4<\/span> <span class=\"meta-nav\">&rarr;<\/span><\/a><\/p>\n","protected":false},"author":1,"featured_media":0,"parent":0,"menu_order":0,"comment_status":"closed","ping_status":"closed","template":"","meta":{"footnotes":""},"class_list":["post-6909","page","type-page","status-publish","hentry"],"_links":{"self":[{"href":"https:\/\/www.rosyskidscorner.de\/index.php?rest_route=\/wp\/v2\/pages\/6909","targetHints":{"allow":["GET"]}}],"collection":[{"href":"https:\/\/www.rosyskidscorner.de\/index.php?rest_route=\/wp\/v2\/pages"}],"about":[{"href":"https:\/\/www.rosyskidscorner.de\/index.php?rest_route=\/wp\/v2\/types\/page"}],"author":[{"embeddable":true,"href":"https:\/\/www.rosyskidscorner.de\/index.php?rest_route=\/wp\/v2\/users\/1"}],"replies":[{"embeddable":true,"href":"https:\/\/www.rosyskidscorner.de\/index.php?rest_route=%2Fwp%2Fv2%2Fcomments&post=6909"}],"version-history":[{"count":5,"href":"https:\/\/www.rosyskidscorner.de\/index.php?rest_route=\/wp\/v2\/pages\/6909\/revisions"}],"predecessor-version":[{"id":6919,"href":"https:\/\/www.rosyskidscorner.de\/index.php?rest_route=\/wp\/v2\/pages\/6909\/revisions\/6919"}],"wp:attachment":[{"href":"https:\/\/www.rosyskidscorner.de\/index.php?rest_route=%2Fwp%2Fv2%2Fmedia&parent=6909"}],"curies":[{"name":"wp","href":"https:\/\/api.w.org\/{rel}","templated":true}]}}