{"id":6920,"date":"2019-12-15T17:15:47","date_gmt":"2019-12-15T16:15:47","guid":{"rendered":"https:\/\/www.rosyskidscorner.de\/?page_id=6920"},"modified":"2019-12-15T17:23:50","modified_gmt":"2019-12-15T16:23:50","slug":"aktuell-14-12-19-weihnachtsgeschenke-fur-die-kinder-auf-der-kinderkrebs-station-31-4","status":"publish","type":"page","link":"https:\/\/www.rosyskidscorner.de\/?page_id=6920","title":{"rendered":"AKTUELL: 14.12.19 \u2013 Weihnachtsgeschenke f\u00fcr die Kinder auf der Kinderkrebs-Station 31-4"},"content":{"rendered":"<h5>Der Fanclub Eberbach (<a href=\"http:\/\/www.adler-freunde-eberbach.de\/\" target=\"_blank\" rel=\"noopener noreferrer\">Homepage<\/a> \/ <a href=\"https:\/\/www.facebook.com\/AdlerFreundeEberbach\" target=\"_blank\" rel=\"noopener noreferrer\">Facebook<\/a>), mit seinem 1. Vorsitzenden Dirk Lenz, lie\u00df es sich auch in diesem Jahr nicht nehmen, wieder <span style=\"color: #0000ff;\">50 Pakete<\/span> f\u00fcr die Kinder auf der Kinderkrebs-Station 31-4 zu spenden.<\/h5>\n<h5>Am Samstag, 14.12.19, war die Weihnachtsfeier des Fanclubs, in der Konkordia H\u00fctte Eberbach. Die Pakete wurden an Sr. Karen \u00fcbergeben und werden in den n\u00e4chsten Tagen auf der Station ausgeliefert. In den Weihnachtstagen werden alle P\u00e4ckchen an die Kinder verteilt.<\/h5>\n<p><a href=\"https:\/\/www.rosyskidscorner.de\/wp-content\/uploads\/2019\/12\/aktuell_20191214_weihnachtsgeschenke-fanclub-eberbach1.jpg\"><img loading=\"lazy\" decoding=\"async\" class=\"alignnone size-medium wp-image-6921\" src=\"https:\/\/www.rosyskidscorner.de\/wp-content\/uploads\/2019\/12\/aktuell_20191214_weihnachtsgeschenke-fanclub-eberbach1-225x300.jpg\" alt=\"\" width=\"225\" height=\"300\" srcset=\"https:\/\/www.rosyskidscorner.de\/wp-content\/uploads\/2019\/12\/aktuell_20191214_weihnachtsgeschenke-fanclub-eberbach1-225x300.jpg 225w, https:\/\/www.rosyskidscorner.de\/wp-content\/uploads\/2019\/12\/aktuell_20191214_weihnachtsgeschenke-fanclub-eberbach1-768x1024.jpg 768w, https:\/\/www.rosyskidscorner.de\/wp-content\/uploads\/2019\/12\/aktuell_20191214_weihnachtsgeschenke-fanclub-eberbach1-1152x1536.jpg 1152w, https:\/\/www.rosyskidscorner.de\/wp-content\/uploads\/2019\/12\/aktuell_20191214_weihnachtsgeschenke-fanclub-eberbach1.jpg 1200w\" sizes=\"auto, (max-width: 225px) 100vw, 225px\" \/><\/a> <a href=\"https:\/\/www.rosyskidscorner.de\/wp-content\/uploads\/2019\/12\/aktuell_20191214_weihnachtsgeschenke-fanclub-eberbach2.jpg\"><img loading=\"lazy\" decoding=\"async\" class=\"alignnone size-medium wp-image-6922\" src=\"https:\/\/www.rosyskidscorner.de\/wp-content\/uploads\/2019\/12\/aktuell_20191214_weihnachtsgeschenke-fanclub-eberbach2-225x300.jpg\" alt=\"\" width=\"225\" height=\"300\" srcset=\"https:\/\/www.rosyskidscorner.de\/wp-content\/uploads\/2019\/12\/aktuell_20191214_weihnachtsgeschenke-fanclub-eberbach2-225x300.jpg 225w, https:\/\/www.rosyskidscorner.de\/wp-content\/uploads\/2019\/12\/aktuell_20191214_weihnachtsgeschenke-fanclub-eberbach2-768x1024.jpg 768w, https:\/\/www.rosyskidscorner.de\/wp-content\/uploads\/2019\/12\/aktuell_20191214_weihnachtsgeschenke-fanclub-eberbach2-1152x1536.jpg 1152w, https:\/\/www.rosyskidscorner.de\/wp-content\/uploads\/2019\/12\/aktuell_20191214_weihnachtsgeschenke-fanclub-eberbach2.jpg 1200w\" sizes=\"auto, (max-width: 225px) 100vw, 225px\" \/><\/a><\/p>\n<h5>Eine tolle und r\u00fchrende Aktion! Wir danken dem Fanclub Eberbach sehr herzlich daf\u00fcr.<\/h5>\n<p><a href=\"https:\/\/www.rosyskidscorner.de\/wp-content\/uploads\/2018\/11\/dankeschoen.jpg\"><img loading=\"lazy\" decoding=\"async\" class=\"alignnone wp-image-5544\" src=\"https:\/\/www.rosyskidscorner.de\/wp-content\/uploads\/2018\/11\/dankeschoen-300x300.jpg\" alt=\"\" width=\"261\" height=\"261\" srcset=\"https:\/\/www.rosyskidscorner.de\/wp-content\/uploads\/2018\/11\/dankeschoen-300x300.jpg 300w, https:\/\/www.rosyskidscorner.de\/wp-content\/uploads\/2018\/11\/dankeschoen-150x150.jpg 150w, https:\/\/www.rosyskidscorner.de\/wp-content\/uploads\/2018\/11\/dankeschoen-768x765.jpg 768w, https:\/\/www.rosyskidscorner.de\/wp-content\/uploads\/2018\/11\/dankeschoen.jpg 778w\" sizes=\"auto, (max-width: 261px) 100vw, 261px\" \/><\/a><\/p>\n","protected":false},"excerpt":{"rendered":"<p>Der Fanclub Eberbach (Homepage \/ Facebook), mit seinem 1. Vorsitzenden Dirk Lenz, lie\u00df es sich auch in diesem Jahr nicht nehmen, wieder 50 Pakete f\u00fcr die Kinder auf der Kinderkrebs-Station 31-4 zu spenden. Am Samstag, 14.12.19, war die Weihnachtsfeier des Fanclubs, in der Konkordia H\u00fctte Eberbach. Die Pakete wurden an Sr. Karen \u00fcbergeben und werden &hellip; <a href=\"https:\/\/www.rosyskidscorner.de\/?page_id=6920\" class=\"more-link\">Continue reading <span class=\"screen-reader-text\">AKTUELL: 14.12.19 \u2013 Weihnachtsgeschenke f\u00fcr die Kinder auf der Kinderkrebs-Station 31-4<\/span> <span class=\"meta-nav\">&rarr;<\/span><\/a><\/p>\n","protected":false},"author":1,"featured_media":0,"parent":0,"menu_order":0,"comment_status":"closed","ping_status":"closed","template":"","meta":{"footnotes":""},"class_list":["post-6920","page","type-page","status-publish","hentry"],"_links":{"self":[{"href":"https:\/\/www.rosyskidscorner.de\/index.php?rest_route=\/wp\/v2\/pages\/6920","targetHints":{"allow":["GET"]}}],"collection":[{"href":"https:\/\/www.rosyskidscorner.de\/index.php?rest_route=\/wp\/v2\/pages"}],"about":[{"href":"https:\/\/www.rosyskidscorner.de\/index.php?rest_route=\/wp\/v2\/types\/page"}],"author":[{"embeddable":true,"href":"https:\/\/www.rosyskidscorner.de\/index.php?rest_route=\/wp\/v2\/users\/1"}],"replies":[{"embeddable":true,"href":"https:\/\/www.rosyskidscorner.de\/index.php?rest_route=%2Fwp%2Fv2%2Fcomments&post=6920"}],"version-history":[{"count":4,"href":"https:\/\/www.rosyskidscorner.de\/index.php?rest_route=\/wp\/v2\/pages\/6920\/revisions"}],"predecessor-version":[{"id":6928,"href":"https:\/\/www.rosyskidscorner.de\/index.php?rest_route=\/wp\/v2\/pages\/6920\/revisions\/6928"}],"wp:attachment":[{"href":"https:\/\/www.rosyskidscorner.de\/index.php?rest_route=%2Fwp%2Fv2%2Fmedia&parent=6920"}],"curies":[{"name":"wp","href":"https:\/\/api.w.org\/{rel}","templated":true}]}}