{"id":6942,"date":"2020-02-10T20:14:47","date_gmt":"2020-02-10T19:14:47","guid":{"rendered":"https:\/\/www.rosyskidscorner.de\/?page_id=6942"},"modified":"2020-02-10T20:14:47","modified_gmt":"2020-02-10T19:14:47","slug":"aktuell-02-02-20-besuch-der-veranstaltung-holiday-on-ice-in-der-sap-arena-mannheim","status":"publish","type":"page","link":"https:\/\/www.rosyskidscorner.de\/?page_id=6942","title":{"rendered":"AKTUELL: 02.02.20 \u2013 Besuch der Veranstaltung &#8220;Holiday on Ice&#8221; in der SAP Arena Mannheim"},"content":{"rendered":"<h4>Am Sonntag, 02.02.2020, waren wir in der <a href=\"https:\/\/saparena.de\/\" target=\"_blank\" rel=\"noopener noreferrer\">SAP Arena Mannheim<\/a> zu Gast in der Loge der <a href=\"https:\/\/www.sparkasse-rhein-neckar-nord.de\/\" target=\"_blank\" rel=\"noopener noreferrer\">Sparkasse Rhein Neckar Nord<\/a> f\u00fcr die Veranstaltung &#8220;Holiday on Ice&#8221;.<\/h4>\n<p><a href=\"https:\/\/www.rosyskidscorner.de\/wp-content\/uploads\/2020\/02\/aktuell_20200202_holiday-on-ice.jpg\"><img loading=\"lazy\" decoding=\"async\" class=\"alignnone wp-image-6943 size-large\" src=\"https:\/\/www.rosyskidscorner.de\/wp-content\/uploads\/2020\/02\/aktuell_20200202_holiday-on-ice-1024x768.jpg\" alt=\"\" width=\"604\" height=\"453\" srcset=\"https:\/\/www.rosyskidscorner.de\/wp-content\/uploads\/2020\/02\/aktuell_20200202_holiday-on-ice-1024x768.jpg 1024w, https:\/\/www.rosyskidscorner.de\/wp-content\/uploads\/2020\/02\/aktuell_20200202_holiday-on-ice-300x225.jpg 300w, https:\/\/www.rosyskidscorner.de\/wp-content\/uploads\/2020\/02\/aktuell_20200202_holiday-on-ice-768x576.jpg 768w, https:\/\/www.rosyskidscorner.de\/wp-content\/uploads\/2020\/02\/aktuell_20200202_holiday-on-ice-1536x1152.jpg 1536w, https:\/\/www.rosyskidscorner.de\/wp-content\/uploads\/2020\/02\/aktuell_20200202_holiday-on-ice.jpg 1600w\" sizes=\"auto, (max-width: 604px) 100vw, 604px\" \/><\/a><\/p>\n<h4>Wir m\u00f6chten uns ganz herzlich bei Herrn Rudolph f\u00fcr die Einladung bedanken. Allen hat es sehr viel Spa\u00df gemacht, das war ein tolles Event!<\/h4>\n<p><a href=\"https:\/\/www.rosyskidscorner.de\/wp-content\/uploads\/2018\/11\/dankeschoen.jpg\"><img loading=\"lazy\" decoding=\"async\" class=\"alignnone size-medium wp-image-5544\" src=\"https:\/\/www.rosyskidscorner.de\/wp-content\/uploads\/2018\/11\/dankeschoen-300x300.jpg\" alt=\"\" width=\"300\" height=\"300\" srcset=\"https:\/\/www.rosyskidscorner.de\/wp-content\/uploads\/2018\/11\/dankeschoen-300x300.jpg 300w, https:\/\/www.rosyskidscorner.de\/wp-content\/uploads\/2018\/11\/dankeschoen-150x150.jpg 150w, https:\/\/www.rosyskidscorner.de\/wp-content\/uploads\/2018\/11\/dankeschoen-768x765.jpg 768w, https:\/\/www.rosyskidscorner.de\/wp-content\/uploads\/2018\/11\/dankeschoen.jpg 778w\" sizes=\"auto, (max-width: 300px) 100vw, 300px\" \/><\/a><\/p>\n","protected":false},"excerpt":{"rendered":"<p>Am Sonntag, 02.02.2020, waren wir in der SAP Arena Mannheim zu Gast in der Loge der Sparkasse Rhein Neckar Nord f\u00fcr die Veranstaltung &#8220;Holiday on Ice&#8221;. Wir m\u00f6chten uns ganz herzlich bei Herrn Rudolph f\u00fcr die Einladung bedanken. Allen hat es sehr viel Spa\u00df gemacht, das war ein tolles Event!<\/p>\n","protected":false},"author":1,"featured_media":0,"parent":0,"menu_order":0,"comment_status":"closed","ping_status":"closed","template":"","meta":{"footnotes":""},"class_list":["post-6942","page","type-page","status-publish","hentry"],"_links":{"self":[{"href":"https:\/\/www.rosyskidscorner.de\/index.php?rest_route=\/wp\/v2\/pages\/6942","targetHints":{"allow":["GET"]}}],"collection":[{"href":"https:\/\/www.rosyskidscorner.de\/index.php?rest_route=\/wp\/v2\/pages"}],"about":[{"href":"https:\/\/www.rosyskidscorner.de\/index.php?rest_route=\/wp\/v2\/types\/page"}],"author":[{"embeddable":true,"href":"https:\/\/www.rosyskidscorner.de\/index.php?rest_route=\/wp\/v2\/users\/1"}],"replies":[{"embeddable":true,"href":"https:\/\/www.rosyskidscorner.de\/index.php?rest_route=%2Fwp%2Fv2%2Fcomments&post=6942"}],"version-history":[{"count":1,"href":"https:\/\/www.rosyskidscorner.de\/index.php?rest_route=\/wp\/v2\/pages\/6942\/revisions"}],"predecessor-version":[{"id":6944,"href":"https:\/\/www.rosyskidscorner.de\/index.php?rest_route=\/wp\/v2\/pages\/6942\/revisions\/6944"}],"wp:attachment":[{"href":"https:\/\/www.rosyskidscorner.de\/index.php?rest_route=%2Fwp%2Fv2%2Fmedia&parent=6942"}],"curies":[{"name":"wp","href":"https:\/\/api.w.org\/{rel}","templated":true}]}}