{"id":6949,"date":"2020-03-03T12:00:17","date_gmt":"2020-03-03T11:00:17","guid":{"rendered":"https:\/\/www.rosyskidscorner.de\/?page_id=6949"},"modified":"2020-03-03T12:00:17","modified_gmt":"2020-03-03T11:00:17","slug":"presse-spiel-der-leuchtenden-herzen-am-23-12-2017-in-der-sap-arena-mannheim","status":"publish","type":"page","link":"https:\/\/www.rosyskidscorner.de\/?page_id=6949","title":{"rendered":"Presse: \u201cSpiel der leuchtenden Herzen\u201d am 23.12.2017 in der SAP ARENA Mannheim"},"content":{"rendered":"<h6>26.000 Euro f\u00fcr Rosys Kids Corner<\/h6>\n<p><a href=\"https:\/\/www.rosyskidscorner.de\/wp-content\/uploads\/2020\/03\/presse_spiel-der-leuchtenden-herzen-2017.jpg\"><img loading=\"lazy\" decoding=\"async\" class=\"alignnone wp-image-6950 size-large\" src=\"https:\/\/www.rosyskidscorner.de\/wp-content\/uploads\/2020\/03\/presse_spiel-der-leuchtenden-herzen-2017-1024x722.jpg\" alt=\"\" width=\"604\" height=\"426\" srcset=\"https:\/\/www.rosyskidscorner.de\/wp-content\/uploads\/2020\/03\/presse_spiel-der-leuchtenden-herzen-2017-1024x722.jpg 1024w, https:\/\/www.rosyskidscorner.de\/wp-content\/uploads\/2020\/03\/presse_spiel-der-leuchtenden-herzen-2017-300x211.jpg 300w, https:\/\/www.rosyskidscorner.de\/wp-content\/uploads\/2020\/03\/presse_spiel-der-leuchtenden-herzen-2017-768x541.jpg 768w, https:\/\/www.rosyskidscorner.de\/wp-content\/uploads\/2020\/03\/presse_spiel-der-leuchtenden-herzen-2017.jpg 1128w\" sizes=\"auto, (max-width: 604px) 100vw, 604px\" \/><\/a><\/p>\n<p>Rosys Kids Corner bedankt sich ganz herzlich bei allen Spendern und Unterst\u00fctzern f\u00fcr diese gro\u00dfartige Spende f\u00fcr unsere krebskranken Kinder. Die Spenden\u00fcbergabe fand am 14.01.2018 in der SAP ARENA Mannheim statt.<\/p>\n<p>Rosys Kids Corner bedeutet f\u00fcr unsere Kinder Lebensfreude und Lebensmut, und das ist geistige und seelische Medizin!<\/p>\n<p><strong>Vielen herzlichen Dank an Sie alle.<\/strong><\/p>\n<p><a href=\"https:\/\/www.rosyskidscorner.de\/wp-content\/uploads\/2018\/11\/dankeschoen.jpg\"><img loading=\"lazy\" decoding=\"async\" class=\"alignnone size-medium wp-image-5544\" src=\"https:\/\/www.rosyskidscorner.de\/wp-content\/uploads\/2018\/11\/dankeschoen-300x300.jpg\" alt=\"\" width=\"300\" height=\"300\" srcset=\"https:\/\/www.rosyskidscorner.de\/wp-content\/uploads\/2018\/11\/dankeschoen-300x300.jpg 300w, https:\/\/www.rosyskidscorner.de\/wp-content\/uploads\/2018\/11\/dankeschoen-150x150.jpg 150w, https:\/\/www.rosyskidscorner.de\/wp-content\/uploads\/2018\/11\/dankeschoen-768x765.jpg 768w, https:\/\/www.rosyskidscorner.de\/wp-content\/uploads\/2018\/11\/dankeschoen.jpg 778w\" sizes=\"auto, (max-width: 300px) 100vw, 300px\" \/><\/a><\/p>\n","protected":false},"excerpt":{"rendered":"<p>26.000 Euro f\u00fcr Rosys Kids Corner Rosys Kids Corner bedankt sich ganz herzlich bei allen Spendern und Unterst\u00fctzern f\u00fcr diese gro\u00dfartige Spende f\u00fcr unsere krebskranken Kinder. Die Spenden\u00fcbergabe fand am 14.01.2018 in der SAP ARENA Mannheim statt. Rosys Kids Corner bedeutet f\u00fcr unsere Kinder Lebensfreude und Lebensmut, und das ist geistige und seelische Medizin! Vielen &hellip; <a href=\"https:\/\/www.rosyskidscorner.de\/?page_id=6949\" class=\"more-link\">Continue reading <span class=\"screen-reader-text\">Presse: \u201cSpiel der leuchtenden Herzen\u201d am 23.12.2017 in der SAP ARENA Mannheim<\/span> <span class=\"meta-nav\">&rarr;<\/span><\/a><\/p>\n","protected":false},"author":1,"featured_media":0,"parent":0,"menu_order":0,"comment_status":"closed","ping_status":"closed","template":"","meta":{"footnotes":""},"class_list":["post-6949","page","type-page","status-publish","hentry"],"_links":{"self":[{"href":"https:\/\/www.rosyskidscorner.de\/index.php?rest_route=\/wp\/v2\/pages\/6949","targetHints":{"allow":["GET"]}}],"collection":[{"href":"https:\/\/www.rosyskidscorner.de\/index.php?rest_route=\/wp\/v2\/pages"}],"about":[{"href":"https:\/\/www.rosyskidscorner.de\/index.php?rest_route=\/wp\/v2\/types\/page"}],"author":[{"embeddable":true,"href":"https:\/\/www.rosyskidscorner.de\/index.php?rest_route=\/wp\/v2\/users\/1"}],"replies":[{"embeddable":true,"href":"https:\/\/www.rosyskidscorner.de\/index.php?rest_route=%2Fwp%2Fv2%2Fcomments&post=6949"}],"version-history":[{"count":1,"href":"https:\/\/www.rosyskidscorner.de\/index.php?rest_route=\/wp\/v2\/pages\/6949\/revisions"}],"predecessor-version":[{"id":6951,"href":"https:\/\/www.rosyskidscorner.de\/index.php?rest_route=\/wp\/v2\/pages\/6949\/revisions\/6951"}],"wp:attachment":[{"href":"https:\/\/www.rosyskidscorner.de\/index.php?rest_route=%2Fwp%2Fv2%2Fmedia&parent=6949"}],"curies":[{"name":"wp","href":"https:\/\/api.w.org\/{rel}","templated":true}]}}