{"id":6954,"date":"2020-03-13T20:54:57","date_gmt":"2020-03-13T19:54:57","guid":{"rendered":"https:\/\/www.rosyskidscorner.de\/?page_id=6954"},"modified":"2020-03-13T20:56:43","modified_gmt":"2020-03-13T19:56:43","slug":"presse-spiel-der-leuchtenden-herzen-am-22-12-2019-in-der-sap-arena-mannheim-spendenubergabe-09-01-2020","status":"publish","type":"page","link":"https:\/\/www.rosyskidscorner.de\/?page_id=6954","title":{"rendered":"Presse: \u201cSpiel der leuchtenden Herzen\u201d am 22.12.2019 in der SAP ARENA Mannheim \/ Spenden\u00fcbergabe 09.01.2020"},"content":{"rendered":"<div class=\"entry-content\">\n<h3>28.000 Euro f\u00fcr Rosys Kids Corner<\/h3>\n<h5>Wir bedanken uns ganz herzlich im Namen unserer krebskranken Kinder bei allen Spender\/innen und Unterst\u00fctzern f\u00fcr die gro\u00dfartige Spende anl\u00e4sslich des &#8220;Spiels der leuchtenden Herzen&#8221; am 22.12.2019 in der SAP Arena Mannheim!<\/h5>\n<h5><a href=\"https:\/\/www.rosyskidscorner.de\/wp-content\/uploads\/2020\/03\/presse_spiel-der-leuchtenden-herzen-2019.jpg\"><img loading=\"lazy\" decoding=\"async\" class=\"alignnone wp-image-6955 size-full\" src=\"https:\/\/www.rosyskidscorner.de\/wp-content\/uploads\/2020\/03\/presse_spiel-der-leuchtenden-herzen-2019.jpg\" alt=\"\" width=\"996\" height=\"697\" srcset=\"https:\/\/www.rosyskidscorner.de\/wp-content\/uploads\/2020\/03\/presse_spiel-der-leuchtenden-herzen-2019.jpg 996w, https:\/\/www.rosyskidscorner.de\/wp-content\/uploads\/2020\/03\/presse_spiel-der-leuchtenden-herzen-2019-300x210.jpg 300w, https:\/\/www.rosyskidscorner.de\/wp-content\/uploads\/2020\/03\/presse_spiel-der-leuchtenden-herzen-2019-768x537.jpg 768w\" sizes=\"auto, (max-width: 996px) 100vw, 996px\" \/><\/a><\/h5>\n<h5>Die Scheck\u00fcbergabe fand am 09.01.2020 statt.<\/h5>\n<h5>Rosys Kids Corner bedeutet f\u00fcr unsere Kinder Lebensfreude und Lebensmut, und das ist geistige und seelische Medizin!<\/h5>\n<h5>Vielen herzlichen Dank an Sie alle!<\/h5>\n<p><a href=\"https:\/\/www.rosyskidscorner.de\/wp-content\/uploads\/2018\/11\/dankeschoen.jpg\"><img loading=\"lazy\" decoding=\"async\" class=\"alignnone size-medium wp-image-5544\" src=\"https:\/\/www.rosyskidscorner.de\/wp-content\/uploads\/2018\/11\/dankeschoen-300x300.jpg\" alt=\"\" width=\"300\" height=\"300\" srcset=\"https:\/\/www.rosyskidscorner.de\/wp-content\/uploads\/2018\/11\/dankeschoen-300x300.jpg 300w, https:\/\/www.rosyskidscorner.de\/wp-content\/uploads\/2018\/11\/dankeschoen-150x150.jpg 150w, https:\/\/www.rosyskidscorner.de\/wp-content\/uploads\/2018\/11\/dankeschoen-768x765.jpg 768w, https:\/\/www.rosyskidscorner.de\/wp-content\/uploads\/2018\/11\/dankeschoen.jpg 778w\" sizes=\"auto, (max-width: 300px) 100vw, 300px\" \/><\/a><\/p>\n<\/div>\n","protected":false},"excerpt":{"rendered":"<p>28.000 Euro f\u00fcr Rosys Kids Corner Wir bedanken uns ganz herzlich im Namen unserer krebskranken Kinder bei allen Spender\/innen und Unterst\u00fctzern f\u00fcr die gro\u00dfartige Spende anl\u00e4sslich des &#8220;Spiels der leuchtenden Herzen&#8221; am 22.12.2019 in der SAP Arena Mannheim! Die Scheck\u00fcbergabe fand am 09.01.2020 statt. Rosys Kids Corner bedeutet f\u00fcr unsere Kinder Lebensfreude und Lebensmut, und &hellip; <a href=\"https:\/\/www.rosyskidscorner.de\/?page_id=6954\" class=\"more-link\">Continue reading <span class=\"screen-reader-text\">Presse: \u201cSpiel der leuchtenden Herzen\u201d am 22.12.2019 in der SAP ARENA Mannheim \/ Spenden\u00fcbergabe 09.01.2020<\/span> <span class=\"meta-nav\">&rarr;<\/span><\/a><\/p>\n","protected":false},"author":1,"featured_media":0,"parent":0,"menu_order":0,"comment_status":"closed","ping_status":"closed","template":"","meta":{"footnotes":""},"class_list":["post-6954","page","type-page","status-publish","hentry"],"_links":{"self":[{"href":"https:\/\/www.rosyskidscorner.de\/index.php?rest_route=\/wp\/v2\/pages\/6954","targetHints":{"allow":["GET"]}}],"collection":[{"href":"https:\/\/www.rosyskidscorner.de\/index.php?rest_route=\/wp\/v2\/pages"}],"about":[{"href":"https:\/\/www.rosyskidscorner.de\/index.php?rest_route=\/wp\/v2\/types\/page"}],"author":[{"embeddable":true,"href":"https:\/\/www.rosyskidscorner.de\/index.php?rest_route=\/wp\/v2\/users\/1"}],"replies":[{"embeddable":true,"href":"https:\/\/www.rosyskidscorner.de\/index.php?rest_route=%2Fwp%2Fv2%2Fcomments&post=6954"}],"version-history":[{"count":3,"href":"https:\/\/www.rosyskidscorner.de\/index.php?rest_route=\/wp\/v2\/pages\/6954\/revisions"}],"predecessor-version":[{"id":6960,"href":"https:\/\/www.rosyskidscorner.de\/index.php?rest_route=\/wp\/v2\/pages\/6954\/revisions\/6960"}],"wp:attachment":[{"href":"https:\/\/www.rosyskidscorner.de\/index.php?rest_route=%2Fwp%2Fv2%2Fmedia&parent=6954"}],"curies":[{"name":"wp","href":"https:\/\/api.w.org\/{rel}","templated":true}]}}