{"id":6964,"date":"2020-04-10T10:11:48","date_gmt":"2020-04-10T08:11:48","guid":{"rendered":"https:\/\/www.rosyskidscorner.de\/?page_id=6964"},"modified":"2020-04-10T10:11:48","modified_gmt":"2020-04-10T08:11:48","slug":"aktuell-08-03-20-besuch-von-der-band-grand-malor-beim-adlerspiel-in-der-sap-arena-mannheim","status":"publish","type":"page","link":"https:\/\/www.rosyskidscorner.de\/?page_id=6964","title":{"rendered":"AKTUELL: 08.03.20 \u2013 Besuch von der Band &#8220;Grand Mal\u00f6r&#8221; beim Adlerspiel in der SAP Arena Mannheim"},"content":{"rendered":"<h4>Am Sonntag, 08.03.20, war die Pf\u00e4lzer Band &#8220;<a href=\"http:\/\/www.grand-maloer.de\/\" target=\"_blank\" rel=\"noopener noreferrer\">Grand Mal\u00f6r<\/a>&#8221; zu Gast bei Rosys Kids Corner beim Adlerspiel in der SAP Arena Mannheim.<\/h4>\n<h4><a href=\"https:\/\/www.rosyskidscorner.de\/wp-content\/uploads\/2020\/04\/aktuell_20200308_band-grand-maloer-sap-arena.jpg\"><img loading=\"lazy\" decoding=\"async\" class=\"alignnone wp-image-6965 \" src=\"https:\/\/www.rosyskidscorner.de\/wp-content\/uploads\/2020\/04\/aktuell_20200308_band-grand-maloer-sap-arena-767x1024.jpg\" alt=\"\" width=\"485\" height=\"647\" srcset=\"https:\/\/www.rosyskidscorner.de\/wp-content\/uploads\/2020\/04\/aktuell_20200308_band-grand-maloer-sap-arena-767x1024.jpg 767w, https:\/\/www.rosyskidscorner.de\/wp-content\/uploads\/2020\/04\/aktuell_20200308_band-grand-maloer-sap-arena-225x300.jpg 225w, https:\/\/www.rosyskidscorner.de\/wp-content\/uploads\/2020\/04\/aktuell_20200308_band-grand-maloer-sap-arena-768x1026.jpg 768w, https:\/\/www.rosyskidscorner.de\/wp-content\/uploads\/2020\/04\/aktuell_20200308_band-grand-maloer-sap-arena.jpg 996w\" sizes=\"auto, (max-width: 485px) 100vw, 485px\" \/><\/a><\/h4>\n<h4>Wir hatten alle einen vergn\u00fcgten Nachmittag! \ud83d\ude42<\/h4>\n","protected":false},"excerpt":{"rendered":"<p>Am Sonntag, 08.03.20, war die Pf\u00e4lzer Band &#8220;Grand Mal\u00f6r&#8221; zu Gast bei Rosys Kids Corner beim Adlerspiel in der SAP Arena Mannheim. Wir hatten alle einen vergn\u00fcgten Nachmittag! \ud83d\ude42<\/p>\n","protected":false},"author":1,"featured_media":0,"parent":0,"menu_order":0,"comment_status":"closed","ping_status":"closed","template":"","meta":{"footnotes":""},"class_list":["post-6964","page","type-page","status-publish","hentry"],"_links":{"self":[{"href":"https:\/\/www.rosyskidscorner.de\/index.php?rest_route=\/wp\/v2\/pages\/6964","targetHints":{"allow":["GET"]}}],"collection":[{"href":"https:\/\/www.rosyskidscorner.de\/index.php?rest_route=\/wp\/v2\/pages"}],"about":[{"href":"https:\/\/www.rosyskidscorner.de\/index.php?rest_route=\/wp\/v2\/types\/page"}],"author":[{"embeddable":true,"href":"https:\/\/www.rosyskidscorner.de\/index.php?rest_route=\/wp\/v2\/users\/1"}],"replies":[{"embeddable":true,"href":"https:\/\/www.rosyskidscorner.de\/index.php?rest_route=%2Fwp%2Fv2%2Fcomments&post=6964"}],"version-history":[{"count":2,"href":"https:\/\/www.rosyskidscorner.de\/index.php?rest_route=\/wp\/v2\/pages\/6964\/revisions"}],"predecessor-version":[{"id":6967,"href":"https:\/\/www.rosyskidscorner.de\/index.php?rest_route=\/wp\/v2\/pages\/6964\/revisions\/6967"}],"wp:attachment":[{"href":"https:\/\/www.rosyskidscorner.de\/index.php?rest_route=%2Fwp%2Fv2%2Fmedia&parent=6964"}],"curies":[{"name":"wp","href":"https:\/\/api.w.org\/{rel}","templated":true}]}}