{"id":7447,"date":"2021-01-27T17:41:36","date_gmt":"2021-01-27T16:41:36","guid":{"rendered":"https:\/\/www.rosyskidscorner.de\/?page_id=7447"},"modified":"2021-03-08T15:42:21","modified_gmt":"2021-03-08T14:42:21","slug":"aktuell-24-01-21-spendenubergabe-durch-adler-helfen-menschen-e-v-uber-eur-24-000","status":"publish","type":"page","link":"https:\/\/www.rosyskidscorner.de\/?page_id=7447","title":{"rendered":"AKTUELL: 24.01.21 \u2013 Spenden\u00fcbergabe durch &#8220;Adler helfen Menschen e.V.&#8221; \u00fcber EUR 24.000!"},"content":{"rendered":"<h3>Herzensangelegenheit Rosys Kids Corner<\/h3>\n<h6>Zitat Homepage:<br \/>\n<a href=\"https:\/\/www.adler-mannheim.de\/aktuelles\/herzensangelegenheit-rosys-kids-corner\/\" target=\"_blank\" rel=\"noopener\">https:\/\/www.adler-mannheim.de\/aktuelles\/herzensangelegenheit-rosys-kids-corner\/<\/a><\/h6>\n<h6><em>&#8220;Auch wenn in den vergangenen Monaten vieles anders war als wir es gewohnt sind, und auch wenn das &#8220;Spiel der leuchtenden Herzen&#8221; aus bekannten Gr\u00fcnden bislang nicht stattfinden konnte, wollten es sich die Adler Mannheim und der gemeinn\u00fctzige Verein &#8220;Adler helfen Menschen e.V.&#8221; nicht nehmen lassen, Rosys Kids Corner auch in dieser Saison finanziell unter die Arme zu greifen.&#8221;<\/em><\/h6>\n<p>So fand vor der PENNY-DEL-Partie zwischen den Adlern und dem ERC Ingolstadt am sp\u00e4ten Sonntagnachmittag die Scheck\u00fcbergabe von Matthias Binder, 2. Vorsitzender von &#8220;Adler helfen Menschen e.V.&#8221;, an Dr. Gregor von Komorowski, 1. Vorsitzender der Deutschen Leuk\u00e4mie-Forschungs-Hilfe, und Karen Kutschbach, stellvertretende Vorsitzende der Deutschen Leuk\u00e4mie-Forschungs-Hilfe, statt. &#8220;Es erf\u00fcllt uns mit Stolz, dass wir auch ohne das Spiel der leuchtenden Herzen 24.000 Euro an Rosys Kids Corner \u00fcbergeben k\u00f6nnen. Unz\u00e4hlige Einzelspenden haben diese Gesamtsumme erm\u00f6glicht. Das zeigt, welche Verbundenheit Fans, Partner und Sponsoren zu uns, zu Adler helfen Menschen e.V. und den sozialen Engagements haben&#8221;, zeigt sich Binder ergriffen.<\/p>\n<p><a href=\"https:\/\/www.rosyskidscorner.de\/wp-content\/uploads\/2021\/03\/aktuell_20210124_spendenuebergabe-spiel-der-leuchtenden-herzen2.jpg\"><img loading=\"lazy\" decoding=\"async\" class=\"alignnone wp-image-7457\" src=\"https:\/\/www.rosyskidscorner.de\/wp-content\/uploads\/2021\/03\/aktuell_20210124_spendenuebergabe-spiel-der-leuchtenden-herzen2.jpg\" alt=\"\" width=\"700\" height=\"494\" srcset=\"https:\/\/www.rosyskidscorner.de\/wp-content\/uploads\/2021\/03\/aktuell_20210124_spendenuebergabe-spiel-der-leuchtenden-herzen2.jpg 1347w, https:\/\/www.rosyskidscorner.de\/wp-content\/uploads\/2021\/03\/aktuell_20210124_spendenuebergabe-spiel-der-leuchtenden-herzen2-300x212.jpg 300w, https:\/\/www.rosyskidscorner.de\/wp-content\/uploads\/2021\/03\/aktuell_20210124_spendenuebergabe-spiel-der-leuchtenden-herzen2-1024x722.jpg 1024w, https:\/\/www.rosyskidscorner.de\/wp-content\/uploads\/2021\/03\/aktuell_20210124_spendenuebergabe-spiel-der-leuchtenden-herzen2-768x542.jpg 768w\" sizes=\"auto, (max-width: 700px) 100vw, 700px\" \/><\/a><br \/>\n<span style=\"font-size: small;\">Foto: \u00a9 Adler Mannheim \/ &#8220;Adler helfen Menschen e.V.&#8221;<br \/>\n<\/span><\/p>\n<h6>Ablenkung vom Alltag<\/h6>\n<p>&#8220;Es hat uns sehr \u00fcberrascht und freut uns nun umso mehr, dass trotz des Ausfalls des Spiels der leuchtenden Herzen eine solche Spendensumme den Weg zu uns gefunden hat. Wir k\u00f6nnen uns f\u00fcr die gro\u00dfartige Unterst\u00fctzung nur bedanken. Leider ver\u00e4ndert die Pandemie auch unser Leben. Ungeachtet dessen sind auch in diesem Jahr Kinder neu an Krebs erkrankt, die in dieser Zeit eine Anlaufstelle brauchen und denen wir gerne etwas Abwechslung von ihrem Schicksal und ihrem Alltag auf der Station bieten wollen&#8221;, so Komorowski.<\/p>\n<p>&#8220;Nat\u00fcrlich ist es sehr bitter, dass die Kinder seit nahezu einem Jahr nicht live in der Arena mitfiebern k\u00f6nnen. Doch Rosys Kids Corner ist \u00fcber die letzten 20 Jahre derart gewachsen, die Atmosph\u00e4re im Stadion hat in jedem einzelnen Patienten etwas ausgel\u00f6st, dass viele auch zuhause vor dem Fernseher mitfiebern. Es ist f\u00fcr alle eine andere Situation, wir versuchen aber, das Beste daraus zu machen&#8221;, erg\u00e4nzt Kutschbach.<\/p>\n<h6>Das gesamte Team der DLFH Ortsverband Mannheim e.V. bedankt sich f\u00fcr das unerm\u00fcdliche Engagement der \u201cAdler helfen Menschen e.V.\u201c!<\/h6>\n<p><a href=\"https:\/\/www.rosyskidscorner.de\/wp-content\/uploads\/2018\/11\/dankeschoen.jpg\"><img loading=\"lazy\" decoding=\"async\" class=\"alignnone wp-image-5544 size-medium\" src=\"https:\/\/www.rosyskidscorner.de\/wp-content\/uploads\/2018\/11\/dankeschoen-300x300.jpg\" alt=\"\" width=\"300\" height=\"300\" srcset=\"https:\/\/www.rosyskidscorner.de\/wp-content\/uploads\/2018\/11\/dankeschoen-300x300.jpg 300w, https:\/\/www.rosyskidscorner.de\/wp-content\/uploads\/2018\/11\/dankeschoen-150x150.jpg 150w, https:\/\/www.rosyskidscorner.de\/wp-content\/uploads\/2018\/11\/dankeschoen-768x765.jpg 768w, https:\/\/www.rosyskidscorner.de\/wp-content\/uploads\/2018\/11\/dankeschoen.jpg 778w\" sizes=\"auto, (max-width: 300px) 100vw, 300px\" \/><\/a><\/p>\n<p>&nbsp;<\/p>\n","protected":false},"excerpt":{"rendered":"<p>Herzensangelegenheit Rosys Kids Corner Zitat Homepage: https:\/\/www.adler-mannheim.de\/aktuelles\/herzensangelegenheit-rosys-kids-corner\/ &#8220;Auch wenn in den vergangenen Monaten vieles anders war als wir es gewohnt sind, und auch wenn das &#8220;Spiel der leuchtenden Herzen&#8221; aus bekannten Gr\u00fcnden bislang nicht stattfinden konnte, wollten es sich die Adler Mannheim und der gemeinn\u00fctzige Verein &#8220;Adler helfen Menschen e.V.&#8221; nicht nehmen lassen, Rosys Kids &hellip; <a href=\"https:\/\/www.rosyskidscorner.de\/?page_id=7447\" class=\"more-link\">Continue reading <span class=\"screen-reader-text\">AKTUELL: 24.01.21 \u2013 Spenden\u00fcbergabe durch &#8220;Adler helfen Menschen e.V.&#8221; \u00fcber EUR 24.000!<\/span> <span class=\"meta-nav\">&rarr;<\/span><\/a><\/p>\n","protected":false},"author":1,"featured_media":0,"parent":0,"menu_order":0,"comment_status":"closed","ping_status":"closed","template":"","meta":{"footnotes":""},"class_list":["post-7447","page","type-page","status-publish","hentry"],"_links":{"self":[{"href":"https:\/\/www.rosyskidscorner.de\/index.php?rest_route=\/wp\/v2\/pages\/7447","targetHints":{"allow":["GET"]}}],"collection":[{"href":"https:\/\/www.rosyskidscorner.de\/index.php?rest_route=\/wp\/v2\/pages"}],"about":[{"href":"https:\/\/www.rosyskidscorner.de\/index.php?rest_route=\/wp\/v2\/types\/page"}],"author":[{"embeddable":true,"href":"https:\/\/www.rosyskidscorner.de\/index.php?rest_route=\/wp\/v2\/users\/1"}],"replies":[{"embeddable":true,"href":"https:\/\/www.rosyskidscorner.de\/index.php?rest_route=%2Fwp%2Fv2%2Fcomments&post=7447"}],"version-history":[{"count":3,"href":"https:\/\/www.rosyskidscorner.de\/index.php?rest_route=\/wp\/v2\/pages\/7447\/revisions"}],"predecessor-version":[{"id":7459,"href":"https:\/\/www.rosyskidscorner.de\/index.php?rest_route=\/wp\/v2\/pages\/7447\/revisions\/7459"}],"wp:attachment":[{"href":"https:\/\/www.rosyskidscorner.de\/index.php?rest_route=%2Fwp%2Fv2%2Fmedia&parent=7447"}],"curies":[{"name":"wp","href":"https:\/\/api.w.org\/{rel}","templated":true}]}}