{"id":7489,"date":"2021-05-18T14:41:37","date_gmt":"2021-05-18T12:41:37","guid":{"rendered":"https:\/\/www.rosyskidscorner.de\/?page_id=7489"},"modified":"2021-05-18T14:45:58","modified_gmt":"2021-05-18T12:45:58","slug":"spendendosen","status":"publish","type":"page","link":"https:\/\/www.rosyskidscorner.de\/?page_id=7489","title":{"rendered":"Spendendosen"},"content":{"rendered":"<h5 style=\"text-align: center;\">Helfen kann soooooooooo einfach sein!<\/h5>\n<h5 style=\"text-align: center;\">Werden Sie Spendendosenpate und helfen Sie krebskranken Kindern! \ud83d\ude42<\/h5>\n<h5 style=\"text-align: center;\"><a href=\"https:\/\/www.rosyskidscorner.de\/wp-content\/uploads\/2021\/05\/spendendosen-muenzen.jpg\"><img loading=\"lazy\" decoding=\"async\" class=\"alignnone wp-image-610\" src=\"https:\/\/www.rosyskidscorner.de\/wp-content\/uploads\/2021\/05\/spendendosen-muenzen.jpg\" alt=\"\" width=\"125\" height=\"118\" \/><\/a>\u00a0Kleine M\u00fcnzen f\u00fcr kleine Menschen\u00a0<a href=\"https:\/\/www.rosyskidscorner.de\/wp-content\/uploads\/2021\/05\/mannheimhilft1.jpg\"><img loading=\"lazy\" decoding=\"async\" class=\"alignnone wp-image-381\" src=\"https:\/\/www.rosyskidscorner.de\/wp-content\/uploads\/2021\/05\/mannheimhilft1.jpg\" alt=\"\" width=\"184\" height=\"69\" \/><\/a><\/h5>\n<h6>Informationen rund um unsere Spendendosen<\/h6>\n<p>Wenn Sie unsere Arbeit f\u00fcr krebskranke Kinder unterst\u00fctzen m\u00f6chten, werden Sie doch einfach Spendendosenpate und sammeln Sie Spenden von Ihren G\u00e4sten, Besuchern, Kunden bzw. Patienten! \ud83d\ude42<\/p>\n<h6>M\u00f6gliche Aufstellorte<\/h6>\n<p>Die Spendendosen brauchen einen festen Standort, an dem sie sicher und im besten Fall langfristig stehen k\u00f6nnen (unter Umst\u00e4nden auch angekettet). Sehr gerne k\u00f6nnen Sie auch einen kleinen Infost\u00e4nder mit Flyern \u00fcber unseren Verein dazu aufstellen.<\/p>\n<h6>Leerung der Spendendosen<\/h6>\n<p>Wir bringen Ihnen pers\u00f6nlich eine nummerierte und bei uns registrierte Spendendose, die in regelm\u00e4\u00dfigen Abst\u00e4nden geleert wird; sollte eine Dose vorher zu schwer werden \ud83d\ude42 , so finden Sie auf der Sammeldose unsere <a href=\"https:\/\/www.rosyskidscorner.de\/?page_id=12\">Kontaktdaten<\/a>. Wir kommen dann bei Ihnen vorbei, um die Spende in Empfang zu nehmen. Unsere Spendendose ist 14 cm hoch und hat einen Durchmesser von 8 cm.<\/p>\n<h6>Bekomme ich eine Spendenquittung?<\/h6>\n<p>Bei Sammlungen mit Spendendosen stammt das Geld von verschiedenen Spendern\/Spenderinnen. Deshalb k\u00f6nnen wir daf\u00fcr leider keine Spendenquittung ausstellen. Gerne senden wir Ihnen aber zu jeder bei uns abgegebenen Spende ein Best\u00e4tigungsschreiben, so dass Sie Ihren Kunden transparent mitteilen k\u00f6nnen, wieviel mit Ihrer Unterst\u00fctzung schon gesammelt wurde.<\/p>\n<h6>Diebstahl oder Verlust<\/h6>\n<p>Unsere Spendendosen sind verplombt und auf Wunsch auch per Kette befestigt. Vor Diebstahl sch\u00fctzt dieses leider aber nicht. Bitte setzen Sie sich im Fall eines Diebstahls umgehend mit uns in Verbindung!<\/p>\n","protected":false},"excerpt":{"rendered":"<p>Helfen kann soooooooooo einfach sein! Werden Sie Spendendosenpate und helfen Sie krebskranken Kindern! \ud83d\ude42 \u00a0Kleine M\u00fcnzen f\u00fcr kleine Menschen\u00a0 Informationen rund um unsere Spendendosen Wenn Sie unsere Arbeit f\u00fcr krebskranke Kinder unterst\u00fctzen m\u00f6chten, werden Sie doch einfach Spendendosenpate und sammeln Sie Spenden von Ihren G\u00e4sten, Besuchern, Kunden bzw. Patienten! \ud83d\ude42 M\u00f6gliche Aufstellorte Die Spendendosen brauchen &hellip; <a href=\"https:\/\/www.rosyskidscorner.de\/?page_id=7489\" class=\"more-link\">Continue reading <span class=\"screen-reader-text\">Spendendosen<\/span> <span class=\"meta-nav\">&rarr;<\/span><\/a><\/p>\n","protected":false},"author":1,"featured_media":0,"parent":0,"menu_order":0,"comment_status":"closed","ping_status":"closed","template":"","meta":{"footnotes":""},"class_list":["post-7489","page","type-page","status-publish","hentry"],"_links":{"self":[{"href":"https:\/\/www.rosyskidscorner.de\/index.php?rest_route=\/wp\/v2\/pages\/7489","targetHints":{"allow":["GET"]}}],"collection":[{"href":"https:\/\/www.rosyskidscorner.de\/index.php?rest_route=\/wp\/v2\/pages"}],"about":[{"href":"https:\/\/www.rosyskidscorner.de\/index.php?rest_route=\/wp\/v2\/types\/page"}],"author":[{"embeddable":true,"href":"https:\/\/www.rosyskidscorner.de\/index.php?rest_route=\/wp\/v2\/users\/1"}],"replies":[{"embeddable":true,"href":"https:\/\/www.rosyskidscorner.de\/index.php?rest_route=%2Fwp%2Fv2%2Fcomments&post=7489"}],"version-history":[{"count":5,"href":"https:\/\/www.rosyskidscorner.de\/index.php?rest_route=\/wp\/v2\/pages\/7489\/revisions"}],"predecessor-version":[{"id":7501,"href":"https:\/\/www.rosyskidscorner.de\/index.php?rest_route=\/wp\/v2\/pages\/7489\/revisions\/7501"}],"wp:attachment":[{"href":"https:\/\/www.rosyskidscorner.de\/index.php?rest_route=%2Fwp%2Fv2%2Fmedia&parent=7489"}],"curies":[{"name":"wp","href":"https:\/\/api.w.org\/{rel}","templated":true}]}}