{"id":7496,"date":"2021-05-18T14:42:55","date_gmt":"2021-05-18T12:42:55","guid":{"rendered":"https:\/\/www.rosyskidscorner.de\/?page_id=7496"},"modified":"2021-05-18T14:42:55","modified_gmt":"2021-05-18T12:42:55","slug":"aktuell-23-02-21-unterstutzen-sie-uns-durch-ihren-einkauf-bei-amazon-smile","status":"publish","type":"page","link":"https:\/\/www.rosyskidscorner.de\/?page_id=7496","title":{"rendered":"AKTUELL: 23.02.21 \u2013 Unterst\u00fctzen Sie uns durch Ihren Einkauf bei Amazon Smile!"},"content":{"rendered":"<h5>Sie k\u00f6nnen uns ab sofort auch \u00fcber das Amazon Smile Programm unterst\u00fctzen! Hierbei werden 0,5% des Kaufpreises von qualifzierten K\u00e4ufen von Amazon an unseren Verein gespendet.<\/h5>\n<p><strong>Es geht ganz einfach:<\/strong><\/p>\n<ol>\n<li><strong>Rufen Sie folgenden Link auf und legen Sie unseren Verein als zu unterst\u00fctzende Organisation fest: <a href=\"https:\/\/smile.amazon.de\/ch\/37-006-18138\" target=\"_blank\" rel=\"noopener\">https:\/\/smile.amazon.de\/ch\/37-006-18138<\/a><\/strong><\/li>\n<li><strong>Starten Sie Ihren Amazon-Einkauf stets \u00fcber <a href=\"https:\/\/smile.amazon.de\" target=\"_blank\" rel=\"noopener\">https:\/\/smile.amazon.de<\/a> und kaufen Sie wie gewohnt ein.<\/strong><\/li>\n<\/ol>\n<p>Es entstehen Ihnen hierdurch keinerlei Zusatzkosten, Sie k\u00f6nnen gleichzeitig aber unserem Verein etwas Gutes tun \ud83d\ude42<\/p>\n<p><a href=\"https:\/\/www.rosyskidscorner.de\/wp-content\/uploads\/2018\/11\/dankeschoen.jpg\"><img loading=\"lazy\" decoding=\"async\" class=\"alignnone wp-image-5544 size-medium\" src=\"https:\/\/www.rosyskidscorner.de\/wp-content\/uploads\/2018\/11\/dankeschoen-300x300.jpg\" alt=\"\" width=\"300\" height=\"300\" srcset=\"https:\/\/www.rosyskidscorner.de\/wp-content\/uploads\/2018\/11\/dankeschoen-300x300.jpg 300w, https:\/\/www.rosyskidscorner.de\/wp-content\/uploads\/2018\/11\/dankeschoen-150x150.jpg 150w, https:\/\/www.rosyskidscorner.de\/wp-content\/uploads\/2018\/11\/dankeschoen-768x765.jpg 768w, https:\/\/www.rosyskidscorner.de\/wp-content\/uploads\/2018\/11\/dankeschoen.jpg 778w\" sizes=\"auto, (max-width: 300px) 100vw, 300px\" \/><\/a><\/p>\n","protected":false},"excerpt":{"rendered":"<p>Sie k\u00f6nnen uns ab sofort auch \u00fcber das Amazon Smile Programm unterst\u00fctzen! Hierbei werden 0,5% des Kaufpreises von qualifzierten K\u00e4ufen von Amazon an unseren Verein gespendet. Es geht ganz einfach: Rufen Sie folgenden Link auf und legen Sie unseren Verein als zu unterst\u00fctzende Organisation fest: https:\/\/smile.amazon.de\/ch\/37-006-18138 Starten Sie Ihren Amazon-Einkauf stets \u00fcber https:\/\/smile.amazon.de und kaufen &hellip; <a href=\"https:\/\/www.rosyskidscorner.de\/?page_id=7496\" class=\"more-link\">Continue reading <span class=\"screen-reader-text\">AKTUELL: 23.02.21 \u2013 Unterst\u00fctzen Sie uns durch Ihren Einkauf bei Amazon Smile!<\/span> <span class=\"meta-nav\">&rarr;<\/span><\/a><\/p>\n","protected":false},"author":1,"featured_media":0,"parent":0,"menu_order":0,"comment_status":"closed","ping_status":"closed","template":"","meta":{"footnotes":""},"class_list":["post-7496","page","type-page","status-publish","hentry"],"_links":{"self":[{"href":"https:\/\/www.rosyskidscorner.de\/index.php?rest_route=\/wp\/v2\/pages\/7496","targetHints":{"allow":["GET"]}}],"collection":[{"href":"https:\/\/www.rosyskidscorner.de\/index.php?rest_route=\/wp\/v2\/pages"}],"about":[{"href":"https:\/\/www.rosyskidscorner.de\/index.php?rest_route=\/wp\/v2\/types\/page"}],"author":[{"embeddable":true,"href":"https:\/\/www.rosyskidscorner.de\/index.php?rest_route=\/wp\/v2\/users\/1"}],"replies":[{"embeddable":true,"href":"https:\/\/www.rosyskidscorner.de\/index.php?rest_route=%2Fwp%2Fv2%2Fcomments&post=7496"}],"version-history":[{"count":1,"href":"https:\/\/www.rosyskidscorner.de\/index.php?rest_route=\/wp\/v2\/pages\/7496\/revisions"}],"predecessor-version":[{"id":7497,"href":"https:\/\/www.rosyskidscorner.de\/index.php?rest_route=\/wp\/v2\/pages\/7496\/revisions\/7497"}],"wp:attachment":[{"href":"https:\/\/www.rosyskidscorner.de\/index.php?rest_route=%2Fwp%2Fv2%2Fmedia&parent=7496"}],"curies":[{"name":"wp","href":"https:\/\/api.w.org\/{rel}","templated":true}]}}