{"id":7510,"date":"2021-09-01T09:04:42","date_gmt":"2021-09-01T07:04:42","guid":{"rendered":"https:\/\/www.rosyskidscorner.de\/?page_id=7510"},"modified":"2021-09-01T09:04:42","modified_gmt":"2021-09-01T07:04:42","slug":"aktuell-01-09-21-inter-spendet-an-rosys-kids-corner","status":"publish","type":"page","link":"https:\/\/www.rosyskidscorner.de\/?page_id=7510","title":{"rendered":"AKTUELL: 01.09.21 \u2013 INTER spendet an Rosys Kids Corner"},"content":{"rendered":"<h4>Wir bedanken uns ganz herzlich bei der <a href=\"https:\/\/www.inter.de\/\" target=\"_blank\" rel=\"noopener\">INTER Versicherungsgruppe<\/a> f\u00fcr die Unterst\u00fctzung unseres Projekts Rosys Kids Corner!<\/h4>\n<p><a href=\"https:\/\/www.rosyskidscorner.de\/wp-content\/uploads\/2020\/10\/karen-kutschbach-rkc.jpg\"><img loading=\"lazy\" decoding=\"async\" class=\"alignnone wp-image-7425 size-medium\" src=\"https:\/\/www.rosyskidscorner.de\/wp-content\/uploads\/2020\/10\/karen-kutschbach-rkc-300x200.jpg\" alt=\"\" width=\"300\" height=\"200\" srcset=\"https:\/\/www.rosyskidscorner.de\/wp-content\/uploads\/2020\/10\/karen-kutschbach-rkc-300x200.jpg 300w, https:\/\/www.rosyskidscorner.de\/wp-content\/uploads\/2020\/10\/karen-kutschbach-rkc-1024x683.jpg 1024w, https:\/\/www.rosyskidscorner.de\/wp-content\/uploads\/2020\/10\/karen-kutschbach-rkc-768x512.jpg 768w, https:\/\/www.rosyskidscorner.de\/wp-content\/uploads\/2020\/10\/karen-kutschbach-rkc-1536x1024.jpg 1536w, https:\/\/www.rosyskidscorner.de\/wp-content\/uploads\/2020\/10\/karen-kutschbach-rkc.jpg 1600w\" sizes=\"auto, (max-width: 300px) 100vw, 300px\" \/><\/a><\/p>\n<h5>Den vollst\u00e4ndigen Artikel lesen Sie hier: <a href=\"https:\/\/www.inter.de\/spende-rosys-kids-corner\" target=\"_blank\" rel=\"noopener\">https:\/\/www.inter.de\/spende-rosys-kids-corner<\/a><\/h5>\n<p><a href=\"https:\/\/www.rosyskidscorner.de\/wp-content\/uploads\/2018\/11\/dankeschoen.jpg\"><img loading=\"lazy\" decoding=\"async\" class=\"alignnone wp-image-5544 size-medium\" src=\"https:\/\/www.rosyskidscorner.de\/wp-content\/uploads\/2018\/11\/dankeschoen-300x300.jpg\" alt=\"\" width=\"300\" height=\"300\" srcset=\"https:\/\/www.rosyskidscorner.de\/wp-content\/uploads\/2018\/11\/dankeschoen-300x300.jpg 300w, https:\/\/www.rosyskidscorner.de\/wp-content\/uploads\/2018\/11\/dankeschoen-150x150.jpg 150w, https:\/\/www.rosyskidscorner.de\/wp-content\/uploads\/2018\/11\/dankeschoen-768x765.jpg 768w, https:\/\/www.rosyskidscorner.de\/wp-content\/uploads\/2018\/11\/dankeschoen.jpg 778w\" sizes=\"auto, (max-width: 300px) 100vw, 300px\" \/><\/a><\/p>\n","protected":false},"excerpt":{"rendered":"<p>Wir bedanken uns ganz herzlich bei der INTER Versicherungsgruppe f\u00fcr die Unterst\u00fctzung unseres Projekts Rosys Kids Corner! Den vollst\u00e4ndigen Artikel lesen Sie hier: https:\/\/www.inter.de\/spende-rosys-kids-corner<\/p>\n","protected":false},"author":1,"featured_media":0,"parent":0,"menu_order":0,"comment_status":"closed","ping_status":"closed","template":"","meta":{"footnotes":""},"class_list":["post-7510","page","type-page","status-publish","hentry"],"_links":{"self":[{"href":"https:\/\/www.rosyskidscorner.de\/index.php?rest_route=\/wp\/v2\/pages\/7510","targetHints":{"allow":["GET"]}}],"collection":[{"href":"https:\/\/www.rosyskidscorner.de\/index.php?rest_route=\/wp\/v2\/pages"}],"about":[{"href":"https:\/\/www.rosyskidscorner.de\/index.php?rest_route=\/wp\/v2\/types\/page"}],"author":[{"embeddable":true,"href":"https:\/\/www.rosyskidscorner.de\/index.php?rest_route=\/wp\/v2\/users\/1"}],"replies":[{"embeddable":true,"href":"https:\/\/www.rosyskidscorner.de\/index.php?rest_route=%2Fwp%2Fv2%2Fcomments&post=7510"}],"version-history":[{"count":1,"href":"https:\/\/www.rosyskidscorner.de\/index.php?rest_route=\/wp\/v2\/pages\/7510\/revisions"}],"predecessor-version":[{"id":7511,"href":"https:\/\/www.rosyskidscorner.de\/index.php?rest_route=\/wp\/v2\/pages\/7510\/revisions\/7511"}],"wp:attachment":[{"href":"https:\/\/www.rosyskidscorner.de\/index.php?rest_route=%2Fwp%2Fv2%2Fmedia&parent=7510"}],"curies":[{"name":"wp","href":"https:\/\/api.w.org\/{rel}","templated":true}]}}