{"id":7953,"date":"2022-04-12T11:00:21","date_gmt":"2022-04-12T09:00:21","guid":{"rendered":"https:\/\/www.rosyskidscorner.de\/?page_id=7953"},"modified":"2022-04-12T11:00:21","modified_gmt":"2022-04-12T09:00:21","slug":"aktuell-18-01-2022-spendenubergabe-durch-adler-helfen-menschen-e-v-uber-eur-30-000","status":"publish","type":"page","link":"https:\/\/www.rosyskidscorner.de\/?page_id=7953","title":{"rendered":"AKTUELL: 18.01.2022 &#8211; Spenden\u00fcbergabe durch \u201cAdler helfen Menschen e.V.\u201d \u00fcber EUR 30.000!"},"content":{"rendered":"<p><em>Quelle: <\/em><a href=\"https:\/\/www.adler-mannheim.de\/archiv\/neue-seite\/neue-seite\/30-000-euro-fuer-rosys-kids-corner\/\" target=\"_blank\" rel=\"noopener\"><em>https:\/\/www.adler-mannheim.de\/archiv\/neue-seite\/neue-seite\/30-000-euro-fuer-rosys-kids-corner\/<\/em><\/a><\/p>\n<h3>30.000 Euro f\u00fcr Rosys Kids Corner<\/h3>\n<p><strong>Sie war ein gro\u00dfer Erfolg: Rund um Weihnachten 2021 riefen die Adler zur ersten Herzenswoche auf. Eine ganze Woche stand im Zeichen der Herzlichkeit, im Zeichen der N\u00e4chstenliebe und der Dankbarkeit. Allen Widrigkeiten zum Trotz wurden wieder S\u00fc\u00dfigkeiten und Geschenke gesammelt, wurde das \u201eSpiel der leuchtenden Herzen\u201c veranstaltet, wurden Spenden f\u00fcr den gemeinn\u00fctzigen Verein \u201eAdler helfen Menschen e.V.\u201c angenommen. Beim Heimspiel am Sonntag gegen Berlin konnte nun der Scheck an Rosys Kids Corner \u00fcbergeben werden.<\/strong><\/p>\n<p>Es ist inzwischen Tradition. Rund um das letzte Heimspiel vor Weihnachten, dem \u201eSpiel der leuchtenden Herzen\u201c, bieten die Adler blinkende Ansteckherzen gegen eine freiwillige Spende f\u00fcr den gemeinn\u00fctzigen Verein \u201eAdler helfen Menschen e.V.\u201c an. Auch in den vergangenen beiden Spielzeiten. Tradition ist es seit vielen Jahren auch, dass die Spenden an Rosys Kids Corner \u00fcbergeben werden, eine Initiative des fr\u00fcheren Adler-Torh\u00fcters Mike Rosati und den Verantwortlichen in Zusammenarbeit mit der Deutschen Leuk\u00e4mie-Forschungs-Hilfe\u2013Aktion f\u00fcr krebskranke Kinder\u2013 Ortsverband Mannheim e.V., die seit dem Jahr 2000 aktiv ist.<\/p>\n<p>\u201eWir freuen uns sehr \u00fcber diesen Scheck. Solche Spenden sind enorm wichtig, denn nur so lassen sich Dinge f\u00fcr die Kinder realisieren. Die aktuellen Umst\u00e4nde mit Corona machen uns das Leben ohnehin schwerer. Auch der Besuch in der Arena beim \u00b4Spiel der leuchtenden Herzen` war eine sch\u00f6ne Abwechslung\u201c, freut sich Karen Kutschbach, stellvertretende Vorsitzende der Deutschen Leuk\u00e4mie-Forschungs-Hilfe, \u00fcber die finanzielle Unterst\u00fctzung.<\/p>\n<p>\u201eWir sind wirklich stolz auf unsere Fanbasis, unsere Freunde, Partner und Sponsoren, die letztlich daf\u00fcr verantwortlich sind, dass wir einmal mehr eine unglaubliche Summe generieren und nun an eine unfassbar wichtige Stelle unserer Gesellschaft weitergeben konnten\u201c, ist Matthias Binder, 2. Vorsitzender von \u201eAdler helfen Menschen e.V.\u201c voller Dankbarkeit.<\/p>\n<p><a href=\"https:\/\/www.rosyskidscorner.de\/wp-content\/uploads\/2022\/04\/aktuell_20220412_danke-rkc-spiel-der-leuchtenden-herzen.jpg\"><img loading=\"lazy\" decoding=\"async\" class=\"alignnone wp-image-7954 size-large\" src=\"https:\/\/www.rosyskidscorner.de\/wp-content\/uploads\/2022\/04\/aktuell_20220412_danke-rkc-spiel-der-leuchtenden-herzen-1024x721.jpg\" alt=\"\" width=\"604\" height=\"425\" srcset=\"https:\/\/www.rosyskidscorner.de\/wp-content\/uploads\/2022\/04\/aktuell_20220412_danke-rkc-spiel-der-leuchtenden-herzen-1024x721.jpg 1024w, https:\/\/www.rosyskidscorner.de\/wp-content\/uploads\/2022\/04\/aktuell_20220412_danke-rkc-spiel-der-leuchtenden-herzen-300x211.jpg 300w, https:\/\/www.rosyskidscorner.de\/wp-content\/uploads\/2022\/04\/aktuell_20220412_danke-rkc-spiel-der-leuchtenden-herzen-768x541.jpg 768w, https:\/\/www.rosyskidscorner.de\/wp-content\/uploads\/2022\/04\/aktuell_20220412_danke-rkc-spiel-der-leuchtenden-herzen.jpg 1530w\" sizes=\"auto, (max-width: 604px) 100vw, 604px\" \/><\/a><br \/>\n<span style=\"font-size: small;\">Foto: \u00a9 Adler Mannheim \/ &#8220;Adler helfen Menschen e.V.&#8221;<br \/>\n<\/span><\/p>\n<h6>Das gesamte Team der DLFH Ortsverband Mannheim e.V. bedankt sich f\u00fcr das unerm\u00fcdliche Engagement der \u201cAdler helfen Menschen e.V.\u201c!<\/h6>\n<p><a href=\"https:\/\/www.rosyskidscorner.de\/wp-content\/uploads\/2018\/11\/dankeschoen.jpg\"><img loading=\"lazy\" decoding=\"async\" class=\"alignnone wp-image-5544 size-medium\" src=\"https:\/\/www.rosyskidscorner.de\/wp-content\/uploads\/2018\/11\/dankeschoen-300x300.jpg\" alt=\"\" width=\"300\" height=\"300\" srcset=\"https:\/\/www.rosyskidscorner.de\/wp-content\/uploads\/2018\/11\/dankeschoen-300x300.jpg 300w, https:\/\/www.rosyskidscorner.de\/wp-content\/uploads\/2018\/11\/dankeschoen-150x150.jpg 150w, https:\/\/www.rosyskidscorner.de\/wp-content\/uploads\/2018\/11\/dankeschoen-768x765.jpg 768w, https:\/\/www.rosyskidscorner.de\/wp-content\/uploads\/2018\/11\/dankeschoen.jpg 778w\" sizes=\"auto, (max-width: 300px) 100vw, 300px\" \/><\/a><\/p>\n","protected":false},"excerpt":{"rendered":"<p>Quelle: https:\/\/www.adler-mannheim.de\/archiv\/neue-seite\/neue-seite\/30-000-euro-fuer-rosys-kids-corner\/ 30.000 Euro f\u00fcr Rosys Kids Corner Sie war ein gro\u00dfer Erfolg: Rund um Weihnachten 2021 riefen die Adler zur ersten Herzenswoche auf. Eine ganze Woche stand im Zeichen der Herzlichkeit, im Zeichen der N\u00e4chstenliebe und der Dankbarkeit. Allen Widrigkeiten zum Trotz wurden wieder S\u00fc\u00dfigkeiten und Geschenke gesammelt, wurde das \u201eSpiel der leuchtenden Herzen\u201c &hellip; <a href=\"https:\/\/www.rosyskidscorner.de\/?page_id=7953\" class=\"more-link\">Continue reading <span class=\"screen-reader-text\">AKTUELL: 18.01.2022 &#8211; Spenden\u00fcbergabe durch \u201cAdler helfen Menschen e.V.\u201d \u00fcber EUR 30.000!<\/span> <span class=\"meta-nav\">&rarr;<\/span><\/a><\/p>\n","protected":false},"author":1,"featured_media":0,"parent":0,"menu_order":0,"comment_status":"closed","ping_status":"closed","template":"","meta":{"footnotes":""},"class_list":["post-7953","page","type-page","status-publish","hentry"],"_links":{"self":[{"href":"https:\/\/www.rosyskidscorner.de\/index.php?rest_route=\/wp\/v2\/pages\/7953","targetHints":{"allow":["GET"]}}],"collection":[{"href":"https:\/\/www.rosyskidscorner.de\/index.php?rest_route=\/wp\/v2\/pages"}],"about":[{"href":"https:\/\/www.rosyskidscorner.de\/index.php?rest_route=\/wp\/v2\/types\/page"}],"author":[{"embeddable":true,"href":"https:\/\/www.rosyskidscorner.de\/index.php?rest_route=\/wp\/v2\/users\/1"}],"replies":[{"embeddable":true,"href":"https:\/\/www.rosyskidscorner.de\/index.php?rest_route=%2Fwp%2Fv2%2Fcomments&post=7953"}],"version-history":[{"count":2,"href":"https:\/\/www.rosyskidscorner.de\/index.php?rest_route=\/wp\/v2\/pages\/7953\/revisions"}],"predecessor-version":[{"id":7956,"href":"https:\/\/www.rosyskidscorner.de\/index.php?rest_route=\/wp\/v2\/pages\/7953\/revisions\/7956"}],"wp:attachment":[{"href":"https:\/\/www.rosyskidscorner.de\/index.php?rest_route=%2Fwp%2Fv2%2Fmedia&parent=7953"}],"curies":[{"name":"wp","href":"https:\/\/api.w.org\/{rel}","templated":true}]}}