{"id":8,"date":"2015-02-05T09:14:59","date_gmt":"2015-02-05T08:14:59","guid":{"rendered":"http:\/\/new.rosyskidscorner.de\/?page_id=8"},"modified":"2026-01-17T16:59:12","modified_gmt":"2026-01-17T15:59:12","slug":"herzlich-willkommen","status":"publish","type":"page","link":"https:\/\/www.rosyskidscorner.de\/","title":{"rendered":"Herzlich Willkommen!"},"content":{"rendered":"<p><b><span style=\"color: red;\">Rosys <\/span><span class=\"Stil1 Stil3\">Kids <\/span><span style=\"color: blue;\">Corner<\/span> <\/b>ist eine Initiative von Mike Rosati und den Verantwortlichen der <a href=\"http:\/\/www.adler-mannheim.de\" target=\"_blank\" rel=\"noopener noreferrer\">Adler Mannheim<\/a> in Zusammenarbeit mit der <a href=\"http:\/\/www.krebskranke-kinder.de\" target=\"_blank\" rel=\"noopener noreferrer\">Deutschen Leuk\u00e4mie-Forschungs-Hilfe \u2013Aktion f\u00fcr krebskranke Kinder\u2013 Ortsverband Mannheim e.V.<\/a> und Karen Kutschbach. Wir sind seit dem <a title=\"Was ist RKC?\" href=\"https:\/\/www.rosyskidscorner.de\/?page_id=19\">Jahre 2000 aktiv<\/a>!<\/p>\n<table border=\"0\" width=\"60%\">\n<tbody>\n<tr>\n<td align=\"right\" width=\"30%\"><a href=\"https:\/\/www.rosyskidscorner.de\/wp-content\/uploads\/2015\/02\/3d_puck.jpg\"><img loading=\"lazy\" decoding=\"async\" class=\"alignnone size-full wp-image-69\" src=\"https:\/\/www.rosyskidscorner.de\/wp-content\/uploads\/2015\/02\/3d_puck.jpg\" alt=\"3d_puck\" width=\"221\" height=\"173\" \/><\/a><\/td>\n<td align=\"left\" width=\"70%\"><span style=\"color: #ff0000;\"><em class=\"mainpage-red\">&#8220;Die eigenen Probleme werden so winzig, wenn man sieht, mit welcher Energie und Freude selbst schwerkranke Kinder dem Leben entgegensehen.&#8221; (Zitat Mike Rosati)<\/em><\/span><\/td>\n<\/tr>\n<\/tbody>\n<\/table>\n<p><!-- Aktueller Hinweis BEGINN --><\/p>\n<table border=\"0\">\n<tbody>\n<tr>\n<td bgcolor=\"yellow\">\n<h4 style=\"text-align: center;\"><a href=\"https:\/\/www.rosyskidscorner.de\/?page_id=13517\" target=\"_blank\" rel=\"noopener\"><span style=\"color: #ff0000;\">+++ AKTUELL: 25 Jahre Rosys Kids Corner! Ausf\u00fchrlicher Bericht und Fotogalerie hier! +++<\/span><\/a><br \/>\n<a href=\"https:\/\/www.rosyskidscorner.de\/?page_id=13671\" target=\"_blank\" rel=\"noopener\">+++ 16.01.2026: Spenden\u00fcbergabe von &#8220;Adler helfen Menschen e.V.&#8221; \u00fcber EUR 35.000,00! +++<\/a><\/h4>\n<\/td>\n<\/tr>\n<\/tbody>\n<\/table>\n<p><!-- ENDE Aktueller Hinweis --><\/p>\n<p>Wir laden Sie herzlich ein, sich auf den folgenden Seiten \u00fcber unsere Initiative und unsere Arbeit zu informieren. Bei Fragen und Anregungen freuen wir uns jederzeit \u00fcber Ihre Nachricht. Alle Kontaktm\u00f6glichkeiten finden Sie <a title=\"Kontakt\" href=\"https:\/\/www.rosyskidscorner.de\/?page_id=12\">hier<\/a>.<\/p>\n<p><center><div style=\"width: 604px;\" class=\"wp-video\"><video class=\"wp-video-shortcode\" id=\"video-8-1\" width=\"604\" height=\"340\" preload=\"metadata\" controls=\"controls\"><source type=\"video\/mp4\" src=\"https:\/\/www.rosyskidscorner.de\/wp-content\/uploads\/2019\/04\/rkc-spot-2019.mp4?_=1\" \/><a href=\"https:\/\/www.rosyskidscorner.de\/wp-content\/uploads\/2019\/04\/rkc-spot-2019.mp4\">https:\/\/www.rosyskidscorner.de\/wp-content\/uploads\/2019\/04\/rkc-spot-2019.mp4<\/a><\/video><\/div><\/p>\n<p><a href=\"https:\/\/www.facebook.com\/rosyskidscorner\" target=\"_blank\" rel=\"noopener noreferrer\"><img loading=\"lazy\" decoding=\"async\" class=\" size-full wp-image-2291\" src=\"https:\/\/www.rosyskidscorner.de\/wp-content\/uploads\/2015\/02\/facebook.png\" alt=\"facebook\" width=\"50\" height=\"50\" \/><\/a><\/p>\n<p>&nbsp;<\/p>\n<p><\/center><\/p>\n","protected":false},"excerpt":{"rendered":"<p>Rosys Kids Corner ist eine Initiative von Mike Rosati und den Verantwortlichen der Adler Mannheim in Zusammenarbeit mit der Deutschen Leuk\u00e4mie-Forschungs-Hilfe \u2013Aktion f\u00fcr krebskranke Kinder\u2013 Ortsverband Mannheim e.V. und Karen Kutschbach. Wir sind seit dem Jahre 2000 aktiv! &#8220;Die eigenen Probleme werden so winzig, wenn man sieht, mit welcher Energie und Freude selbst schwerkranke Kinder &hellip; <a href=\"https:\/\/www.rosyskidscorner.de\/\" class=\"more-link\">Continue reading <span class=\"screen-reader-text\">Herzlich Willkommen!<\/span> <span class=\"meta-nav\">&rarr;<\/span><\/a><\/p>\n","protected":false},"author":1,"featured_media":0,"parent":0,"menu_order":0,"comment_status":"closed","ping_status":"closed","template":"","meta":{"footnotes":""},"class_list":["post-8","page","type-page","status-publish","hentry"],"_links":{"self":[{"href":"https:\/\/www.rosyskidscorner.de\/index.php?rest_route=\/wp\/v2\/pages\/8","targetHints":{"allow":["GET"]}}],"collection":[{"href":"https:\/\/www.rosyskidscorner.de\/index.php?rest_route=\/wp\/v2\/pages"}],"about":[{"href":"https:\/\/www.rosyskidscorner.de\/index.php?rest_route=\/wp\/v2\/types\/page"}],"author":[{"embeddable":true,"href":"https:\/\/www.rosyskidscorner.de\/index.php?rest_route=\/wp\/v2\/users\/1"}],"replies":[{"embeddable":true,"href":"https:\/\/www.rosyskidscorner.de\/index.php?rest_route=%2Fwp%2Fv2%2Fcomments&post=8"}],"version-history":[{"count":80,"href":"https:\/\/www.rosyskidscorner.de\/index.php?rest_route=\/wp\/v2\/pages\/8\/revisions"}],"predecessor-version":[{"id":13676,"href":"https:\/\/www.rosyskidscorner.de\/index.php?rest_route=\/wp\/v2\/pages\/8\/revisions\/13676"}],"wp:attachment":[{"href":"https:\/\/www.rosyskidscorner.de\/index.php?rest_route=%2Fwp%2Fv2%2Fmedia&parent=8"}],"curies":[{"name":"wp","href":"https:\/\/api.w.org\/{rel}","templated":true}]}}