{"id":8533,"date":"2023-01-08T17:27:26","date_gmt":"2023-01-08T16:27:26","guid":{"rendered":"https:\/\/www.rosyskidscorner.de\/?page_id=8533"},"modified":"2023-02-13T15:33:27","modified_gmt":"2023-02-13T14:33:27","slug":"aktuell-08-01-2023-spendenubergabe-durch-adler-helfen-menschen-e-v-uber-eur-25-000","status":"publish","type":"page","link":"https:\/\/www.rosyskidscorner.de\/?page_id=8533","title":{"rendered":"AKTUELL: 08.01.2023 \u2013 Spenden\u00fcbergabe durch \u201cAdler helfen Menschen e.V.\u201d \u00fcber EUR 25.000!"},"content":{"rendered":"<p><em>Quelle: <a href=\"https:\/\/www.adler-mannheim.de\/aktuelles\/scheckuebergabe-25-000-euro-fuer-rosys-kids-corner\/\" target=\"_blank\" rel=\"noopener\">https:\/\/www.adler-mannheim.de\/aktuelles\/scheckuebergabe-25-000-euro-fuer-rosys-kids-corner\/<\/a><\/em><\/p>\n<h3>Scheck\u00fcbergabe: 25.000 Euro f\u00fcr Rosys Kids Corner<\/h3>\n<p><strong>Es war mal wieder ein voller Erfolg, das \u201eSpiel der leuchtenden Herzen\u201c. Knapp 43.000 Euro kamen im letzten Heimspiel vor Heiligabend durch den Verkauf der blinkenden Ansteckherzen zusammen. Im Rahmen des Duells mit der D\u00fcsseldorfer EG wurde nun der Scheck an Rosys Kids Corner \u00fcbergeben.<\/strong><\/p>\n<p>Es ist inzwischen Tradition, dass die Adler das letzte Heimspiel vor Weihnachten zum \u201eSpiel der leuchtenden Herzen\u201c ausrufen, bei dem sie die kleinen, rot blinkenden Herzen gegen eine freiwillige Spende f\u00fcr den gemeinn\u00fctzigen Verein \u201eAdler helfen Menschen e.V.\u201c anbieten \u2013 ganz im Zeichen des guten Zwecks. Ebenfalls zu dieser sch\u00f6nen Tradition geh\u00f6rt, dass ein Gro\u00dfteil des Erl\u00f6ses als Spende an Rosys Kids Corner \u00fcbergeben wird, eine Initiative des fr\u00fcheren Adler-Torh\u00fcters Mike Rosati und den Verantwortlichen in Zusammenarbeit mit der Deutschen Leuk\u00e4mie-Forschungs-Hilfe\u2013Aktion f\u00fcr krebskranke Kinder\u2013 Ortsverband Mannheim e.V., die seit dem Jahr 2000 aktiv ist.<\/p>\n<p>\u201eDankbarkeit, Demut und Stolz ist das, was wir in solchen Momenten empfinden. Ohne unsere Fanbasis, ohne unsere Freunde, Partner und Sponsoren w\u00e4re es uns schlichtweg nicht m\u00f6glich, solch gro\u00dfe Summen zu generieren. In einer Welt, die von viel Leid und traurigen Schicksalsschl\u00e4gen geplagt ist, ist es unheimlich sch\u00f6n zu sehen, dass Menschlichkeit und N\u00e4chstenliebe keine Fremdw\u00f6rter sind, sondern vielerorts gelebt werden\u201c, freut sich Matthias Binder, 2. Vorsitzender des gemeinn\u00fctzigen Vereins \u201eAdler helfen Menschen e.V.\u201c.<\/p>\n<figure id=\"attachment_8552\" aria-describedby=\"caption-attachment-8552\" style=\"width: 604px\" class=\"wp-caption alignnone\"><a href=\"https:\/\/www.rosyskidscorner.de\/wp-content\/uploads\/2023\/02\/aktuell_20230108_spendenuebergabe_spiel-der-leuchtenden-herzen_final.jpg\"><img loading=\"lazy\" decoding=\"async\" class=\"wp-image-8552 size-large\" src=\"https:\/\/www.rosyskidscorner.de\/wp-content\/uploads\/2023\/02\/aktuell_20230108_spendenuebergabe_spiel-der-leuchtenden-herzen_final-1024x722.jpg\" alt=\"\" width=\"604\" height=\"426\" srcset=\"https:\/\/www.rosyskidscorner.de\/wp-content\/uploads\/2023\/02\/aktuell_20230108_spendenuebergabe_spiel-der-leuchtenden-herzen_final-1024x722.jpg 1024w, https:\/\/www.rosyskidscorner.de\/wp-content\/uploads\/2023\/02\/aktuell_20230108_spendenuebergabe_spiel-der-leuchtenden-herzen_final-300x212.jpg 300w, https:\/\/www.rosyskidscorner.de\/wp-content\/uploads\/2023\/02\/aktuell_20230108_spendenuebergabe_spiel-der-leuchtenden-herzen_final-768x542.jpg 768w, https:\/\/www.rosyskidscorner.de\/wp-content\/uploads\/2023\/02\/aktuell_20230108_spendenuebergabe_spiel-der-leuchtenden-herzen_final.jpg 1136w\" sizes=\"auto, (max-width: 604px) 100vw, 604px\" \/><\/a><figcaption id=\"caption-attachment-8552\" class=\"wp-caption-text\">Foto: \u00a9 Adler Mannheim \/ &#8220;Adler helfen Menschen e.V.&#8221;<\/figcaption><\/figure>\n<h6>Das gesamte Team der DLFH Ortsverband Mannheim e.V. bedankt sich f\u00fcr das unerm\u00fcdliche Engagement der \u201cAdler helfen Menschen e.V.\u201c!<\/h6>\n<p><a href=\"https:\/\/www.rosyskidscorner.de\/wp-content\/uploads\/2018\/11\/dankeschoen.jpg\"><img loading=\"lazy\" decoding=\"async\" class=\"alignnone wp-image-5544 size-medium\" src=\"https:\/\/www.rosyskidscorner.de\/wp-content\/uploads\/2018\/11\/dankeschoen-300x300.jpg\" alt=\"\" width=\"300\" height=\"300\" srcset=\"https:\/\/www.rosyskidscorner.de\/wp-content\/uploads\/2018\/11\/dankeschoen-300x300.jpg 300w, https:\/\/www.rosyskidscorner.de\/wp-content\/uploads\/2018\/11\/dankeschoen-150x150.jpg 150w, https:\/\/www.rosyskidscorner.de\/wp-content\/uploads\/2018\/11\/dankeschoen-768x765.jpg 768w, https:\/\/www.rosyskidscorner.de\/wp-content\/uploads\/2018\/11\/dankeschoen.jpg 778w\" sizes=\"auto, (max-width: 300px) 100vw, 300px\" \/><\/a><\/p>\n","protected":false},"excerpt":{"rendered":"<p>Quelle: https:\/\/www.adler-mannheim.de\/aktuelles\/scheckuebergabe-25-000-euro-fuer-rosys-kids-corner\/ Scheck\u00fcbergabe: 25.000 Euro f\u00fcr Rosys Kids Corner Es war mal wieder ein voller Erfolg, das \u201eSpiel der leuchtenden Herzen\u201c. Knapp 43.000 Euro kamen im letzten Heimspiel vor Heiligabend durch den Verkauf der blinkenden Ansteckherzen zusammen. Im Rahmen des Duells mit der D\u00fcsseldorfer EG wurde nun der Scheck an Rosys Kids Corner \u00fcbergeben. Es &hellip; <a href=\"https:\/\/www.rosyskidscorner.de\/?page_id=8533\" class=\"more-link\">Continue reading <span class=\"screen-reader-text\">AKTUELL: 08.01.2023 \u2013 Spenden\u00fcbergabe durch \u201cAdler helfen Menschen e.V.\u201d \u00fcber EUR 25.000!<\/span> <span class=\"meta-nav\">&rarr;<\/span><\/a><\/p>\n","protected":false},"author":1,"featured_media":0,"parent":0,"menu_order":0,"comment_status":"closed","ping_status":"closed","template":"","meta":{"footnotes":""},"class_list":["post-8533","page","type-page","status-publish","hentry"],"_links":{"self":[{"href":"https:\/\/www.rosyskidscorner.de\/index.php?rest_route=\/wp\/v2\/pages\/8533","targetHints":{"allow":["GET"]}}],"collection":[{"href":"https:\/\/www.rosyskidscorner.de\/index.php?rest_route=\/wp\/v2\/pages"}],"about":[{"href":"https:\/\/www.rosyskidscorner.de\/index.php?rest_route=\/wp\/v2\/types\/page"}],"author":[{"embeddable":true,"href":"https:\/\/www.rosyskidscorner.de\/index.php?rest_route=\/wp\/v2\/users\/1"}],"replies":[{"embeddable":true,"href":"https:\/\/www.rosyskidscorner.de\/index.php?rest_route=%2Fwp%2Fv2%2Fcomments&post=8533"}],"version-history":[{"count":6,"href":"https:\/\/www.rosyskidscorner.de\/index.php?rest_route=\/wp\/v2\/pages\/8533\/revisions"}],"predecessor-version":[{"id":8554,"href":"https:\/\/www.rosyskidscorner.de\/index.php?rest_route=\/wp\/v2\/pages\/8533\/revisions\/8554"}],"wp:attachment":[{"href":"https:\/\/www.rosyskidscorner.de\/index.php?rest_route=%2Fwp%2Fv2%2Fmedia&parent=8533"}],"curies":[{"name":"wp","href":"https:\/\/api.w.org\/{rel}","templated":true}]}}